{"id":322,"date":"2024-05-28T11:59:58","date_gmt":"2024-05-28T11:59:58","guid":{"rendered":"https:\/\/picsium.io\/?page_id=322"},"modified":"2024-05-28T12:02:34","modified_gmt":"2024-05-28T12:02:34","slug":"privacy-policy","status":"publish","type":"page","link":"https:\/\/picsium.io\/it\/privacy-policy\/","title":{"rendered":"INFORMATIVA SULLA PRIVACY"},"content":{"rendered":"<h3 class=\"wp-block-heading\">IL NOSTRO IMPEGNO PER LA PRIVACY<\/h3>\n\n\n\n<p>Per Picsium la tutela della vostra privacy \u00e8 fondamentale. La presente informativa illustra le nostre pratiche informative online e vi consente di prendere decisioni informate sulla raccolta e l'utilizzo dei vostri dati.&nbsp;<\/p>\n\n\n\n<h3 class=\"wp-block-heading\">RACCOLTA DI INFORMAZIONI<\/h3>\n\n\n\n<p>Raccogliamo o otteniamo i vostri dati quando \u00e8 necessario o per motivi legali legittimi. Questi dati possono essere raccolti direttamente o indirettamente attraverso il nostro sito web. L'utente pu\u00f2 inoltrare richieste di servizi o ricevere materiale su pagine specifiche, dove raccogliamo vari dati personali, tra cui, a titolo esemplificativo e non esaustivo:<\/p>\n\n\n\n<ul class=\"custom-list wp-block-list\">\n<li>Nome<\/li>\n\n\n\n<li>Indirizzo<\/li>\n\n\n\n<li>Indirizzo e-mail<\/li>\n\n\n\n<li>Numero di telefono<\/li>\n<\/ul>\n\n\n\n<p>Se fornite dati personali appartenenti a un'altra persona o a terzi (ad esempio, i dati della vostra azienda), \u00e8 vostra responsabilit\u00e0 assicurarvi che questi siano informati dei dettagli delineati nella presente Informativa sulla privacy e che abbiano fornito il loro consenso alla condivisione dei dati con noi.<\/p>\n\n\n\n<p>Sebbene il conferimento di informazioni sia volontario, la legge pu\u00f2 richiedere l'indicazione di particolari dettagli. La mancata comunicazione di informazioni specifiche pu\u00f2 ostacolare la nostra capacit\u00e0 di adempiere ad alcuni o a tutti gli scopi descritti nella presente Informativa sulla privacy e pu\u00f2 limitare l'accesso a particolari strumenti e sistemi che si basano su tali dati.<\/p>\n\n\n\n<h3 class=\"wp-block-heading\">IL NOSTRO UTILIZZO DEI DATI PERSONALI<\/h3>\n\n\n\n<p>Quando si effettua un ordine, le informazioni fornite vengono utilizzate esclusivamente per soddisfare la richiesta specifica. Gli indirizzi e-mail che ci vengono inviati sono utilizzati per rispondere alle richieste e non vengono condivisi con terzi o utilizzati per altri scopi.<\/p>\n\n\n\n<p>Se decidete di registrarvi sul nostro sito web, potrete ricevere la nostra newsletter e gli aggiornamenti sui nostri ultimi prodotti e servizi. Tuttavia, vi invieremo queste informazioni solo se avrete compilato il relativo modulo di registrazione.<\/p>\n\n\n\n<p>Analizziamo i dati non identificativi e aggregati per migliorare il design del nostro sito web. Tuttavia, non divulghiamo alcuna informazione che possa identificare le persone.<\/p>\n\n\n\n<p>Se decidete di cancellare il vostro ordine, conserveremo una copia dei vostri dati su un server di archivio per 3 anni. Dopo questo periodo, tutti i dati associati saranno eliminati in modo permanente.<\/p>\n\n\n\n<p>Non utilizziamo o distribuiamo mai le informazioni di identificazione personale forniteci online per scopi non correlati a quelli sopra menzionati senza il vostro esplicito consenso. Inoltre, vi offriamo la possibilit\u00e0 di rifiutare o impedire tali usi non correlati. Tuttavia, si prega di notare che l'opposizione a fornire il consenso all'elaborazione o all'utilizzo dei vostri dati potrebbe compromettere la nostra capacit\u00e0 di adempiere ai nostri doveri o di fornire determinati servizi.<\/p>\n\n\n\n<h3 class=\"wp-block-heading\">DIVULGAZIONE DEI DATI PERSONALI<\/h3>\n\n\n\n<p>Non condividiamo, divulghiamo o trasferiamo i vostri dati personali per scopi diversi da quelli delineati nella presente Informativa sulla privacy senza il vostro consenso, a meno che tale divulgazione non sia richiesta dalla legge. Tuttavia, possiamo divulgare i vostri dati personali a terzi per facilitare l'uso o l'accesso al sito web, per supportare la nostra attivit\u00e0 o per altri scopi indicati nella presente Informativa sulla privacy.<\/p>\n\n\n\n<p>Queste terze parti possono essere situate all'interno o all'esterno dell'Unione Europea e comprendono le nostre filiali, affiliate e fornitori di servizi. Ci assicuriamo che queste parti siano contrattualmente obbligate a mantenere la riservatezza e la sicurezza dei vostri Dati personali e a utilizzarli solo per gli scopi specificati.<\/p>\n\n\n\n<p>L'accettazione e l'utilizzo di fornitori di servizi terzi sono soggetti ai termini e alle condizioni concordati tra l'utente e i fornitori di servizi. Eventuali domande o reclami relativi all'accettazione o all'utilizzo di tali servizi da parte dell'utente devono essere indirizzati alla terza parte interessata.<\/p>\n\n\n\n<p>Se i vostri dati devono essere trasferiti all'estero alle nostre affiliate o a terzi, implementiamo misure di protezione adeguate per condividere o trasferire i vostri dati in modo sicuro.<\/p>\n\n\n\n<p>Inoltre, potremmo divulgare o trasferire i vostri Dati personali come richiesto da leggi e regolamenti, come ad esempio richieste per indagini, controversie o procedimenti giudiziari. In questi casi, i vostri Dati possono essere divulgati alle autorit\u00e0 governative, alle autorit\u00e0 di regolamentazione o ad altre agenzie competenti, come previsto dalla legge.<\/p>\n\n\n\n<h3 class=\"wp-block-heading\">LA NOSTRA POLITICA DI CONSERVAZIONE<\/h3>\n\n\n\n<p>Conserveremo i dati dell'utente solo per la durata necessaria a soddisfare le finalit\u00e0 descritte nella sezione precedente. Tuttavia, possiamo conservare i vostri dati per un periodo ritenuto appropriato e necessario, come specificato dalla legge sulla protezione dei dati personali (PDPA).<\/p>\n\n\n\n<h3 class=\"wp-block-heading\">IMPEGNO PER LA SICUREZZA DEI DATI\u00a0<\/h3>\n\n\n\n<p>Per impedire l'accesso non autorizzato, mantenere l'accuratezza dei dati e garantire l'uso corretto delle informazioni, abbiamo implementato procedure fisiche, elettroniche e gestionali adeguate per salvaguardare e proteggere le informazioni raccolte online.<\/p>\n\n\n\n<h3 class=\"wp-block-heading\">ACCEDERE, CORREGGERE O CANCELLARE LE PROPRIE INFORMAZIONI<\/h3>\n\n\n\n<p>L'utente ha il diritto di accedere o ottenere una copia delle sue informazioni di identificazione personale raccolte e conservate da noi. Inoltre, potete richiedere la divulgazione della fonte dei vostri dati raccolti senza il vostro consenso.<\/p>\n\n\n\n<p>Se desiderate limitare l'uso dei vostri dati personali o opporvi alla loro raccolta, uso e divulgazione, inviateci un'e-mail all'indirizzo <a href=\"mailto:info@picsium.io\">info@picsium.io<\/a>.<\/p>\n\n\n\n<p>\u00c8 possibile aggiornare, completare o correggere errori di fatto nelle proprie informazioni di identificazione personale presentando una richiesta che dimostri in modo credibile gli errori.<\/p>\n\n\n\n<p>Per richiedere la cancellazione delle informazioni in possesso di Picsium, contattateci.<\/p>\n\n\n\n<p>Per proteggere la privacy e la sicurezza dell'utente, adotteremo misure ragionevoli per verificare la sua identit\u00e0 prima di concedere l'accesso o di effettuare correzioni.<\/p>\n\n\n\n<p>L'esercizio dei diritti di cui sopra \u00e8 soggetto a condizioni ed eccezioni previste dalle leggi vigenti. In alcune circostanze, la vostra richiesta potrebbe essere rifiutata in presenza di limitazioni.<\/p>\n\n\n\n<p>Per qualsiasi richiesta di informazioni, contattateci all'indirizzo <a href=\"mailto:info@picsium.io\">info@picsium.io<\/a>.<\/p>\n\n\n\n<h3 class=\"wp-block-heading\">COCCOLE<\/h3>\n\n\n\n<p>Durante la navigazione su picsium.io, sul computer, sul dispositivo mobile o sul tablet dell'utente verranno installati dei cookie pubblicitari per comprendere i suoi interessi. Questi cookie non consentono di identificare personalmente l'utente, ma vengono utilizzati per migliorare le funzionalit\u00e0 del sito web e offrire un'esperienza migliore. Utilizziamo pubblicit\u00e0 di retargeting su altri siti in base alle vostre interazioni con picsium.io. Queste tecniche non raccolgono informazioni personali come nome, indirizzo e-mail, indirizzo postale o numero di telefono.&nbsp;<\/p>\n\n\n\n<h3 class=\"wp-block-heading\">REGOLAMENTO GENERALE SULLA PROTEZIONE DEI DATI<\/h3>\n\n\n\n<p>Picsium gestisce i dati personali in qualit\u00e0 di responsabile del trattamento dei dati ai sensi del Regolamento generale sulla protezione dei dati (GDPR). I dati personali sono conservati in modo sicuro in strutture di hosting conformi al GDPR e ad altre leggi sulla privacy.<\/p>\n\n\n\n<p>Per i dati personali ricevuti dallo Spazio Economico Europeo (SEE), Picsium ha certificato la conformit\u00e0 al GDPR per quanto riguarda la raccolta, l'uso e la conservazione dei dati personali provenienti dai paesi dell'UE.<\/p>\n\n\n\n<p>Se desiderate ottenere una copia dei vostri dati o richiederne la cancellazione, contattateci qui. Vi assisteremo prontamente. Ci proponiamo di rimuovere o fornire i vostri dati entro 30 giorni lavorativi.<\/p>\n\n\n\n<h3 class=\"wp-block-heading\">MODIFICHE ALLA PRESENTE INFORMATIVA SULLA PRIVACY<\/h3>\n\n\n\n<p>Possiamo modificare o aggiornare periodicamente la presente Informativa sulla privacy per adeguarla alle nostre attivit\u00e0 e alle leggi e ai regolamenti applicabili. Talvolta, potremmo pubblicare ulteriori avvisi sulla privacy per informare l'utente su specifiche attivit\u00e0 di trattamento dei dati. Eventuali modifiche all'Informativa sulla privacy saranno comunicate sul nostro sito web.<\/p>\n\n\n\n<h3 class=\"wp-block-heading\">CONTATTO<\/h3>\n\n\n\n<p>In caso di domande o dubbi sulla nostra Informativa sulla privacy o sul trattamento dei vostri dati personali, non esitate a contattarci tramite:<\/p>\n\n\n\n<ul class=\"wp-block-list\">\n<li>E-mail: <a href=\"mailto:info@picsium.io\">info@picsium.io<\/a><\/li>\n\n\n\n<li>Telefono: <a href=\"tel: 420296183124\">+420296183124<\/a><\/li>\n\n\n\n<li>Sito web:<a href=\"https:\/\/picsium.io\/it\/\"> https:\/\/picsium.io\/<\/a><\/li>\n<\/ul>","protected":false},"excerpt":{"rendered":"<p>IL NOSTRO IMPEGNO PER LA PRIVACY In Picsium la tutela della vostra privacy \u00e8 fondamentale. La presente informativa illustra le nostre pratiche informative online e vi consente di prendere decisioni informate sulla raccolta e l'utilizzo dei vostri dati.  RACCOLTA DI INFORMAZIONI Raccogliamo o otteniamo i vostri dati quando \u00e8 necessario o per motivi legali legittimi. Tali dati possono essere raccolti direttamente o indirettamente attraverso i nostri [...]<\/p>","protected":false},"author":1,"featured_media":0,"parent":0,"menu_order":0,"comment_status":"closed","ping_status":"closed","template":"templates-pages\/policy.php","meta":{"_acf_changed":false,"inline_featured_image":false,"footnotes":""},"class_list":["post-322","page","type-page","status-publish","hentry"],"acf":[],"yoast_head":"<!-- This site is optimized with the Yoast SEO plugin v22.7 - https:\/\/yoast.com\/wordpress\/plugins\/seo\/ -->\n<title>PRIVACY POLICY - Welcome to Picsium - Your Partner in Digital Marketing Success<\/title>\n<meta name=\"robots\" content=\"index, follow, max-snippet:-1, max-image-preview:large, max-video-preview:-1\" \/>\n<link rel=\"canonical\" href=\"https:\/\/picsium.io\/it\/privacy-policy\/\" \/>\n<meta property=\"og:locale\" content=\"it_IT\" \/>\n<meta property=\"og:type\" content=\"article\" \/>\n<meta property=\"og:title\" content=\"PRIVACY POLICY - Welcome to Picsium - Your Partner in Digital Marketing Success\" \/>\n<meta property=\"og:description\" content=\"OUR PRIVACY COMMITMENT At Picsium, safeguarding your privacy is paramount. This notice outlines our online information practices and empowers you to make informed decisions about collecting and utilising your information.&nbsp; INFORMATION COLLECTION We collect or obtain your data when necessary or for legitimate legal reasons. This data may be gathered directly or indirectly through our [&hellip;]\" \/>\n<meta property=\"og:url\" content=\"https:\/\/picsium.io\/it\/privacy-policy\/\" \/>\n<meta property=\"og:site_name\" content=\"Welcome to Picsium - Your Partner in Digital Marketing Success\" \/>\n<meta property=\"article:modified_time\" content=\"2024-05-28T12:02:34+00:00\" \/>\n<meta property=\"og:image\" content=\"https:\/\/picsium.io\/wp-content\/uploads\/2024\/05\/1024-\u00d7-516.png\" \/>\n\t<meta property=\"og:image:width\" content=\"1024\" \/>\n\t<meta property=\"og:image:height\" content=\"512\" \/>\n\t<meta property=\"og:image:type\" content=\"image\/png\" \/>\n<meta name=\"twitter:card\" content=\"summary_large_image\" \/>\n<meta name=\"twitter:label1\" content=\"Tempo di lettura stimato\" \/>\n\t<meta name=\"twitter:data1\" content=\"5 minuti\" \/>\n<script type=\"application\/ld+json\" class=\"yoast-schema-graph\">{\"@context\":\"https:\/\/schema.org\",\"@graph\":[{\"@type\":\"WebPage\",\"@id\":\"https:\/\/picsium.io\/privacy-policy\/\",\"url\":\"https:\/\/picsium.io\/privacy-policy\/\",\"name\":\"PRIVACY POLICY - Welcome to Picsium - Your Partner in Digital Marketing Success\",\"isPartOf\":{\"@id\":\"https:\/\/picsium.io\/#website\"},\"datePublished\":\"2024-05-28T11:59:58+00:00\",\"dateModified\":\"2024-05-28T12:02:34+00:00\",\"breadcrumb\":{\"@id\":\"https:\/\/picsium.io\/privacy-policy\/#breadcrumb\"},\"inLanguage\":\"it-IT\",\"potentialAction\":[{\"@type\":\"ReadAction\",\"target\":[\"https:\/\/picsium.io\/privacy-policy\/\"]}]},{\"@type\":\"BreadcrumbList\",\"@id\":\"https:\/\/picsium.io\/privacy-policy\/#breadcrumb\",\"itemListElement\":[{\"@type\":\"ListItem\",\"position\":1,\"name\":\"Home\",\"item\":\"https:\/\/picsium.io\/\"},{\"@type\":\"ListItem\",\"position\":2,\"name\":\"PRIVACY POLICY\"}]},{\"@type\":\"WebSite\",\"@id\":\"https:\/\/picsium.io\/#website\",\"url\":\"https:\/\/picsium.io\/\",\"name\":\"Welcome to Picsium - Your Partner in Digital Marketing Success\",\"description\":\"\",\"publisher\":{\"@id\":\"https:\/\/picsium.io\/#organization\"},\"potentialAction\":[{\"@type\":\"SearchAction\",\"target\":{\"@type\":\"EntryPoint\",\"urlTemplate\":\"https:\/\/picsium.io\/?s={search_term_string}\"},\"query-input\":\"required name=search_term_string\"}],\"inLanguage\":\"it-IT\"},{\"@type\":\"Organization\",\"@id\":\"https:\/\/picsium.io\/#organization\",\"name\":\"Welcome to Picsium - Your Partner in Digital Marketing Success\",\"url\":\"https:\/\/picsium.io\/\",\"logo\":{\"@type\":\"ImageObject\",\"inLanguage\":\"it-IT\",\"@id\":\"https:\/\/picsium.io\/#\/schema\/logo\/image\/\",\"url\":\"https:\/\/picsium.io\/wp-content\/uploads\/2024\/05\/PICSIUM-logo-1.svg\",\"contentUrl\":\"https:\/\/picsium.io\/wp-content\/uploads\/2024\/05\/PICSIUM-logo-1.svg\",\"width\":119,\"height\":36,\"caption\":\"Welcome to Picsium - Your Partner in Digital Marketing Success\"},\"image\":{\"@id\":\"https:\/\/picsium.io\/#\/schema\/logo\/image\/\"}}]}<\/script>\n<!-- \/ Yoast SEO plugin. -->","yoast_head_json":{"title":"PRIVACY POLICY - Welcome to Picsium - Your Partner in Digital Marketing Success","robots":{"index":"index","follow":"follow","max-snippet":"max-snippet:-1","max-image-preview":"max-image-preview:large","max-video-preview":"max-video-preview:-1"},"canonical":"https:\/\/picsium.io\/it\/privacy-policy\/","og_locale":"it_IT","og_type":"article","og_title":"PRIVACY POLICY - Welcome to Picsium - Your Partner in Digital Marketing Success","og_description":"OUR PRIVACY COMMITMENT At Picsium, safeguarding your privacy is paramount. This notice outlines our online information practices and empowers you to make informed decisions about collecting and utilising your information.&nbsp; INFORMATION COLLECTION We collect or obtain your data when necessary or for legitimate legal reasons. This data may be gathered directly or indirectly through our [&hellip;]","og_url":"https:\/\/picsium.io\/it\/privacy-policy\/","og_site_name":"Welcome to Picsium - Your Partner in Digital Marketing Success","article_modified_time":"2024-05-28T12:02:34+00:00","og_image":[{"width":1024,"height":512,"url":"https:\/\/picsium.io\/wp-content\/uploads\/2024\/05\/1024-\u00d7-516.png","type":"image\/png"}],"twitter_card":"summary_large_image","twitter_misc":{"Tempo di lettura stimato":"5 minuti"},"schema":{"@context":"https:\/\/schema.org","@graph":[{"@type":"WebPage","@id":"https:\/\/picsium.io\/privacy-policy\/","url":"https:\/\/picsium.io\/privacy-policy\/","name":"PRIVACY POLICY - Welcome to Picsium - Your Partner in Digital Marketing Success","isPartOf":{"@id":"https:\/\/picsium.io\/#website"},"datePublished":"2024-05-28T11:59:58+00:00","dateModified":"2024-05-28T12:02:34+00:00","breadcrumb":{"@id":"https:\/\/picsium.io\/privacy-policy\/#breadcrumb"},"inLanguage":"it-IT","potentialAction":[{"@type":"ReadAction","target":["https:\/\/picsium.io\/privacy-policy\/"]}]},{"@type":"BreadcrumbList","@id":"https:\/\/picsium.io\/privacy-policy\/#breadcrumb","itemListElement":[{"@type":"ListItem","position":1,"name":"Home","item":"https:\/\/picsium.io\/"},{"@type":"ListItem","position":2,"name":"PRIVACY POLICY"}]},{"@type":"WebSite","@id":"https:\/\/picsium.io\/#website","url":"https:\/\/picsium.io\/","name":"Welcome to Picsium - Your Partner in Digital Marketing Success","description":"","publisher":{"@id":"https:\/\/picsium.io\/#organization"},"potentialAction":[{"@type":"SearchAction","target":{"@type":"EntryPoint","urlTemplate":"https:\/\/picsium.io\/?s={search_term_string}"},"query-input":"required name=search_term_string"}],"inLanguage":"it-IT"},{"@type":"Organization","@id":"https:\/\/picsium.io\/#organization","name":"Welcome to Picsium - Your Partner in Digital Marketing Success","url":"https:\/\/picsium.io\/","logo":{"@type":"ImageObject","inLanguage":"it-IT","@id":"https:\/\/picsium.io\/#\/schema\/logo\/image\/","url":"https:\/\/picsium.io\/wp-content\/uploads\/2024\/05\/PICSIUM-logo-1.svg","contentUrl":"https:\/\/picsium.io\/wp-content\/uploads\/2024\/05\/PICSIUM-logo-1.svg","width":119,"height":36,"caption":"Welcome to Picsium - Your Partner in Digital Marketing Success"},"image":{"@id":"https:\/\/picsium.io\/#\/schema\/logo\/image\/"}}]}},"_links":{"self":[{"href":"https:\/\/picsium.io\/it\/wp-json\/wp\/v2\/pages\/322","targetHints":{"allow":["GET"]}}],"collection":[{"href":"https:\/\/picsium.io\/it\/wp-json\/wp\/v2\/pages"}],"about":[{"href":"https:\/\/picsium.io\/it\/wp-json\/wp\/v2\/types\/page"}],"author":[{"embeddable":true,"href":"https:\/\/picsium.io\/it\/wp-json\/wp\/v2\/users\/1"}],"replies":[{"embeddable":true,"href":"https:\/\/picsium.io\/it\/wp-json\/wp\/v2\/comments?post=322"}],"version-history":[{"count":4,"href":"https:\/\/picsium.io\/it\/wp-json\/wp\/v2\/pages\/322\/revisions"}],"predecessor-version":[{"id":328,"href":"https:\/\/picsium.io\/it\/wp-json\/wp\/v2\/pages\/322\/revisions\/328"}],"wp:attachment":[{"href":"https:\/\/picsium.io\/it\/wp-json\/wp\/v2\/media?parent=322"}],"curies":[{"name":"wp","href":"https:\/\/api.w.org\/{rel}","templated":true}]}}