{"id":190,"date":"2024-05-23T09:34:55","date_gmt":"2024-05-23T09:34:55","guid":{"rendered":"https:\/\/picsium.io\/?post_type=product&#038;p=190"},"modified":"2024-05-23T09:35:09","modified_gmt":"2024-05-23T09:35:09","slug":"ultimate-mastery","status":"publish","type":"product","link":"https:\/\/picsium.io\/de\/produkt\/ultimate-mastery\/","title":{"rendered":"Ultimative Meisterschaft"},"content":{"rendered":"<p>Das Ultimate Mastery-Paket wurde f\u00fcr Unternehmen und Gro\u00dfunternehmen entwickelt und bietet unvergleichliches Marketing-Know-how, innovative Strategien und eine umfassende Palette von Dienstleistungen, die die Dominanz Ihrer Marke sicherstellen.<\/p>\n<ul>\n<li><strong>Alle Leistungen aus dem Market Dominator-Paket<\/strong><\/li>\n<li><strong>Vollst\u00e4ndige Strategie der digitalen Transformation:<\/strong> Erstellung eines umfassenden Plans f\u00fcr die digitale Transformation.<\/li>\n<li><strong>Technologie-Integration:<\/strong> Nahtlose Integration von fortschrittlichen Marketingtechnologien.<\/li>\n<li><strong>Kundenspezifische App-Entwicklung:<\/strong> Entwicklung einer markengesch\u00fctzten mobilen Anwendung.<\/li>\n<li><strong>Personalisierte Marketing-Kampagnen:<\/strong> Implementierung von fortschrittlichen Personalisierungstechniken \u00fcber alle Kan\u00e4le hinweg.<\/li>\n<li><strong>Multi-Channel-Analytik:<\/strong> Integration und Analyse von Daten aus allen Marketingkan\u00e4len.<\/li>\n<li><strong>Internationale SEO und SEM:<\/strong> Entwicklung von Strategien zur Beherrschung internationaler M\u00e4rkte.<\/li>\n<li><strong>Erweiterte Video-Marketing-Kampagnen:<\/strong> Produktion von hochwertigen Videos und Marketing.<\/li>\n<li><strong>VIP-Unterst\u00fctzung:<\/strong> Bereitstellung eines engagierten Kundenbetreuers und eines 24\/7-Supports.<\/li>\n<li><strong>J\u00e4hrlicher Strategie-Gipfel:<\/strong> Durchf\u00fchrung eines j\u00e4hrlichen pers\u00f6nlichen Strategiegipfels mit unseren Top-Experten.<\/li>\n<li><strong>Full-Service Veranstaltungsmarketing:<\/strong> Planung und Durchf\u00fchrung von gro\u00df angelegten Marketingveranstaltungen und Webinaren.<\/li>\n<li><strong>Marketing zur Produkteinf\u00fchrung:<\/strong> Erstellung eines umfassenden Marketings f\u00fcr Produkteinf\u00fchrungen.<\/li>\n<li><strong>Erweiterte CRM-Integration:<\/strong> Integration und Optimierung von Kundenbeziehungsmanagement-Tools.<\/li>\n<\/ul>","protected":false},"excerpt":{"rendered":"<p>Designed for enterprises and large-scale businesses, the Ultimate Mastery package offers unparalleled marketing expertise, cutting-edge strategies, and a full suite of services to ensure your brand&#8217;s dominance. All services from the Market Dominator package Full Digital Transformation Strategy: Creating a comprehensive plan for digital transformation. Technology Integration: Seamlessly integrating advanced marketing technologies. Custom App Development: [&hellip;]<\/p>","protected":false},"featured_media":0,"comment_status":"open","ping_status":"closed","template":"","meta":{"_acf_changed":false,"inline_featured_image":false},"product_cat":[18],"product_tag":[],"class_list":{"0":"post-190","1":"product","2":"type-product","3":"status-publish","5":"product_cat-business-solutions","7":"first","8":"instock","9":"virtual","10":"purchasable","11":"product-type-simple"},"acf":[],"yoast_head":"<!-- This site is optimized with the Yoast SEO plugin v22.7 - https:\/\/yoast.com\/wordpress\/plugins\/seo\/ -->\n<title>Ultimate Mastery - Welcome to Picsium - Your Partner in Digital Marketing Success<\/title>\n<meta name=\"robots\" content=\"index, follow, max-snippet:-1, max-image-preview:large, max-video-preview:-1\" \/>\n<link rel=\"canonical\" href=\"https:\/\/picsium.io\/de\/produkt\/ultimate-mastery\/\" \/>\n<meta property=\"og:locale\" content=\"de_DE\" \/>\n<meta property=\"og:type\" content=\"article\" \/>\n<meta property=\"og:title\" content=\"Ultimate Mastery - Welcome to Picsium - Your Partner in Digital Marketing Success\" \/>\n<meta property=\"og:description\" content=\"Designed for enterprises and large-scale businesses, the Ultimate Mastery package offers unparalleled marketing expertise, cutting-edge strategies, and a full suite of services to ensure your brand&#8217;s dominance. All services from the Market Dominator package Full Digital Transformation Strategy: Creating a comprehensive plan for digital transformation. Technology Integration: Seamlessly integrating advanced marketing technologies. Custom App Development: [&hellip;]\" \/>\n<meta property=\"og:url\" content=\"https:\/\/picsium.io\/de\/produkt\/ultimate-mastery\/\" \/>\n<meta property=\"og:site_name\" content=\"Welcome to Picsium - Your Partner in Digital Marketing Success\" \/>\n<meta property=\"article:modified_time\" content=\"2024-05-23T09:35:09+00:00\" \/>\n<meta property=\"og:image\" content=\"https:\/\/picsium.io\/wp-content\/uploads\/2024\/05\/1024-\u00d7-516.png\" \/>\n\t<meta property=\"og:image:width\" content=\"1024\" \/>\n\t<meta property=\"og:image:height\" content=\"512\" \/>\n\t<meta property=\"og:image:type\" content=\"image\/png\" \/>\n<meta name=\"twitter:card\" content=\"summary_large_image\" \/>\n<meta name=\"twitter:label1\" content=\"Gesch\u00e4tzte Lesezeit\" \/>\n\t<meta name=\"twitter:data1\" content=\"1\u00a0Minute\" \/>\n<script type=\"application\/ld+json\" class=\"yoast-schema-graph\">{\"@context\":\"https:\/\/schema.org\",\"@graph\":[{\"@type\":\"WebPage\",\"@id\":\"https:\/\/picsium.io\/product\/ultimate-mastery\/\",\"url\":\"https:\/\/picsium.io\/product\/ultimate-mastery\/\",\"name\":\"Ultimate Mastery - Welcome to Picsium - Your Partner in Digital Marketing Success\",\"isPartOf\":{\"@id\":\"https:\/\/picsium.io\/#website\"},\"datePublished\":\"2024-05-23T09:34:55+00:00\",\"dateModified\":\"2024-05-23T09:35:09+00:00\",\"breadcrumb\":{\"@id\":\"https:\/\/picsium.io\/product\/ultimate-mastery\/#breadcrumb\"},\"inLanguage\":\"de\",\"potentialAction\":[{\"@type\":\"ReadAction\",\"target\":[\"https:\/\/picsium.io\/product\/ultimate-mastery\/\"]}]},{\"@type\":\"BreadcrumbList\",\"@id\":\"https:\/\/picsium.io\/product\/ultimate-mastery\/#breadcrumb\",\"itemListElement\":[{\"@type\":\"ListItem\",\"position\":1,\"name\":\"Home\",\"item\":\"https:\/\/picsium.io\/\"},{\"@type\":\"ListItem\",\"position\":2,\"name\":\"Ultimate Mastery\"}]},{\"@type\":\"WebSite\",\"@id\":\"https:\/\/picsium.io\/#website\",\"url\":\"https:\/\/picsium.io\/\",\"name\":\"Welcome to Picsium - Your Partner in Digital Marketing Success\",\"description\":\"\",\"publisher\":{\"@id\":\"https:\/\/picsium.io\/#organization\"},\"potentialAction\":[{\"@type\":\"SearchAction\",\"target\":{\"@type\":\"EntryPoint\",\"urlTemplate\":\"https:\/\/picsium.io\/?s={search_term_string}\"},\"query-input\":\"required name=search_term_string\"}],\"inLanguage\":\"de\"},{\"@type\":\"Organization\",\"@id\":\"https:\/\/picsium.io\/#organization\",\"name\":\"Welcome to Picsium - Your Partner in Digital Marketing Success\",\"url\":\"https:\/\/picsium.io\/\",\"logo\":{\"@type\":\"ImageObject\",\"inLanguage\":\"de\",\"@id\":\"https:\/\/picsium.io\/#\/schema\/logo\/image\/\",\"url\":\"https:\/\/picsium.io\/wp-content\/uploads\/2024\/05\/PICSIUM-logo-1.svg\",\"contentUrl\":\"https:\/\/picsium.io\/wp-content\/uploads\/2024\/05\/PICSIUM-logo-1.svg\",\"width\":119,\"height\":36,\"caption\":\"Welcome to Picsium - Your Partner in Digital Marketing Success\"},\"image\":{\"@id\":\"https:\/\/picsium.io\/#\/schema\/logo\/image\/\"}}]}<\/script>\n<!-- \/ Yoast SEO plugin. -->","yoast_head_json":{"title":"Ultimate Mastery - Welcome to Picsium - Your Partner in Digital Marketing Success","robots":{"index":"index","follow":"follow","max-snippet":"max-snippet:-1","max-image-preview":"max-image-preview:large","max-video-preview":"max-video-preview:-1"},"canonical":"https:\/\/picsium.io\/de\/produkt\/ultimate-mastery\/","og_locale":"de_DE","og_type":"article","og_title":"Ultimate Mastery - Welcome to Picsium - Your Partner in Digital Marketing Success","og_description":"Designed for enterprises and large-scale businesses, the Ultimate Mastery package offers unparalleled marketing expertise, cutting-edge strategies, and a full suite of services to ensure your brand&#8217;s dominance. All services from the Market Dominator package Full Digital Transformation Strategy: Creating a comprehensive plan for digital transformation. Technology Integration: Seamlessly integrating advanced marketing technologies. Custom App Development: [&hellip;]","og_url":"https:\/\/picsium.io\/de\/produkt\/ultimate-mastery\/","og_site_name":"Welcome to Picsium - Your Partner in Digital Marketing Success","article_modified_time":"2024-05-23T09:35:09+00:00","og_image":[{"width":1024,"height":512,"url":"https:\/\/picsium.io\/wp-content\/uploads\/2024\/05\/1024-\u00d7-516.png","type":"image\/png"}],"twitter_card":"summary_large_image","twitter_misc":{"Gesch\u00e4tzte Lesezeit":"1\u00a0Minute"},"schema":{"@context":"https:\/\/schema.org","@graph":[{"@type":"WebPage","@id":"https:\/\/picsium.io\/product\/ultimate-mastery\/","url":"https:\/\/picsium.io\/product\/ultimate-mastery\/","name":"Ultimate Mastery - Welcome to Picsium - Your Partner in Digital Marketing Success","isPartOf":{"@id":"https:\/\/picsium.io\/#website"},"datePublished":"2024-05-23T09:34:55+00:00","dateModified":"2024-05-23T09:35:09+00:00","breadcrumb":{"@id":"https:\/\/picsium.io\/product\/ultimate-mastery\/#breadcrumb"},"inLanguage":"de","potentialAction":[{"@type":"ReadAction","target":["https:\/\/picsium.io\/product\/ultimate-mastery\/"]}]},{"@type":"BreadcrumbList","@id":"https:\/\/picsium.io\/product\/ultimate-mastery\/#breadcrumb","itemListElement":[{"@type":"ListItem","position":1,"name":"Home","item":"https:\/\/picsium.io\/"},{"@type":"ListItem","position":2,"name":"Ultimate Mastery"}]},{"@type":"WebSite","@id":"https:\/\/picsium.io\/#website","url":"https:\/\/picsium.io\/","name":"Welcome to Picsium - Your Partner in Digital Marketing Success","description":"","publisher":{"@id":"https:\/\/picsium.io\/#organization"},"potentialAction":[{"@type":"SearchAction","target":{"@type":"EntryPoint","urlTemplate":"https:\/\/picsium.io\/?s={search_term_string}"},"query-input":"required name=search_term_string"}],"inLanguage":"de"},{"@type":"Organization","@id":"https:\/\/picsium.io\/#organization","name":"Welcome to Picsium - Your Partner in Digital Marketing Success","url":"https:\/\/picsium.io\/","logo":{"@type":"ImageObject","inLanguage":"de","@id":"https:\/\/picsium.io\/#\/schema\/logo\/image\/","url":"https:\/\/picsium.io\/wp-content\/uploads\/2024\/05\/PICSIUM-logo-1.svg","contentUrl":"https:\/\/picsium.io\/wp-content\/uploads\/2024\/05\/PICSIUM-logo-1.svg","width":119,"height":36,"caption":"Welcome to Picsium - Your Partner in Digital Marketing Success"},"image":{"@id":"https:\/\/picsium.io\/#\/schema\/logo\/image\/"}}]}},"_links":{"self":[{"href":"https:\/\/picsium.io\/de\/wp-json\/wp\/v2\/product\/190","targetHints":{"allow":["GET"]}}],"collection":[{"href":"https:\/\/picsium.io\/de\/wp-json\/wp\/v2\/product"}],"about":[{"href":"https:\/\/picsium.io\/de\/wp-json\/wp\/v2\/types\/product"}],"replies":[{"embeddable":true,"href":"https:\/\/picsium.io\/de\/wp-json\/wp\/v2\/comments?post=190"}],"wp:attachment":[{"href":"https:\/\/picsium.io\/de\/wp-json\/wp\/v2\/media?parent=190"}],"wp:term":[{"taxonomy":"product_cat","embeddable":true,"href":"https:\/\/picsium.io\/de\/wp-json\/wp\/v2\/product_cat?post=190"},{"taxonomy":"product_tag","embeddable":true,"href":"https:\/\/picsium.io\/de\/wp-json\/wp\/v2\/product_tag?post=190"}],"curies":[{"name":"wp","href":"https:\/\/api.w.org\/{rel}","templated":true}]}}