{"id":188,"date":"2024-05-23T09:31:32","date_gmt":"2024-05-23T09:31:32","guid":{"rendered":"https:\/\/picsium.io\/?post_type=product&#038;p=188"},"modified":"2024-05-23T09:37:51","modified_gmt":"2024-05-23T09:37:51","slug":"growth-accelerator","status":"publish","type":"product","link":"https:\/\/picsium.io\/de\/produkt\/growth-accelerator\/","title":{"rendered":"Wachstumsbeschleuniger"},"content":{"rendered":"<p>F\u00fcr Unternehmen, die bereit sind, sich zu vergr\u00f6\u00dfern, baut das Growth Accelerator-Paket auf der Grundlage des Startup Boost auf und bietet umfassendere Dienstleistungen und fortgeschrittene Strategien zur F\u00f6rderung eines signifikanten Wachstums.<\/p>\n<ul>\n<li><strong>Alle Leistungen aus dem Startup-Boost-Paket<\/strong><\/li>\n<li><strong>Videoproduktion:<\/strong> Produktion von 2 hochwertigen Werbevideos.<\/li>\n<li><strong>Infografische Gestaltung:<\/strong> Erstellung von 4 benutzerdefinierten Infografiken.<\/li>\n<li><strong>Landing Page-Optimierung:<\/strong> Optimierung von 2 Landing Pages f\u00fcr Conversions.<\/li>\n<li><strong>Fortgeschrittenes PPC-Kampagnenmanagement:<\/strong> Verwaltung und Optimierung von bis zu 3 PPC-Kampagnen.<\/li>\n<li><strong>Erstellung von Inhalten f\u00fcr soziale Medien:<\/strong> Erstellung von Inhalten f\u00fcr 3 Plattformen.<\/li>\n<li><strong>Lead Nurturing-Kampagnen:<\/strong> Entwicklung und Umsetzung von E-Mail-Sequenzen zur Pflege von Kundenkontakten.<\/li>\n<li><strong>Conversion Tracking einrichten:<\/strong> Einrichtung einer erweiterten Nachverfolgung f\u00fcr bessere Einblicke.<\/li>\n<li><strong>Viertelj\u00e4hrliche Strategie\u00fcberpr\u00fcfung:<\/strong> Durchf\u00fchrung einer umfassenden \u00dcberpr\u00fcfung und Anpassung der Strategien.<\/li>\n<li><strong>Schreiben und Verteilen von Pressemitteilungen:<\/strong> Verfassen und Verteilen von 2 Pressemitteilungen.<\/li>\n<li><strong>Markenbotschaft und Positionierung:<\/strong> Entwicklung eines Leitfadens f\u00fcr Markenbotschaften.<\/li>\n<\/ul>","protected":false},"excerpt":{"rendered":"<p>For businesses ready to scale, the Growth Accelerator package builds on the foundation of the Startup Boost, offering more comprehensive services and advanced strategies to drive significant growth. All services from the Startup Boost package Video Production: Producing 2 high-quality promotional videos. Infographic Design: Creating 4 custom infographics. Landing Page Optimization: Optimising 2 landing pages [&hellip;]<\/p>","protected":false},"featured_media":0,"comment_status":"open","ping_status":"closed","template":"","meta":{"_acf_changed":false,"inline_featured_image":false},"product_cat":[18],"product_tag":[],"class_list":{"0":"post-188","1":"product","2":"type-product","3":"status-publish","5":"product_cat-business-solutions","7":"first","8":"instock","9":"virtual","10":"purchasable","11":"product-type-simple"},"acf":[],"yoast_head":"<!-- This site is optimized with the Yoast SEO plugin v22.7 - https:\/\/yoast.com\/wordpress\/plugins\/seo\/ -->\n<title>Growth Accelerator - Welcome to Picsium - Your Partner in Digital Marketing Success<\/title>\n<meta name=\"robots\" content=\"index, follow, max-snippet:-1, max-image-preview:large, max-video-preview:-1\" \/>\n<link rel=\"canonical\" href=\"https:\/\/picsium.io\/de\/produkt\/growth-accelerator\/\" \/>\n<meta property=\"og:locale\" content=\"de_DE\" \/>\n<meta property=\"og:type\" content=\"article\" \/>\n<meta property=\"og:title\" content=\"Growth Accelerator - Welcome to Picsium - Your Partner in Digital Marketing Success\" \/>\n<meta property=\"og:description\" content=\"For businesses ready to scale, the Growth Accelerator package builds on the foundation of the Startup Boost, offering more comprehensive services and advanced strategies to drive significant growth. All services from the Startup Boost package Video Production: Producing 2 high-quality promotional videos. Infographic Design: Creating 4 custom infographics. Landing Page Optimization: Optimising 2 landing pages [&hellip;]\" \/>\n<meta property=\"og:url\" content=\"https:\/\/picsium.io\/de\/produkt\/growth-accelerator\/\" \/>\n<meta property=\"og:site_name\" content=\"Welcome to Picsium - Your Partner in Digital Marketing Success\" \/>\n<meta property=\"article:modified_time\" content=\"2024-05-23T09:37:51+00:00\" \/>\n<meta property=\"og:image\" content=\"https:\/\/picsium.io\/wp-content\/uploads\/2024\/05\/1024-\u00d7-516.png\" \/>\n\t<meta property=\"og:image:width\" content=\"1024\" \/>\n\t<meta property=\"og:image:height\" content=\"512\" \/>\n\t<meta property=\"og:image:type\" content=\"image\/png\" \/>\n<meta name=\"twitter:card\" content=\"summary_large_image\" \/>\n<meta name=\"twitter:label1\" content=\"Gesch\u00e4tzte Lesezeit\" \/>\n\t<meta name=\"twitter:data1\" content=\"1\u00a0Minute\" \/>\n<script type=\"application\/ld+json\" class=\"yoast-schema-graph\">{\"@context\":\"https:\/\/schema.org\",\"@graph\":[{\"@type\":\"WebPage\",\"@id\":\"https:\/\/picsium.io\/product\/growth-accelerator\/\",\"url\":\"https:\/\/picsium.io\/product\/growth-accelerator\/\",\"name\":\"Growth Accelerator - Welcome to Picsium - Your Partner in Digital Marketing Success\",\"isPartOf\":{\"@id\":\"https:\/\/picsium.io\/#website\"},\"datePublished\":\"2024-05-23T09:31:32+00:00\",\"dateModified\":\"2024-05-23T09:37:51+00:00\",\"breadcrumb\":{\"@id\":\"https:\/\/picsium.io\/product\/growth-accelerator\/#breadcrumb\"},\"inLanguage\":\"de\",\"potentialAction\":[{\"@type\":\"ReadAction\",\"target\":[\"https:\/\/picsium.io\/product\/growth-accelerator\/\"]}]},{\"@type\":\"BreadcrumbList\",\"@id\":\"https:\/\/picsium.io\/product\/growth-accelerator\/#breadcrumb\",\"itemListElement\":[{\"@type\":\"ListItem\",\"position\":1,\"name\":\"Home\",\"item\":\"https:\/\/picsium.io\/\"},{\"@type\":\"ListItem\",\"position\":2,\"name\":\"Growth Accelerator\"}]},{\"@type\":\"WebSite\",\"@id\":\"https:\/\/picsium.io\/#website\",\"url\":\"https:\/\/picsium.io\/\",\"name\":\"Welcome to Picsium - Your Partner in Digital Marketing Success\",\"description\":\"\",\"publisher\":{\"@id\":\"https:\/\/picsium.io\/#organization\"},\"potentialAction\":[{\"@type\":\"SearchAction\",\"target\":{\"@type\":\"EntryPoint\",\"urlTemplate\":\"https:\/\/picsium.io\/?s={search_term_string}\"},\"query-input\":\"required name=search_term_string\"}],\"inLanguage\":\"de\"},{\"@type\":\"Organization\",\"@id\":\"https:\/\/picsium.io\/#organization\",\"name\":\"Welcome to Picsium - Your Partner in Digital Marketing Success\",\"url\":\"https:\/\/picsium.io\/\",\"logo\":{\"@type\":\"ImageObject\",\"inLanguage\":\"de\",\"@id\":\"https:\/\/picsium.io\/#\/schema\/logo\/image\/\",\"url\":\"https:\/\/picsium.io\/wp-content\/uploads\/2024\/05\/PICSIUM-logo-1.svg\",\"contentUrl\":\"https:\/\/picsium.io\/wp-content\/uploads\/2024\/05\/PICSIUM-logo-1.svg\",\"width\":119,\"height\":36,\"caption\":\"Welcome to Picsium - Your Partner in Digital Marketing Success\"},\"image\":{\"@id\":\"https:\/\/picsium.io\/#\/schema\/logo\/image\/\"}}]}<\/script>\n<!-- \/ Yoast SEO plugin. -->","yoast_head_json":{"title":"Growth Accelerator - Welcome to Picsium - Your Partner in Digital Marketing Success","robots":{"index":"index","follow":"follow","max-snippet":"max-snippet:-1","max-image-preview":"max-image-preview:large","max-video-preview":"max-video-preview:-1"},"canonical":"https:\/\/picsium.io\/de\/produkt\/growth-accelerator\/","og_locale":"de_DE","og_type":"article","og_title":"Growth Accelerator - Welcome to Picsium - Your Partner in Digital Marketing Success","og_description":"For businesses ready to scale, the Growth Accelerator package builds on the foundation of the Startup Boost, offering more comprehensive services and advanced strategies to drive significant growth. All services from the Startup Boost package Video Production: Producing 2 high-quality promotional videos. Infographic Design: Creating 4 custom infographics. Landing Page Optimization: Optimising 2 landing pages [&hellip;]","og_url":"https:\/\/picsium.io\/de\/produkt\/growth-accelerator\/","og_site_name":"Welcome to Picsium - Your Partner in Digital Marketing Success","article_modified_time":"2024-05-23T09:37:51+00:00","og_image":[{"width":1024,"height":512,"url":"https:\/\/picsium.io\/wp-content\/uploads\/2024\/05\/1024-\u00d7-516.png","type":"image\/png"}],"twitter_card":"summary_large_image","twitter_misc":{"Gesch\u00e4tzte Lesezeit":"1\u00a0Minute"},"schema":{"@context":"https:\/\/schema.org","@graph":[{"@type":"WebPage","@id":"https:\/\/picsium.io\/product\/growth-accelerator\/","url":"https:\/\/picsium.io\/product\/growth-accelerator\/","name":"Growth Accelerator - Welcome to Picsium - Your Partner in Digital Marketing Success","isPartOf":{"@id":"https:\/\/picsium.io\/#website"},"datePublished":"2024-05-23T09:31:32+00:00","dateModified":"2024-05-23T09:37:51+00:00","breadcrumb":{"@id":"https:\/\/picsium.io\/product\/growth-accelerator\/#breadcrumb"},"inLanguage":"de","potentialAction":[{"@type":"ReadAction","target":["https:\/\/picsium.io\/product\/growth-accelerator\/"]}]},{"@type":"BreadcrumbList","@id":"https:\/\/picsium.io\/product\/growth-accelerator\/#breadcrumb","itemListElement":[{"@type":"ListItem","position":1,"name":"Home","item":"https:\/\/picsium.io\/"},{"@type":"ListItem","position":2,"name":"Growth Accelerator"}]},{"@type":"WebSite","@id":"https:\/\/picsium.io\/#website","url":"https:\/\/picsium.io\/","name":"Welcome to Picsium - Your Partner in Digital Marketing Success","description":"","publisher":{"@id":"https:\/\/picsium.io\/#organization"},"potentialAction":[{"@type":"SearchAction","target":{"@type":"EntryPoint","urlTemplate":"https:\/\/picsium.io\/?s={search_term_string}"},"query-input":"required name=search_term_string"}],"inLanguage":"de"},{"@type":"Organization","@id":"https:\/\/picsium.io\/#organization","name":"Welcome to Picsium - Your Partner in Digital Marketing Success","url":"https:\/\/picsium.io\/","logo":{"@type":"ImageObject","inLanguage":"de","@id":"https:\/\/picsium.io\/#\/schema\/logo\/image\/","url":"https:\/\/picsium.io\/wp-content\/uploads\/2024\/05\/PICSIUM-logo-1.svg","contentUrl":"https:\/\/picsium.io\/wp-content\/uploads\/2024\/05\/PICSIUM-logo-1.svg","width":119,"height":36,"caption":"Welcome to Picsium - Your Partner in Digital Marketing Success"},"image":{"@id":"https:\/\/picsium.io\/#\/schema\/logo\/image\/"}}]}},"_links":{"self":[{"href":"https:\/\/picsium.io\/de\/wp-json\/wp\/v2\/product\/188","targetHints":{"allow":["GET"]}}],"collection":[{"href":"https:\/\/picsium.io\/de\/wp-json\/wp\/v2\/product"}],"about":[{"href":"https:\/\/picsium.io\/de\/wp-json\/wp\/v2\/types\/product"}],"replies":[{"embeddable":true,"href":"https:\/\/picsium.io\/de\/wp-json\/wp\/v2\/comments?post=188"}],"wp:attachment":[{"href":"https:\/\/picsium.io\/de\/wp-json\/wp\/v2\/media?parent=188"}],"wp:term":[{"taxonomy":"product_cat","embeddable":true,"href":"https:\/\/picsium.io\/de\/wp-json\/wp\/v2\/product_cat?post=188"},{"taxonomy":"product_tag","embeddable":true,"href":"https:\/\/picsium.io\/de\/wp-json\/wp\/v2\/product_tag?post=188"}],"curies":[{"name":"wp","href":"https:\/\/api.w.org\/{rel}","templated":true}]}}