{"id":187,"date":"2024-05-23T09:30:17","date_gmt":"2024-05-23T09:30:17","guid":{"rendered":"https:\/\/picsium.io\/?post_type=product&#038;p=187"},"modified":"2024-05-23T09:37:29","modified_gmt":"2024-05-23T09:37:29","slug":"startup-boost","status":"publish","type":"product","link":"https:\/\/picsium.io\/de\/produkt\/startup-boost\/","title":{"rendered":"Startup-Boost"},"content":{"rendered":"<p>Das Startup-Boost-Paket eignet sich perfekt f\u00fcr neue Unternehmen oder solche, die ihre Marketingbem\u00fchungen neu beleben wollen. Es bietet wichtige Dienstleistungen, um eine solide Online-Pr\u00e4senz aufzubauen und erste Ergebnisse zu erzielen.<\/p>\n<ul>\n<li><strong>Entwicklung einer Inhaltsstrategie:<\/strong> Erstellung eines umfassenden Plans, der auf Ihre Unternehmensziele zugeschnitten ist.<\/li>\n<li><strong>Schl\u00fcsselwort-Recherche:<\/strong> Identifizierung von Schl\u00fcsselw\u00f6rtern mit hoher Schlagkraft f\u00fcr Ihre Branche.<\/li>\n<li><strong>Erstellung eines Blogbeitrags:<\/strong> Schreiben von 4 hochwertigen Blogbeitr\u00e4gen.<\/li>\n<li><strong>Strategie f\u00fcr soziale Medien:<\/strong> Entwicklung einer individuellen Strategie f\u00fcr 2 Plattformen.<\/li>\n<li><strong>Strategie f\u00fcr E-Mail-Kampagnen:<\/strong> Entwurf eines ma\u00dfgeschneiderten E-Mail-Marketingplans.<\/li>\n<li><strong>Google Analytics-Einrichtung:<\/strong> Konfigurieren der Grundeinstellungen und der Erstkonfiguration.<\/li>\n<li><strong>Einrichtung der ersten PPC-Kampagne:<\/strong> Starten einer Pay-per-Click-Kampagne.<\/li>\n<li><strong>Monatliche Leistungsberichte:<\/strong> Bereitstellung detaillierter Leistungsberichte.<\/li>\n<li><strong>Grundlegende SEO-Dienstleistungen:<\/strong> Durchf\u00fchrung der ersten On-Page-Optimierung.<\/li>\n<li><strong>Grafikdesign f\u00fcr soziale Medien:<\/strong> Gestaltung von 10 benutzerdefinierten Grafiken.<\/li>\n<\/ul>","protected":false},"excerpt":{"rendered":"<p>Perfect for new businesses or those looking to revitalise their marketing efforts, the Startup Boost package provides essential services to establish a solid online presence and start driving results. Content Strategy Development: Creating a comprehensive plan tailored to your business goals. Keyword Research: Identifying high-impact keywords for your industry. Blog Post Creation: Writing 4 high-quality [&hellip;]<\/p>","protected":false},"featured_media":0,"comment_status":"open","ping_status":"closed","template":"","meta":{"_acf_changed":false,"inline_featured_image":false},"product_cat":[18],"product_tag":[],"class_list":{"0":"post-187","1":"product","2":"type-product","3":"status-publish","5":"product_cat-business-solutions","7":"first","8":"instock","9":"virtual","10":"purchasable","11":"product-type-simple"},"acf":[],"yoast_head":"<!-- This site is optimized with the Yoast SEO plugin v22.7 - https:\/\/yoast.com\/wordpress\/plugins\/seo\/ -->\n<title>Startup Boost - Welcome to Picsium - Your Partner in Digital Marketing Success<\/title>\n<meta name=\"robots\" content=\"index, follow, max-snippet:-1, max-image-preview:large, max-video-preview:-1\" \/>\n<link rel=\"canonical\" href=\"https:\/\/picsium.io\/de\/produkt\/startup-boost\/\" \/>\n<meta property=\"og:locale\" content=\"de_DE\" \/>\n<meta property=\"og:type\" content=\"article\" \/>\n<meta property=\"og:title\" content=\"Startup Boost - Welcome to Picsium - Your Partner in Digital Marketing Success\" \/>\n<meta property=\"og:description\" content=\"Perfect for new businesses or those looking to revitalise their marketing efforts, the Startup Boost package provides essential services to establish a solid online presence and start driving results. Content Strategy Development: Creating a comprehensive plan tailored to your business goals. Keyword Research: Identifying high-impact keywords for your industry. Blog Post Creation: Writing 4 high-quality [&hellip;]\" \/>\n<meta property=\"og:url\" content=\"https:\/\/picsium.io\/de\/produkt\/startup-boost\/\" \/>\n<meta property=\"og:site_name\" content=\"Welcome to Picsium - Your Partner in Digital Marketing Success\" \/>\n<meta property=\"article:modified_time\" content=\"2024-05-23T09:37:29+00:00\" \/>\n<meta property=\"og:image\" content=\"https:\/\/picsium.io\/wp-content\/uploads\/2024\/05\/1024-\u00d7-516.png\" \/>\n\t<meta property=\"og:image:width\" content=\"1024\" \/>\n\t<meta property=\"og:image:height\" content=\"512\" \/>\n\t<meta property=\"og:image:type\" content=\"image\/png\" \/>\n<meta name=\"twitter:card\" content=\"summary_large_image\" \/>\n<meta name=\"twitter:label1\" content=\"Gesch\u00e4tzte Lesezeit\" \/>\n\t<meta name=\"twitter:data1\" content=\"1\u00a0Minute\" \/>\n<script type=\"application\/ld+json\" class=\"yoast-schema-graph\">{\"@context\":\"https:\/\/schema.org\",\"@graph\":[{\"@type\":\"WebPage\",\"@id\":\"https:\/\/picsium.io\/product\/startup-boost\/\",\"url\":\"https:\/\/picsium.io\/product\/startup-boost\/\",\"name\":\"Startup Boost - Welcome to Picsium - Your Partner in Digital Marketing Success\",\"isPartOf\":{\"@id\":\"https:\/\/picsium.io\/#website\"},\"datePublished\":\"2024-05-23T09:30:17+00:00\",\"dateModified\":\"2024-05-23T09:37:29+00:00\",\"breadcrumb\":{\"@id\":\"https:\/\/picsium.io\/product\/startup-boost\/#breadcrumb\"},\"inLanguage\":\"de\",\"potentialAction\":[{\"@type\":\"ReadAction\",\"target\":[\"https:\/\/picsium.io\/product\/startup-boost\/\"]}]},{\"@type\":\"BreadcrumbList\",\"@id\":\"https:\/\/picsium.io\/product\/startup-boost\/#breadcrumb\",\"itemListElement\":[{\"@type\":\"ListItem\",\"position\":1,\"name\":\"Home\",\"item\":\"https:\/\/picsium.io\/\"},{\"@type\":\"ListItem\",\"position\":2,\"name\":\"Startup Boost\"}]},{\"@type\":\"WebSite\",\"@id\":\"https:\/\/picsium.io\/#website\",\"url\":\"https:\/\/picsium.io\/\",\"name\":\"Welcome to Picsium - Your Partner in Digital Marketing Success\",\"description\":\"\",\"publisher\":{\"@id\":\"https:\/\/picsium.io\/#organization\"},\"potentialAction\":[{\"@type\":\"SearchAction\",\"target\":{\"@type\":\"EntryPoint\",\"urlTemplate\":\"https:\/\/picsium.io\/?s={search_term_string}\"},\"query-input\":\"required name=search_term_string\"}],\"inLanguage\":\"de\"},{\"@type\":\"Organization\",\"@id\":\"https:\/\/picsium.io\/#organization\",\"name\":\"Welcome to Picsium - Your Partner in Digital Marketing Success\",\"url\":\"https:\/\/picsium.io\/\",\"logo\":{\"@type\":\"ImageObject\",\"inLanguage\":\"de\",\"@id\":\"https:\/\/picsium.io\/#\/schema\/logo\/image\/\",\"url\":\"https:\/\/picsium.io\/wp-content\/uploads\/2024\/05\/PICSIUM-logo-1.svg\",\"contentUrl\":\"https:\/\/picsium.io\/wp-content\/uploads\/2024\/05\/PICSIUM-logo-1.svg\",\"width\":119,\"height\":36,\"caption\":\"Welcome to Picsium - Your Partner in Digital Marketing Success\"},\"image\":{\"@id\":\"https:\/\/picsium.io\/#\/schema\/logo\/image\/\"}}]}<\/script>\n<!-- \/ Yoast SEO plugin. -->","yoast_head_json":{"title":"Startup Boost - Welcome to Picsium - Your Partner in Digital Marketing Success","robots":{"index":"index","follow":"follow","max-snippet":"max-snippet:-1","max-image-preview":"max-image-preview:large","max-video-preview":"max-video-preview:-1"},"canonical":"https:\/\/picsium.io\/de\/produkt\/startup-boost\/","og_locale":"de_DE","og_type":"article","og_title":"Startup Boost - Welcome to Picsium - Your Partner in Digital Marketing Success","og_description":"Perfect for new businesses or those looking to revitalise their marketing efforts, the Startup Boost package provides essential services to establish a solid online presence and start driving results. Content Strategy Development: Creating a comprehensive plan tailored to your business goals. Keyword Research: Identifying high-impact keywords for your industry. Blog Post Creation: Writing 4 high-quality [&hellip;]","og_url":"https:\/\/picsium.io\/de\/produkt\/startup-boost\/","og_site_name":"Welcome to Picsium - Your Partner in Digital Marketing Success","article_modified_time":"2024-05-23T09:37:29+00:00","og_image":[{"width":1024,"height":512,"url":"https:\/\/picsium.io\/wp-content\/uploads\/2024\/05\/1024-\u00d7-516.png","type":"image\/png"}],"twitter_card":"summary_large_image","twitter_misc":{"Gesch\u00e4tzte Lesezeit":"1\u00a0Minute"},"schema":{"@context":"https:\/\/schema.org","@graph":[{"@type":"WebPage","@id":"https:\/\/picsium.io\/product\/startup-boost\/","url":"https:\/\/picsium.io\/product\/startup-boost\/","name":"Startup Boost - Welcome to Picsium - Your Partner in Digital Marketing Success","isPartOf":{"@id":"https:\/\/picsium.io\/#website"},"datePublished":"2024-05-23T09:30:17+00:00","dateModified":"2024-05-23T09:37:29+00:00","breadcrumb":{"@id":"https:\/\/picsium.io\/product\/startup-boost\/#breadcrumb"},"inLanguage":"de","potentialAction":[{"@type":"ReadAction","target":["https:\/\/picsium.io\/product\/startup-boost\/"]}]},{"@type":"BreadcrumbList","@id":"https:\/\/picsium.io\/product\/startup-boost\/#breadcrumb","itemListElement":[{"@type":"ListItem","position":1,"name":"Home","item":"https:\/\/picsium.io\/"},{"@type":"ListItem","position":2,"name":"Startup Boost"}]},{"@type":"WebSite","@id":"https:\/\/picsium.io\/#website","url":"https:\/\/picsium.io\/","name":"Welcome to Picsium - Your Partner in Digital Marketing Success","description":"","publisher":{"@id":"https:\/\/picsium.io\/#organization"},"potentialAction":[{"@type":"SearchAction","target":{"@type":"EntryPoint","urlTemplate":"https:\/\/picsium.io\/?s={search_term_string}"},"query-input":"required name=search_term_string"}],"inLanguage":"de"},{"@type":"Organization","@id":"https:\/\/picsium.io\/#organization","name":"Welcome to Picsium - Your Partner in Digital Marketing Success","url":"https:\/\/picsium.io\/","logo":{"@type":"ImageObject","inLanguage":"de","@id":"https:\/\/picsium.io\/#\/schema\/logo\/image\/","url":"https:\/\/picsium.io\/wp-content\/uploads\/2024\/05\/PICSIUM-logo-1.svg","contentUrl":"https:\/\/picsium.io\/wp-content\/uploads\/2024\/05\/PICSIUM-logo-1.svg","width":119,"height":36,"caption":"Welcome to Picsium - Your Partner in Digital Marketing Success"},"image":{"@id":"https:\/\/picsium.io\/#\/schema\/logo\/image\/"}}]}},"_links":{"self":[{"href":"https:\/\/picsium.io\/de\/wp-json\/wp\/v2\/product\/187","targetHints":{"allow":["GET"]}}],"collection":[{"href":"https:\/\/picsium.io\/de\/wp-json\/wp\/v2\/product"}],"about":[{"href":"https:\/\/picsium.io\/de\/wp-json\/wp\/v2\/types\/product"}],"replies":[{"embeddable":true,"href":"https:\/\/picsium.io\/de\/wp-json\/wp\/v2\/comments?post=187"}],"wp:attachment":[{"href":"https:\/\/picsium.io\/de\/wp-json\/wp\/v2\/media?parent=187"}],"wp:term":[{"taxonomy":"product_cat","embeddable":true,"href":"https:\/\/picsium.io\/de\/wp-json\/wp\/v2\/product_cat?post=187"},{"taxonomy":"product_tag","embeddable":true,"href":"https:\/\/picsium.io\/de\/wp-json\/wp\/v2\/product_tag?post=187"}],"curies":[{"name":"wp","href":"https:\/\/api.w.org\/{rel}","templated":true}]}}