{"id":322,"date":"2024-05-28T11:59:58","date_gmt":"2024-05-28T11:59:58","guid":{"rendered":"https:\/\/picsium.io\/?page_id=322"},"modified":"2024-05-28T12:02:34","modified_gmt":"2024-05-28T12:02:34","slug":"privacy-policy","status":"publish","type":"page","link":"https:\/\/picsium.io\/de\/privacy-policy\/","title":{"rendered":"DATENSCHUTZPOLITIK"},"content":{"rendered":"<h3 class=\"wp-block-heading\">UNSERE VERPFLICHTUNG ZUM DATENSCHUTZ<\/h3>\n\n\n\n<p>Bei Picsium steht der Schutz Ihrer Privatsph\u00e4re an erster Stelle. Dieser Hinweis beschreibt unsere Online-Informationspraktiken und gibt Ihnen die M\u00f6glichkeit, fundierte Entscheidungen \u00fcber die Erfassung und Nutzung Ihrer Daten zu treffen.&nbsp;<\/p>\n\n\n\n<h3 class=\"wp-block-heading\">INFORMATIONSSAMMLUNG<\/h3>\n\n\n\n<p>Wir erheben oder beschaffen Ihre Daten, wenn dies erforderlich ist oder aus legitimen rechtlichen Gr\u00fcnden. Diese Daten k\u00f6nnen direkt oder indirekt \u00fcber unsere Website erhoben werden. Sie k\u00f6nnen auf bestimmten Seiten, auf denen wir verschiedene personenbezogene Daten erheben, Anfragen f\u00fcr Dienstleistungen oder den Erhalt von Materialien einreichen, einschlie\u00dflich, aber nicht beschr\u00e4nkt auf:<\/p>\n\n\n\n<ul class=\"custom-list wp-block-list\">\n<li>Name<\/li>\n\n\n\n<li>Adresse<\/li>\n\n\n\n<li>E-Mail Adresse<\/li>\n\n\n\n<li>Rufnummer<\/li>\n<\/ul>\n\n\n\n<p>Wenn Sie personenbezogene Daten einer anderen Person oder eines Dritten zur Verf\u00fcgung stellen (z. B. Informationen Ihres Unternehmens), sind Sie daf\u00fcr verantwortlich, dass diese Person \u00fcber die in dieser Datenschutzrichtlinie beschriebenen Details informiert ist und ihr Einverst\u00e4ndnis zur Weitergabe der Daten an uns gegeben hat.<\/p>\n\n\n\n<p>Die Bereitstellung von Informationen an uns ist zwar freiwillig, doch k\u00f6nnen bestimmte Angaben gesetzlich vorgeschrieben sein. Bitte beachten Sie, dass die Nichtbereitstellung bestimmter Informationen unsere F\u00e4higkeit beeintr\u00e4chtigen kann, einige oder alle in dieser Datenschutzrichtlinie genannten Zwecke zu erf\u00fcllen, und dass dies Ihren Zugang zu bestimmten Tools und Systemen, die auf solche Daten angewiesen sind, einschr\u00e4nken kann.<\/p>\n\n\n\n<h3 class=\"wp-block-heading\">UNSERE VERWENDUNG VON PERS\u00d6NLICHEN INFORMATIONEN<\/h3>\n\n\n\n<p>Wenn Sie eine Bestellung bei uns aufgeben, verwenden wir die von Ihnen bereitgestellten Informationen ausschlie\u00dflich zur Erf\u00fcllung dieser speziellen Anfrage. An uns \u00fcbermittelte E-Mail-Adressen werden zur Beantwortung von Anfragen verwendet und werden nicht an externe Parteien weitergegeben oder f\u00fcr andere Zwecke verwendet.<\/p>\n\n\n\n<p>Wenn Sie sich auf unserer Website registrieren lassen, k\u00f6nnen Sie unseren Newsletter und Informationen \u00fcber unsere neuesten Produkte und Dienstleistungen erhalten. Wir werden Ihnen diese Informationen jedoch nur dann zusenden, wenn Sie das entsprechende Anmeldeformular ausgef\u00fcllt haben.<\/p>\n\n\n\n<p>Wir analysieren nicht-identifizierende und zusammengefasste Daten, um die Gestaltung unserer Website zu verbessern. Wir legen jedoch keine Informationen offen, die Einzelpersonen identifizieren k\u00f6nnten.<\/p>\n\n\n\n<p>Wenn Sie sich entscheiden, Ihre Bestellung zu stornieren, werden wir eine Kopie Ihrer Daten f\u00fcr 3 Jahre auf einem Archivserver aufbewahren. Danach werden alle zugeh\u00f6rigen Daten endg\u00fcltig gel\u00f6scht.<\/p>\n\n\n\n<p>Wir verwenden oder verbreiten die uns online zur Verf\u00fcgung gestellten personenbezogenen Daten niemals ohne Ihre ausdr\u00fcckliche Zustimmung f\u00fcr andere als die oben genannten Zwecke. Au\u00dferdem bieten wir Ihnen die M\u00f6glichkeit, einer solchen Verwendung zu widersprechen oder sie zu verhindern. Bitte beachten Sie jedoch, dass ein Widerspruch gegen die Einwilligung in die Verarbeitung oder Nutzung Ihrer Daten unsere F\u00e4higkeit beeintr\u00e4chtigen kann, unsere Aufgaben zu erf\u00fcllen oder bestimmte Dienstleistungen zu erbringen.<\/p>\n\n\n\n<h3 class=\"wp-block-heading\">WEITERGABE VON PERSONENBEZOGENEN DATEN<\/h3>\n\n\n\n<p>Ohne Ihre Zustimmung werden wir Ihre pers\u00f6nlichen Daten nicht f\u00fcr andere als die in dieser Datenschutzrichtlinie genannten Zwecke weitergeben, offenlegen oder \u00fcbertragen, es sei denn, eine solche Offenlegung ist gesetzlich vorgeschrieben. Wir k\u00f6nnen jedoch Ihre pers\u00f6nlichen Daten an Dritte weitergeben, um Ihnen die Nutzung oder den Zugriff auf die Website zu erleichtern, unser Gesch\u00e4ft zu unterst\u00fctzen oder f\u00fcr andere in dieser Datenschutzrichtlinie genannte Zwecke.<\/p>\n\n\n\n<p>Diese Dritten k\u00f6nnen innerhalb oder au\u00dferhalb der Europ\u00e4ischen Union ans\u00e4ssig sein und umfassen unsere Tochtergesellschaften, verbundenen Unternehmen und Dienstleistungsanbieter. Wir stellen sicher, dass diese Parteien vertraglich verpflichtet sind, die Vertraulichkeit und Sicherheit Ihrer personenbezogenen Daten zu wahren und sie nur f\u00fcr die angegebenen Zwecke zu verwenden.<\/p>\n\n\n\n<p>Ihre Akzeptanz und Nutzung von Drittanbietern unterliegt den zwischen Ihnen und den Dienstleistern vereinbarten Bedingungen. Fragen oder Beschwerden in Bezug auf Ihre Akzeptanz oder Nutzung dieser Dienste sollten an den jeweiligen Dritten gerichtet werden.<\/p>\n\n\n\n<p>Wenn Ihre Daten ins Ausland an unsere Tochtergesellschaften oder Dritte \u00fcbermittelt werden m\u00fcssen, ergreifen wir geeignete Schutzma\u00dfnahmen, um Ihre Daten sicher weiterzugeben oder zu \u00fcbertragen.<\/p>\n\n\n\n<p>Dar\u00fcber hinaus k\u00f6nnen wir Ihre pers\u00f6nlichen Daten offenlegen oder weitergeben, wenn dies durch Gesetze und Vorschriften vorgeschrieben ist, z. B. bei Anfragen zu Ermittlungs-, Prozess- oder Strafverfolgungszwecken. In solchen F\u00e4llen k\u00f6nnen Ihre Daten an Regierungsbeh\u00f6rden, Aufsichtsbeh\u00f6rden oder andere relevante Stellen weitergegeben werden, wie es das Gesetz vorschreibt.<\/p>\n\n\n\n<h3 class=\"wp-block-heading\">UNSERE AUFBEWAHRUNGSPOLITIK<\/h3>\n\n\n\n<p>Wir werden Ihre Daten nur so lange aufbewahren, wie es f\u00fcr die Erf\u00fcllung der im vorherigen Abschnitt genannten Zwecke erforderlich ist. Wir k\u00f6nnen Ihre Daten jedoch f\u00fcr einen Zeitraum aufbewahren, der gem\u00e4\u00df dem Gesetz zum Schutz personenbezogener Daten (PDPA) als angemessen und notwendig erachtet wird.<\/p>\n\n\n\n<h3 class=\"wp-block-heading\">VERPFLICHTUNG ZUR DATENSICHERHEIT\u00a0<\/h3>\n\n\n\n<p>Um unbefugten Zugriff zu verhindern, die Richtigkeit der Daten zu gew\u00e4hrleisten und die ordnungsgem\u00e4\u00dfe Verwendung der Informationen sicherzustellen, haben wir geeignete physische, elektronische und verwaltungstechnische Verfahren zum Schutz und zur Sicherung der online erfassten Informationen eingef\u00fchrt.<\/p>\n\n\n\n<h3 class=\"wp-block-heading\">ZUGANG, KORREKTUR oder L\u00d6SCHEN IHRER INFORMATIONEN<\/h3>\n\n\n\n<p>Sie haben das Recht, auf die von uns gesammelten und gespeicherten personenbezogenen Daten zuzugreifen oder eine Kopie davon zu erhalten. Au\u00dferdem k\u00f6nnen Sie die Offenlegung der Quelle Ihrer ohne Ihre Zustimmung erhobenen Daten verlangen.<\/p>\n\n\n\n<p>Wenn Sie die Verwendung Ihrer personenbezogenen Daten einschr\u00e4nken oder der Erhebung, Verwendung und Weitergabe widersprechen m\u00f6chten, senden Sie uns bitte eine E-Mail an <a href=\"mailto:info@picsium.io\">info@picsium.io<\/a>.<\/p>\n\n\n\n<p>Sie k\u00f6nnen sachliche Fehler in Ihren personenbezogenen Daten aktualisieren, vervollst\u00e4ndigen oder korrigieren, indem Sie einen Antrag stellen, der die Fehler glaubhaft darlegt.<\/p>\n\n\n\n<p>Wenn Sie sich \u00fcber die L\u00f6schung der von Picsium gespeicherten Daten erkundigen m\u00f6chten, setzen Sie sich bitte mit uns in Verbindung.<\/p>\n\n\n\n<p>Um Ihre Privatsph\u00e4re und Sicherheit zu sch\u00fctzen, werden wir angemessene Schritte unternehmen, um Ihre Identit\u00e4t zu \u00fcberpr\u00fcfen, bevor wir Zugang gew\u00e4hren oder Korrekturen vornehmen.<\/p>\n\n\n\n<p>Bitte beachten Sie, dass die Aus\u00fcbung der oben genannten Rechte den Bedingungen und Ausnahmen des geltenden Rechts unterliegt. Unter bestimmten Umst\u00e4nden kann Ihr Antrag abgelehnt werden, wenn Einschr\u00e4nkungen gelten.<\/p>\n\n\n\n<p>Bei Fragen wenden Sie sich bitte an folgende Adresse <a href=\"mailto:info@picsium.io\">info@picsium.io<\/a>.<\/p>\n\n\n\n<h3 class=\"wp-block-heading\">COOKIES<\/h3>\n\n\n\n<p>W\u00e4hrend Sie auf picsium.io navigieren, werden Werbe-Cookies auf Ihrem Computer, Mobilger\u00e4t oder Tablet platziert, um Ihre Interessen zu verstehen. Diese Cookies identifizieren Sie nicht pers\u00f6nlich, sondern werden verwendet, um die Funktionalit\u00e4t der Website zu verbessern und Ihnen ein besseres Erlebnis zu bieten. Wir verwenden Retargeting-Werbung auf anderen Websites, basierend auf Ihren Interaktionen mit picsium.io. Diese Techniken sammeln keine pers\u00f6nlichen Informationen wie Ihren Namen, Ihre E-Mail-Adresse, Ihre Postanschrift oder Ihre Telefonnummer.&nbsp;<\/p>\n\n\n\n<h3 class=\"wp-block-heading\">ALLGEMEINE DATENSCHUTZVERORDNUNG<\/h3>\n\n\n\n<p>Picsium verarbeitet personenbezogene Daten als Datenverantwortlicher gem\u00e4\u00df der Allgemeinen Datenschutzverordnung (GDPR). Personenbezogene Daten werden sicher in Hosting-Einrichtungen gespeichert, die mit der GDPR und anderen Datenschutzgesetzen konform sind.<\/p>\n\n\n\n<p>F\u00fcr personenbezogene Daten, die aus dem Europ\u00e4ischen Wirtschaftsraum (EWR) stammen, hat Picsium die Einhaltung der GDPR in Bezug auf die Erfassung, Verwendung und Speicherung personenbezogener Daten aus EU-L\u00e4ndern zertifiziert.<\/p>\n\n\n\n<p>Wenn Sie eine Kopie Ihrer Daten erhalten oder deren L\u00f6schung beantragen m\u00f6chten, kontaktieren Sie uns bitte hier. Wir werden Ihnen umgehend helfen. Wir bem\u00fchen uns, Ihre Daten innerhalb von 30 Arbeitstagen zu l\u00f6schen oder bereitzustellen.<\/p>\n\n\n\n<h3 class=\"wp-block-heading\">\u00c4NDERUNGEN AN DIESER DATENSCHUTZRICHTLINIE<\/h3>\n\n\n\n<p>Wir k\u00f6nnen diese Datenschutzrichtlinie regelm\u00e4\u00dfig \u00e4ndern oder aktualisieren, um sie an unsere Aktivit\u00e4ten und die geltenden Gesetze und Vorschriften anzupassen. Gelegentlich werden wir zus\u00e4tzliche Datenschutzhinweise herausgeben, um Sie \u00fcber bestimmte Datenverarbeitungsaktivit\u00e4ten zu informieren. Alle \u00c4nderungen an der Datenschutzrichtlinie werden auf unserer Website bekannt gegeben.<\/p>\n\n\n\n<h3 class=\"wp-block-heading\">KONTAKT US<\/h3>\n\n\n\n<p>Wenn Sie Fragen oder Bedenken zu unserer Datenschutzpolitik oder dem Umgang mit Ihren pers\u00f6nlichen Daten haben, z\u00f6gern Sie bitte nicht, sich mit uns in Verbindung zu setzen:<\/p>\n\n\n\n<ul class=\"wp-block-list\">\n<li>E-Mail: <a href=\"mailto:info@picsium.io\">info@picsium.io<\/a><\/li>\n\n\n\n<li>Telefon: <a href=\"tel: 420296183124\">+420296183124<\/a><\/li>\n\n\n\n<li>Website:<a href=\"https:\/\/picsium.io\/de\/\"> https:\/\/picsium.io\/<\/a><\/li>\n<\/ul>","protected":false},"excerpt":{"rendered":"<p>OUR PRIVACY COMMITMENT At Picsium, safeguarding your privacy is paramount. This notice outlines our online information practices and empowers you to make informed decisions about collecting and utilising your information.&nbsp; INFORMATION COLLECTION We collect or obtain your data when necessary or for legitimate legal reasons. This data may be gathered directly or indirectly through our [&hellip;]<\/p>","protected":false},"author":1,"featured_media":0,"parent":0,"menu_order":0,"comment_status":"closed","ping_status":"closed","template":"templates-pages\/policy.php","meta":{"_acf_changed":false,"inline_featured_image":false,"footnotes":""},"class_list":["post-322","page","type-page","status-publish","hentry"],"acf":[],"yoast_head":"<!-- This site is optimized with the Yoast SEO plugin v22.7 - https:\/\/yoast.com\/wordpress\/plugins\/seo\/ -->\n<title>PRIVACY POLICY - Welcome to Picsium - Your Partner in Digital Marketing Success<\/title>\n<meta name=\"robots\" content=\"index, follow, max-snippet:-1, max-image-preview:large, max-video-preview:-1\" \/>\n<link rel=\"canonical\" href=\"https:\/\/picsium.io\/de\/privacy-policy\/\" \/>\n<meta property=\"og:locale\" content=\"de_DE\" \/>\n<meta property=\"og:type\" content=\"article\" \/>\n<meta property=\"og:title\" content=\"PRIVACY POLICY - Welcome to Picsium - Your Partner in Digital Marketing Success\" \/>\n<meta property=\"og:description\" content=\"OUR PRIVACY COMMITMENT At Picsium, safeguarding your privacy is paramount. This notice outlines our online information practices and empowers you to make informed decisions about collecting and utilising your information.&nbsp; INFORMATION COLLECTION We collect or obtain your data when necessary or for legitimate legal reasons. This data may be gathered directly or indirectly through our [&hellip;]\" \/>\n<meta property=\"og:url\" content=\"https:\/\/picsium.io\/de\/privacy-policy\/\" \/>\n<meta property=\"og:site_name\" content=\"Welcome to Picsium - Your Partner in Digital Marketing Success\" \/>\n<meta property=\"article:modified_time\" content=\"2024-05-28T12:02:34+00:00\" \/>\n<meta property=\"og:image\" content=\"https:\/\/picsium.io\/wp-content\/uploads\/2024\/05\/1024-\u00d7-516.png\" \/>\n\t<meta property=\"og:image:width\" content=\"1024\" \/>\n\t<meta property=\"og:image:height\" content=\"512\" \/>\n\t<meta property=\"og:image:type\" content=\"image\/png\" \/>\n<meta name=\"twitter:card\" content=\"summary_large_image\" \/>\n<meta name=\"twitter:label1\" content=\"Gesch\u00e4tzte Lesezeit\" \/>\n\t<meta name=\"twitter:data1\" content=\"5\u00a0Minuten\" \/>\n<script type=\"application\/ld+json\" class=\"yoast-schema-graph\">{\"@context\":\"https:\/\/schema.org\",\"@graph\":[{\"@type\":\"WebPage\",\"@id\":\"https:\/\/picsium.io\/privacy-policy\/\",\"url\":\"https:\/\/picsium.io\/privacy-policy\/\",\"name\":\"PRIVACY POLICY - Welcome to Picsium - Your Partner in Digital Marketing Success\",\"isPartOf\":{\"@id\":\"https:\/\/picsium.io\/#website\"},\"datePublished\":\"2024-05-28T11:59:58+00:00\",\"dateModified\":\"2024-05-28T12:02:34+00:00\",\"breadcrumb\":{\"@id\":\"https:\/\/picsium.io\/privacy-policy\/#breadcrumb\"},\"inLanguage\":\"de\",\"potentialAction\":[{\"@type\":\"ReadAction\",\"target\":[\"https:\/\/picsium.io\/privacy-policy\/\"]}]},{\"@type\":\"BreadcrumbList\",\"@id\":\"https:\/\/picsium.io\/privacy-policy\/#breadcrumb\",\"itemListElement\":[{\"@type\":\"ListItem\",\"position\":1,\"name\":\"Home\",\"item\":\"https:\/\/picsium.io\/\"},{\"@type\":\"ListItem\",\"position\":2,\"name\":\"PRIVACY POLICY\"}]},{\"@type\":\"WebSite\",\"@id\":\"https:\/\/picsium.io\/#website\",\"url\":\"https:\/\/picsium.io\/\",\"name\":\"Welcome to Picsium - Your Partner in Digital Marketing Success\",\"description\":\"\",\"publisher\":{\"@id\":\"https:\/\/picsium.io\/#organization\"},\"potentialAction\":[{\"@type\":\"SearchAction\",\"target\":{\"@type\":\"EntryPoint\",\"urlTemplate\":\"https:\/\/picsium.io\/?s={search_term_string}\"},\"query-input\":\"required name=search_term_string\"}],\"inLanguage\":\"de\"},{\"@type\":\"Organization\",\"@id\":\"https:\/\/picsium.io\/#organization\",\"name\":\"Welcome to Picsium - Your Partner in Digital Marketing Success\",\"url\":\"https:\/\/picsium.io\/\",\"logo\":{\"@type\":\"ImageObject\",\"inLanguage\":\"de\",\"@id\":\"https:\/\/picsium.io\/#\/schema\/logo\/image\/\",\"url\":\"https:\/\/picsium.io\/wp-content\/uploads\/2024\/05\/PICSIUM-logo-1.svg\",\"contentUrl\":\"https:\/\/picsium.io\/wp-content\/uploads\/2024\/05\/PICSIUM-logo-1.svg\",\"width\":119,\"height\":36,\"caption\":\"Welcome to Picsium - Your Partner in Digital Marketing Success\"},\"image\":{\"@id\":\"https:\/\/picsium.io\/#\/schema\/logo\/image\/\"}}]}<\/script>\n<!-- \/ Yoast SEO plugin. -->","yoast_head_json":{"title":"PRIVACY POLICY - Welcome to Picsium - Your Partner in Digital Marketing Success","robots":{"index":"index","follow":"follow","max-snippet":"max-snippet:-1","max-image-preview":"max-image-preview:large","max-video-preview":"max-video-preview:-1"},"canonical":"https:\/\/picsium.io\/de\/privacy-policy\/","og_locale":"de_DE","og_type":"article","og_title":"PRIVACY POLICY - Welcome to Picsium - Your Partner in Digital Marketing Success","og_description":"OUR PRIVACY COMMITMENT At Picsium, safeguarding your privacy is paramount. This notice outlines our online information practices and empowers you to make informed decisions about collecting and utilising your information.&nbsp; INFORMATION COLLECTION We collect or obtain your data when necessary or for legitimate legal reasons. This data may be gathered directly or indirectly through our [&hellip;]","og_url":"https:\/\/picsium.io\/de\/privacy-policy\/","og_site_name":"Welcome to Picsium - Your Partner in Digital Marketing Success","article_modified_time":"2024-05-28T12:02:34+00:00","og_image":[{"width":1024,"height":512,"url":"https:\/\/picsium.io\/wp-content\/uploads\/2024\/05\/1024-\u00d7-516.png","type":"image\/png"}],"twitter_card":"summary_large_image","twitter_misc":{"Gesch\u00e4tzte Lesezeit":"5\u00a0Minuten"},"schema":{"@context":"https:\/\/schema.org","@graph":[{"@type":"WebPage","@id":"https:\/\/picsium.io\/privacy-policy\/","url":"https:\/\/picsium.io\/privacy-policy\/","name":"PRIVACY POLICY - Welcome to Picsium - Your Partner in Digital Marketing Success","isPartOf":{"@id":"https:\/\/picsium.io\/#website"},"datePublished":"2024-05-28T11:59:58+00:00","dateModified":"2024-05-28T12:02:34+00:00","breadcrumb":{"@id":"https:\/\/picsium.io\/privacy-policy\/#breadcrumb"},"inLanguage":"de","potentialAction":[{"@type":"ReadAction","target":["https:\/\/picsium.io\/privacy-policy\/"]}]},{"@type":"BreadcrumbList","@id":"https:\/\/picsium.io\/privacy-policy\/#breadcrumb","itemListElement":[{"@type":"ListItem","position":1,"name":"Home","item":"https:\/\/picsium.io\/"},{"@type":"ListItem","position":2,"name":"PRIVACY POLICY"}]},{"@type":"WebSite","@id":"https:\/\/picsium.io\/#website","url":"https:\/\/picsium.io\/","name":"Welcome to Picsium - Your Partner in Digital Marketing Success","description":"","publisher":{"@id":"https:\/\/picsium.io\/#organization"},"potentialAction":[{"@type":"SearchAction","target":{"@type":"EntryPoint","urlTemplate":"https:\/\/picsium.io\/?s={search_term_string}"},"query-input":"required name=search_term_string"}],"inLanguage":"de"},{"@type":"Organization","@id":"https:\/\/picsium.io\/#organization","name":"Welcome to Picsium - Your Partner in Digital Marketing Success","url":"https:\/\/picsium.io\/","logo":{"@type":"ImageObject","inLanguage":"de","@id":"https:\/\/picsium.io\/#\/schema\/logo\/image\/","url":"https:\/\/picsium.io\/wp-content\/uploads\/2024\/05\/PICSIUM-logo-1.svg","contentUrl":"https:\/\/picsium.io\/wp-content\/uploads\/2024\/05\/PICSIUM-logo-1.svg","width":119,"height":36,"caption":"Welcome to Picsium - Your Partner in Digital Marketing Success"},"image":{"@id":"https:\/\/picsium.io\/#\/schema\/logo\/image\/"}}]}},"_links":{"self":[{"href":"https:\/\/picsium.io\/de\/wp-json\/wp\/v2\/pages\/322","targetHints":{"allow":["GET"]}}],"collection":[{"href":"https:\/\/picsium.io\/de\/wp-json\/wp\/v2\/pages"}],"about":[{"href":"https:\/\/picsium.io\/de\/wp-json\/wp\/v2\/types\/page"}],"author":[{"embeddable":true,"href":"https:\/\/picsium.io\/de\/wp-json\/wp\/v2\/users\/1"}],"replies":[{"embeddable":true,"href":"https:\/\/picsium.io\/de\/wp-json\/wp\/v2\/comments?post=322"}],"version-history":[{"count":4,"href":"https:\/\/picsium.io\/de\/wp-json\/wp\/v2\/pages\/322\/revisions"}],"predecessor-version":[{"id":328,"href":"https:\/\/picsium.io\/de\/wp-json\/wp\/v2\/pages\/322\/revisions\/328"}],"wp:attachment":[{"href":"https:\/\/picsium.io\/de\/wp-json\/wp\/v2\/media?parent=322"}],"curies":[{"name":"wp","href":"https:\/\/api.w.org\/{rel}","templated":true}]}}