{"id":190,"date":"2024-05-23T09:34:55","date_gmt":"2024-05-23T09:34:55","guid":{"rendered":"https:\/\/picsium.io\/?post_type=product&#038;p=190"},"modified":"2024-05-23T09:35:09","modified_gmt":"2024-05-23T09:35:09","slug":"ultimate-mastery","status":"publish","type":"product","link":"https:\/\/picsium.io\/cs\/produkt\/ultimate-mastery\/","title":{"rendered":"Dokonal\u00e9 mistrovstv\u00ed"},"content":{"rendered":"<p>Bal\u00ed\u010dek Ultimate Mastery je ur\u010den pro podniky a velk\u00e9 firmy a nab\u00edz\u00ed bezkonkuren\u010dn\u00ed marketingov\u00e9 znalosti, \u0161pi\u010dkov\u00e9 strategie a kompletn\u00ed sadu slu\u017eeb, kter\u00e9 zajist\u00ed va\u0161\u00ed zna\u010dce dominantn\u00ed postaven\u00ed.<\/p>\n<ul>\n<li><strong>V\u0161echny slu\u017eby z bal\u00ed\u010dku Market Dominator<\/strong><\/li>\n<li><strong>Kompletn\u00ed strategie digit\u00e1ln\u00ed transformace:<\/strong> Vytvo\u0159en\u00ed komplexn\u00edho pl\u00e1nu digit\u00e1ln\u00ed transformace.<\/li>\n<li><strong>Integrace technologi\u00ed:<\/strong> Bezprobl\u00e9mov\u00e1 integrace pokro\u010dil\u00fdch marketingov\u00fdch technologi\u00ed.<\/li>\n<li><strong>V\u00fdvoj aplikac\u00ed na zak\u00e1zku:<\/strong> V\u00fdvoj zna\u010dkov\u00e9 mobiln\u00ed aplikace.<\/li>\n<li><strong>Personalizovan\u00e9 marketingov\u00e9 kampan\u011b:<\/strong> Implementace pokro\u010dil\u00fdch personaliza\u010dn\u00edch technik ve v\u0161ech kan\u00e1lech.<\/li>\n<li><strong>V\u00edcekan\u00e1lov\u00e1 anal\u00fdza:<\/strong> Integrace a anal\u00fdza dat ze v\u0161ech marketingov\u00fdch kan\u00e1l\u016f.<\/li>\n<li><strong>Mezin\u00e1rodn\u00ed SEO a SEM:<\/strong> V\u00fdvoj strategi\u00ed pro ovl\u00e1dnut\u00ed mezin\u00e1rodn\u00edch trh\u016f.<\/li>\n<li><strong>Pokro\u010dil\u00e9 video marketingov\u00e9 kampan\u011b:<\/strong> Produkce vysoce kvalitn\u00edch vide\u00ed a marketing.<\/li>\n<li><strong>Podpora VIP:<\/strong> Poskytov\u00e1n\u00ed specializovan\u00e9ho spr\u00e1vce \u00fa\u010dtu a nep\u0159etr\u017eit\u00e9 podpory.<\/li>\n<li><strong>V\u00fdro\u010dn\u00ed strategick\u00fd summit:<\/strong> Uspo\u0159\u00e1d\u00e1n\u00ed osobn\u00edho ka\u017edoro\u010dn\u00edho strategick\u00e9ho summitu s na\u0161imi p\u0159edn\u00edmi odborn\u00edky.<\/li>\n<li><strong>Komplexn\u00ed slu\u017eby v oblasti marketingu ud\u00e1lost\u00ed:<\/strong> Pl\u00e1nov\u00e1n\u00ed a realizace rozs\u00e1hl\u00fdch marketingov\u00fdch akc\u00ed a webin\u00e1\u0159\u016f.<\/li>\n<li><strong>Marketing p\u0159i uveden\u00ed produktu na trh:<\/strong> Vytv\u00e1\u0159en\u00ed komplexn\u00edho marketingu pro uveden\u00ed produktu na trh.<\/li>\n<li><strong>Pokro\u010dil\u00e1 integrace CRM:<\/strong> Integrace a optimalizace n\u00e1stroj\u016f pro \u0159\u00edzen\u00ed vztah\u016f se z\u00e1kazn\u00edky.<\/li>\n<\/ul>","protected":false},"excerpt":{"rendered":"<p>Designed for enterprises and large-scale businesses, the Ultimate Mastery package offers unparalleled marketing expertise, cutting-edge strategies, and a full suite of services to ensure your brand&#8217;s dominance. All services from the Market Dominator package Full Digital Transformation Strategy: Creating a comprehensive plan for digital transformation. Technology Integration: Seamlessly integrating advanced marketing technologies. Custom App Development: [&hellip;]<\/p>","protected":false},"featured_media":0,"comment_status":"open","ping_status":"closed","template":"","meta":{"_acf_changed":false,"inline_featured_image":false},"product_cat":[18],"product_tag":[],"class_list":{"0":"post-190","1":"product","2":"type-product","3":"status-publish","5":"product_cat-business-solutions","7":"first","8":"instock","9":"virtual","10":"purchasable","11":"product-type-simple"},"acf":[],"yoast_head":"<!-- This site is optimized with the Yoast SEO plugin v22.7 - https:\/\/yoast.com\/wordpress\/plugins\/seo\/ -->\n<title>Ultimate Mastery - Welcome to Picsium - Your Partner in Digital Marketing Success<\/title>\n<meta name=\"robots\" content=\"index, follow, max-snippet:-1, max-image-preview:large, max-video-preview:-1\" \/>\n<link rel=\"canonical\" href=\"https:\/\/picsium.io\/cs\/produkt\/ultimate-mastery\/\" \/>\n<meta property=\"og:locale\" content=\"cs_CZ\" \/>\n<meta property=\"og:type\" content=\"article\" \/>\n<meta property=\"og:title\" content=\"Ultimate Mastery - Welcome to Picsium - Your Partner in Digital Marketing Success\" \/>\n<meta property=\"og:description\" content=\"Designed for enterprises and large-scale businesses, the Ultimate Mastery package offers unparalleled marketing expertise, cutting-edge strategies, and a full suite of services to ensure your brand&#8217;s dominance. All services from the Market Dominator package Full Digital Transformation Strategy: Creating a comprehensive plan for digital transformation. Technology Integration: Seamlessly integrating advanced marketing technologies. Custom App Development: [&hellip;]\" \/>\n<meta property=\"og:url\" content=\"https:\/\/picsium.io\/cs\/produkt\/ultimate-mastery\/\" \/>\n<meta property=\"og:site_name\" content=\"Welcome to Picsium - Your Partner in Digital Marketing Success\" \/>\n<meta property=\"article:modified_time\" content=\"2024-05-23T09:35:09+00:00\" \/>\n<meta property=\"og:image\" content=\"https:\/\/picsium.io\/wp-content\/uploads\/2024\/05\/1024-\u00d7-516.png\" \/>\n\t<meta property=\"og:image:width\" content=\"1024\" \/>\n\t<meta property=\"og:image:height\" content=\"512\" \/>\n\t<meta property=\"og:image:type\" content=\"image\/png\" \/>\n<meta name=\"twitter:card\" content=\"summary_large_image\" \/>\n<meta name=\"twitter:label1\" content=\"Odhadovan\u00e1 doba \u010dten\u00ed\" \/>\n\t<meta name=\"twitter:data1\" content=\"1 minuta\" \/>\n<script type=\"application\/ld+json\" class=\"yoast-schema-graph\">{\"@context\":\"https:\/\/schema.org\",\"@graph\":[{\"@type\":\"WebPage\",\"@id\":\"https:\/\/picsium.io\/product\/ultimate-mastery\/\",\"url\":\"https:\/\/picsium.io\/product\/ultimate-mastery\/\",\"name\":\"Ultimate Mastery - Welcome to Picsium - Your Partner in Digital Marketing Success\",\"isPartOf\":{\"@id\":\"https:\/\/picsium.io\/#website\"},\"datePublished\":\"2024-05-23T09:34:55+00:00\",\"dateModified\":\"2024-05-23T09:35:09+00:00\",\"breadcrumb\":{\"@id\":\"https:\/\/picsium.io\/product\/ultimate-mastery\/#breadcrumb\"},\"inLanguage\":\"cs\",\"potentialAction\":[{\"@type\":\"ReadAction\",\"target\":[\"https:\/\/picsium.io\/product\/ultimate-mastery\/\"]}]},{\"@type\":\"BreadcrumbList\",\"@id\":\"https:\/\/picsium.io\/product\/ultimate-mastery\/#breadcrumb\",\"itemListElement\":[{\"@type\":\"ListItem\",\"position\":1,\"name\":\"Home\",\"item\":\"https:\/\/picsium.io\/\"},{\"@type\":\"ListItem\",\"position\":2,\"name\":\"Ultimate Mastery\"}]},{\"@type\":\"WebSite\",\"@id\":\"https:\/\/picsium.io\/#website\",\"url\":\"https:\/\/picsium.io\/\",\"name\":\"Welcome to Picsium - Your Partner in Digital Marketing Success\",\"description\":\"\",\"publisher\":{\"@id\":\"https:\/\/picsium.io\/#organization\"},\"potentialAction\":[{\"@type\":\"SearchAction\",\"target\":{\"@type\":\"EntryPoint\",\"urlTemplate\":\"https:\/\/picsium.io\/?s={search_term_string}\"},\"query-input\":\"required name=search_term_string\"}],\"inLanguage\":\"cs\"},{\"@type\":\"Organization\",\"@id\":\"https:\/\/picsium.io\/#organization\",\"name\":\"Welcome to Picsium - Your Partner in Digital Marketing Success\",\"url\":\"https:\/\/picsium.io\/\",\"logo\":{\"@type\":\"ImageObject\",\"inLanguage\":\"cs\",\"@id\":\"https:\/\/picsium.io\/#\/schema\/logo\/image\/\",\"url\":\"https:\/\/picsium.io\/wp-content\/uploads\/2024\/05\/PICSIUM-logo-1.svg\",\"contentUrl\":\"https:\/\/picsium.io\/wp-content\/uploads\/2024\/05\/PICSIUM-logo-1.svg\",\"width\":119,\"height\":36,\"caption\":\"Welcome to Picsium - Your Partner in Digital Marketing Success\"},\"image\":{\"@id\":\"https:\/\/picsium.io\/#\/schema\/logo\/image\/\"}}]}<\/script>\n<!-- \/ Yoast SEO plugin. -->","yoast_head_json":{"title":"Ultimate Mastery - Welcome to Picsium - Your Partner in Digital Marketing Success","robots":{"index":"index","follow":"follow","max-snippet":"max-snippet:-1","max-image-preview":"max-image-preview:large","max-video-preview":"max-video-preview:-1"},"canonical":"https:\/\/picsium.io\/cs\/produkt\/ultimate-mastery\/","og_locale":"cs_CZ","og_type":"article","og_title":"Ultimate Mastery - Welcome to Picsium - Your Partner in Digital Marketing Success","og_description":"Designed for enterprises and large-scale businesses, the Ultimate Mastery package offers unparalleled marketing expertise, cutting-edge strategies, and a full suite of services to ensure your brand&#8217;s dominance. All services from the Market Dominator package Full Digital Transformation Strategy: Creating a comprehensive plan for digital transformation. Technology Integration: Seamlessly integrating advanced marketing technologies. Custom App Development: [&hellip;]","og_url":"https:\/\/picsium.io\/cs\/produkt\/ultimate-mastery\/","og_site_name":"Welcome to Picsium - Your Partner in Digital Marketing Success","article_modified_time":"2024-05-23T09:35:09+00:00","og_image":[{"width":1024,"height":512,"url":"https:\/\/picsium.io\/wp-content\/uploads\/2024\/05\/1024-\u00d7-516.png","type":"image\/png"}],"twitter_card":"summary_large_image","twitter_misc":{"Odhadovan\u00e1 doba \u010dten\u00ed":"1 minuta"},"schema":{"@context":"https:\/\/schema.org","@graph":[{"@type":"WebPage","@id":"https:\/\/picsium.io\/product\/ultimate-mastery\/","url":"https:\/\/picsium.io\/product\/ultimate-mastery\/","name":"Ultimate Mastery - Welcome to Picsium - Your Partner in Digital Marketing Success","isPartOf":{"@id":"https:\/\/picsium.io\/#website"},"datePublished":"2024-05-23T09:34:55+00:00","dateModified":"2024-05-23T09:35:09+00:00","breadcrumb":{"@id":"https:\/\/picsium.io\/product\/ultimate-mastery\/#breadcrumb"},"inLanguage":"cs","potentialAction":[{"@type":"ReadAction","target":["https:\/\/picsium.io\/product\/ultimate-mastery\/"]}]},{"@type":"BreadcrumbList","@id":"https:\/\/picsium.io\/product\/ultimate-mastery\/#breadcrumb","itemListElement":[{"@type":"ListItem","position":1,"name":"Home","item":"https:\/\/picsium.io\/"},{"@type":"ListItem","position":2,"name":"Ultimate Mastery"}]},{"@type":"WebSite","@id":"https:\/\/picsium.io\/#website","url":"https:\/\/picsium.io\/","name":"Welcome to Picsium - Your Partner in Digital Marketing Success","description":"","publisher":{"@id":"https:\/\/picsium.io\/#organization"},"potentialAction":[{"@type":"SearchAction","target":{"@type":"EntryPoint","urlTemplate":"https:\/\/picsium.io\/?s={search_term_string}"},"query-input":"required name=search_term_string"}],"inLanguage":"cs"},{"@type":"Organization","@id":"https:\/\/picsium.io\/#organization","name":"Welcome to Picsium - Your Partner in Digital Marketing Success","url":"https:\/\/picsium.io\/","logo":{"@type":"ImageObject","inLanguage":"cs","@id":"https:\/\/picsium.io\/#\/schema\/logo\/image\/","url":"https:\/\/picsium.io\/wp-content\/uploads\/2024\/05\/PICSIUM-logo-1.svg","contentUrl":"https:\/\/picsium.io\/wp-content\/uploads\/2024\/05\/PICSIUM-logo-1.svg","width":119,"height":36,"caption":"Welcome to Picsium - Your Partner in Digital Marketing Success"},"image":{"@id":"https:\/\/picsium.io\/#\/schema\/logo\/image\/"}}]}},"_links":{"self":[{"href":"https:\/\/picsium.io\/cs\/wp-json\/wp\/v2\/product\/190","targetHints":{"allow":["GET"]}}],"collection":[{"href":"https:\/\/picsium.io\/cs\/wp-json\/wp\/v2\/product"}],"about":[{"href":"https:\/\/picsium.io\/cs\/wp-json\/wp\/v2\/types\/product"}],"replies":[{"embeddable":true,"href":"https:\/\/picsium.io\/cs\/wp-json\/wp\/v2\/comments?post=190"}],"wp:attachment":[{"href":"https:\/\/picsium.io\/cs\/wp-json\/wp\/v2\/media?parent=190"}],"wp:term":[{"taxonomy":"product_cat","embeddable":true,"href":"https:\/\/picsium.io\/cs\/wp-json\/wp\/v2\/product_cat?post=190"},{"taxonomy":"product_tag","embeddable":true,"href":"https:\/\/picsium.io\/cs\/wp-json\/wp\/v2\/product_tag?post=190"}],"curies":[{"name":"wp","href":"https:\/\/api.w.org\/{rel}","templated":true}]}}