{"id":189,"date":"2024-05-23T09:33:34","date_gmt":"2024-05-23T09:33:34","guid":{"rendered":"https:\/\/picsium.io\/?post_type=product&#038;p=189"},"modified":"2024-05-23T09:35:21","modified_gmt":"2024-05-23T09:35:21","slug":"market-dominator","status":"publish","type":"product","link":"https:\/\/picsium.io\/cs\/produkt\/market-dominator\/","title":{"rendered":"Domin\u00e1tor trhu"},"content":{"rendered":"<p>Bal\u00ed\u010dek Market Dominator je ur\u010den pro firmy, kter\u00e9 usiluj\u00ed o vedouc\u00ed postaven\u00ed na trhu, a obsahuje pokro\u010dil\u00e9 marketingov\u00e9 taktiky, komplexn\u00ed strategie a rozs\u00e1hlou podporu pro z\u00edsk\u00e1n\u00ed dominantn\u00edho postaven\u00ed v oboru.<\/p>\n<ul>\n<li><strong>V\u0161echny slu\u017eby z bal\u00ed\u010dku Growth Accelerator<\/strong><\/li>\n<li><strong>Tvorba e-knih a b\u00edl\u00fdch knih:<\/strong> Vypracov\u00e1n\u00ed 2 podrobn\u00fdch elektronick\u00fdch knih nebo b\u00edl\u00fdch knih.<\/li>\n<li><strong>Programy ambasadorstv\u00ed zna\u010dky:<\/strong> Zaveden\u00ed programu ambasador\u016f zna\u010dky.<\/li>\n<li><strong>Marketing vlivn\u00fdch osobnost\u00ed:<\/strong> Spr\u00e1va 2 partnerstv\u00ed s influencery.<\/li>\n<li><strong>Retargetingov\u00e9 kampan\u011b:<\/strong> Vytv\u00e1\u0159en\u00ed pokro\u010dil\u00fdch strategi\u00ed retargetingu pro op\u011btovn\u00e9 zapojen\u00ed n\u00e1v\u0161t\u011bvn\u00edk\u016f webov\u00fdch str\u00e1nek.<\/li>\n<li><strong>Komplexn\u00ed slu\u017eby SEO:<\/strong> Poskytov\u00e1n\u00ed komplexn\u00edch slu\u017eeb SEO, v\u010detn\u011b optimalizace na str\u00e1nce a mimo str\u00e1nku.<\/li>\n<li><strong>Vytv\u00e1\u0159en\u00ed vlastn\u00edch p\u0159\u00edstrojov\u00fdch panel\u016f:<\/strong> V\u00fdvoj personalizovan\u00e9ho \u0159\u00eddic\u00edho panelu pro anal\u00fdzu v re\u00e1ln\u00e9m \u010dase.<\/li>\n<li><strong>Sout\u011b\u017ee a propaga\u010dn\u00ed akce na soci\u00e1ln\u00edch s\u00edt\u00edch:<\/strong> Po\u0159\u00e1d\u00e1n\u00ed sout\u011b\u017e\u00ed a propaga\u010dn\u00edch akc\u00ed na soci\u00e1ln\u00edch s\u00edt\u00edch.<\/li>\n<li><strong>Nastaven\u00ed dynamick\u00fdch reklam:<\/strong> Vytv\u00e1\u0159en\u00ed dynamick\u00fdch reklam pro retargeting a konverze.<\/li>\n<li><strong>Dvoum\u011bs\u00ed\u010dn\u00ed hodnocen\u00ed strategie:<\/strong> Prov\u00e1d\u011bn\u00ed podrobn\u00e9ho p\u0159ezkumu a \u00faprav strategie.<\/li>\n<li><strong>Mapov\u00e1n\u00ed cesty z\u00e1kazn\u00edka:<\/strong> Anal\u00fdza a mapov\u00e1n\u00ed podrobn\u00fdch cest z\u00e1kazn\u00edk\u016f.<\/li>\n<li><strong>Kompletn\u00ed spr\u00e1va soci\u00e1ln\u00edch m\u00e9di\u00ed:<\/strong> Spr\u00e1va a rozvoj 4 \u00fa\u010dt\u016f na soci\u00e1ln\u00edch s\u00edt\u00edch.<\/li>\n<\/ul>","protected":false},"excerpt":{"rendered":"<p>Aimed at businesses striving for market leadership, the Market Dominator package includes advanced marketing tactics, comprehensive strategies, and robust support to dominate your industry. All services from the Growth Accelerator package E-book and Whitepaper Creation: Developing 2 in-depth e-books or whitepapers. Brand Ambassadorship Programs: Implementing a brand ambassador program. Influencer Marketing: Managing 2 influencer partnerships. [&hellip;]<\/p>","protected":false},"featured_media":0,"comment_status":"open","ping_status":"closed","template":"","meta":{"_acf_changed":false,"inline_featured_image":false},"product_cat":[18],"product_tag":[],"class_list":{"0":"post-189","1":"product","2":"type-product","3":"status-publish","5":"product_cat-business-solutions","7":"first","8":"instock","9":"virtual","10":"purchasable","11":"product-type-simple"},"acf":[],"yoast_head":"<!-- This site is optimized with the Yoast SEO plugin v22.7 - https:\/\/yoast.com\/wordpress\/plugins\/seo\/ -->\n<title>Market Dominator - Welcome to Picsium - Your Partner in Digital Marketing Success<\/title>\n<meta name=\"robots\" content=\"index, follow, max-snippet:-1, max-image-preview:large, max-video-preview:-1\" \/>\n<link rel=\"canonical\" href=\"https:\/\/picsium.io\/cs\/produkt\/market-dominator\/\" \/>\n<meta property=\"og:locale\" content=\"cs_CZ\" \/>\n<meta property=\"og:type\" content=\"article\" \/>\n<meta property=\"og:title\" content=\"Market Dominator - Welcome to Picsium - Your Partner in Digital Marketing Success\" \/>\n<meta property=\"og:description\" content=\"Aimed at businesses striving for market leadership, the Market Dominator package includes advanced marketing tactics, comprehensive strategies, and robust support to dominate your industry. All services from the Growth Accelerator package E-book and Whitepaper Creation: Developing 2 in-depth e-books or whitepapers. Brand Ambassadorship Programs: Implementing a brand ambassador program. Influencer Marketing: Managing 2 influencer partnerships. [&hellip;]\" \/>\n<meta property=\"og:url\" content=\"https:\/\/picsium.io\/cs\/produkt\/market-dominator\/\" \/>\n<meta property=\"og:site_name\" content=\"Welcome to Picsium - Your Partner in Digital Marketing Success\" \/>\n<meta property=\"article:modified_time\" content=\"2024-05-23T09:35:21+00:00\" \/>\n<meta property=\"og:image\" content=\"https:\/\/picsium.io\/wp-content\/uploads\/2024\/05\/1024-\u00d7-516.png\" \/>\n\t<meta property=\"og:image:width\" content=\"1024\" \/>\n\t<meta property=\"og:image:height\" content=\"512\" \/>\n\t<meta property=\"og:image:type\" content=\"image\/png\" \/>\n<meta name=\"twitter:card\" content=\"summary_large_image\" \/>\n<meta name=\"twitter:label1\" content=\"Odhadovan\u00e1 doba \u010dten\u00ed\" \/>\n\t<meta name=\"twitter:data1\" content=\"1 minuta\" \/>\n<script type=\"application\/ld+json\" class=\"yoast-schema-graph\">{\"@context\":\"https:\/\/schema.org\",\"@graph\":[{\"@type\":\"WebPage\",\"@id\":\"https:\/\/picsium.io\/product\/market-dominator\/\",\"url\":\"https:\/\/picsium.io\/product\/market-dominator\/\",\"name\":\"Market Dominator - Welcome to Picsium - Your Partner in Digital Marketing Success\",\"isPartOf\":{\"@id\":\"https:\/\/picsium.io\/#website\"},\"datePublished\":\"2024-05-23T09:33:34+00:00\",\"dateModified\":\"2024-05-23T09:35:21+00:00\",\"breadcrumb\":{\"@id\":\"https:\/\/picsium.io\/product\/market-dominator\/#breadcrumb\"},\"inLanguage\":\"cs\",\"potentialAction\":[{\"@type\":\"ReadAction\",\"target\":[\"https:\/\/picsium.io\/product\/market-dominator\/\"]}]},{\"@type\":\"BreadcrumbList\",\"@id\":\"https:\/\/picsium.io\/product\/market-dominator\/#breadcrumb\",\"itemListElement\":[{\"@type\":\"ListItem\",\"position\":1,\"name\":\"Home\",\"item\":\"https:\/\/picsium.io\/\"},{\"@type\":\"ListItem\",\"position\":2,\"name\":\"Market Dominator\"}]},{\"@type\":\"WebSite\",\"@id\":\"https:\/\/picsium.io\/#website\",\"url\":\"https:\/\/picsium.io\/\",\"name\":\"Welcome to Picsium - Your Partner in Digital Marketing Success\",\"description\":\"\",\"publisher\":{\"@id\":\"https:\/\/picsium.io\/#organization\"},\"potentialAction\":[{\"@type\":\"SearchAction\",\"target\":{\"@type\":\"EntryPoint\",\"urlTemplate\":\"https:\/\/picsium.io\/?s={search_term_string}\"},\"query-input\":\"required name=search_term_string\"}],\"inLanguage\":\"cs\"},{\"@type\":\"Organization\",\"@id\":\"https:\/\/picsium.io\/#organization\",\"name\":\"Welcome to Picsium - Your Partner in Digital Marketing Success\",\"url\":\"https:\/\/picsium.io\/\",\"logo\":{\"@type\":\"ImageObject\",\"inLanguage\":\"cs\",\"@id\":\"https:\/\/picsium.io\/#\/schema\/logo\/image\/\",\"url\":\"https:\/\/picsium.io\/wp-content\/uploads\/2024\/05\/PICSIUM-logo-1.svg\",\"contentUrl\":\"https:\/\/picsium.io\/wp-content\/uploads\/2024\/05\/PICSIUM-logo-1.svg\",\"width\":119,\"height\":36,\"caption\":\"Welcome to Picsium - Your Partner in Digital Marketing Success\"},\"image\":{\"@id\":\"https:\/\/picsium.io\/#\/schema\/logo\/image\/\"}}]}<\/script>\n<!-- \/ Yoast SEO plugin. -->","yoast_head_json":{"title":"Market Dominator - Welcome to Picsium - Your Partner in Digital Marketing Success","robots":{"index":"index","follow":"follow","max-snippet":"max-snippet:-1","max-image-preview":"max-image-preview:large","max-video-preview":"max-video-preview:-1"},"canonical":"https:\/\/picsium.io\/cs\/produkt\/market-dominator\/","og_locale":"cs_CZ","og_type":"article","og_title":"Market Dominator - Welcome to Picsium - Your Partner in Digital Marketing Success","og_description":"Aimed at businesses striving for market leadership, the Market Dominator package includes advanced marketing tactics, comprehensive strategies, and robust support to dominate your industry. All services from the Growth Accelerator package E-book and Whitepaper Creation: Developing 2 in-depth e-books or whitepapers. Brand Ambassadorship Programs: Implementing a brand ambassador program. Influencer Marketing: Managing 2 influencer partnerships. [&hellip;]","og_url":"https:\/\/picsium.io\/cs\/produkt\/market-dominator\/","og_site_name":"Welcome to Picsium - Your Partner in Digital Marketing Success","article_modified_time":"2024-05-23T09:35:21+00:00","og_image":[{"width":1024,"height":512,"url":"https:\/\/picsium.io\/wp-content\/uploads\/2024\/05\/1024-\u00d7-516.png","type":"image\/png"}],"twitter_card":"summary_large_image","twitter_misc":{"Odhadovan\u00e1 doba \u010dten\u00ed":"1 minuta"},"schema":{"@context":"https:\/\/schema.org","@graph":[{"@type":"WebPage","@id":"https:\/\/picsium.io\/product\/market-dominator\/","url":"https:\/\/picsium.io\/product\/market-dominator\/","name":"Market Dominator - Welcome to Picsium - Your Partner in Digital Marketing Success","isPartOf":{"@id":"https:\/\/picsium.io\/#website"},"datePublished":"2024-05-23T09:33:34+00:00","dateModified":"2024-05-23T09:35:21+00:00","breadcrumb":{"@id":"https:\/\/picsium.io\/product\/market-dominator\/#breadcrumb"},"inLanguage":"cs","potentialAction":[{"@type":"ReadAction","target":["https:\/\/picsium.io\/product\/market-dominator\/"]}]},{"@type":"BreadcrumbList","@id":"https:\/\/picsium.io\/product\/market-dominator\/#breadcrumb","itemListElement":[{"@type":"ListItem","position":1,"name":"Home","item":"https:\/\/picsium.io\/"},{"@type":"ListItem","position":2,"name":"Market Dominator"}]},{"@type":"WebSite","@id":"https:\/\/picsium.io\/#website","url":"https:\/\/picsium.io\/","name":"Welcome to Picsium - Your Partner in Digital Marketing Success","description":"","publisher":{"@id":"https:\/\/picsium.io\/#organization"},"potentialAction":[{"@type":"SearchAction","target":{"@type":"EntryPoint","urlTemplate":"https:\/\/picsium.io\/?s={search_term_string}"},"query-input":"required name=search_term_string"}],"inLanguage":"cs"},{"@type":"Organization","@id":"https:\/\/picsium.io\/#organization","name":"Welcome to Picsium - Your Partner in Digital Marketing Success","url":"https:\/\/picsium.io\/","logo":{"@type":"ImageObject","inLanguage":"cs","@id":"https:\/\/picsium.io\/#\/schema\/logo\/image\/","url":"https:\/\/picsium.io\/wp-content\/uploads\/2024\/05\/PICSIUM-logo-1.svg","contentUrl":"https:\/\/picsium.io\/wp-content\/uploads\/2024\/05\/PICSIUM-logo-1.svg","width":119,"height":36,"caption":"Welcome to Picsium - Your Partner in Digital Marketing Success"},"image":{"@id":"https:\/\/picsium.io\/#\/schema\/logo\/image\/"}}]}},"_links":{"self":[{"href":"https:\/\/picsium.io\/cs\/wp-json\/wp\/v2\/product\/189","targetHints":{"allow":["GET"]}}],"collection":[{"href":"https:\/\/picsium.io\/cs\/wp-json\/wp\/v2\/product"}],"about":[{"href":"https:\/\/picsium.io\/cs\/wp-json\/wp\/v2\/types\/product"}],"replies":[{"embeddable":true,"href":"https:\/\/picsium.io\/cs\/wp-json\/wp\/v2\/comments?post=189"}],"wp:attachment":[{"href":"https:\/\/picsium.io\/cs\/wp-json\/wp\/v2\/media?parent=189"}],"wp:term":[{"taxonomy":"product_cat","embeddable":true,"href":"https:\/\/picsium.io\/cs\/wp-json\/wp\/v2\/product_cat?post=189"},{"taxonomy":"product_tag","embeddable":true,"href":"https:\/\/picsium.io\/cs\/wp-json\/wp\/v2\/product_tag?post=189"}],"curies":[{"name":"wp","href":"https:\/\/api.w.org\/{rel}","templated":true}]}}