{"id":188,"date":"2024-05-23T09:31:32","date_gmt":"2024-05-23T09:31:32","guid":{"rendered":"https:\/\/picsium.io\/?post_type=product&#038;p=188"},"modified":"2024-05-23T09:37:51","modified_gmt":"2024-05-23T09:37:51","slug":"growth-accelerator","status":"publish","type":"product","link":"https:\/\/picsium.io\/cs\/produkt\/growth-accelerator\/","title":{"rendered":"Urychlova\u010d r\u016fstu"},"content":{"rendered":"<p>Bal\u00ed\u010dek Growth Accelerator pro podniky p\u0159ipraven\u00e9 k r\u016fstu je postaven na z\u00e1kladech bal\u00ed\u010dku Startup Boost a nab\u00edz\u00ed komplexn\u011bj\u0161\u00ed slu\u017eby a pokro\u010dil\u00e9 strategie k dosa\u017een\u00ed v\u00fdznamn\u00e9ho r\u016fstu.<\/p>\n<ul>\n<li><strong>V\u0161echny slu\u017eby z bal\u00ed\u010dku Startup Boost<\/strong><\/li>\n<li><strong>V\u00fdroba videa:<\/strong> Vytvo\u0159en\u00ed 2 vysoce kvalitn\u00edch propaga\u010dn\u00edch vide\u00ed.<\/li>\n<li><strong>Infografick\u00fd design:<\/strong> Vytvo\u0159en\u00ed 4 vlastn\u00edch infografik.<\/li>\n<li><strong>Optimalizace c\u00edlov\u00e9 str\u00e1nky:<\/strong> Optimalizace 2 vstupn\u00edch str\u00e1nek pro konverze.<\/li>\n<li><strong>Pokro\u010dil\u00e1 spr\u00e1va kampan\u00ed PPC:<\/strong> Spr\u00e1va a optimalizace a\u017e 3 kampan\u00ed PPC.<\/li>\n<li><strong>Tvorba obsahu soci\u00e1ln\u00edch m\u00e9di\u00ed:<\/strong> Vytv\u00e1\u0159en\u00ed obsahu pro 3 platformy.<\/li>\n<li><strong>Kampan\u011b na podporu veden\u00ed:<\/strong> V\u00fdvoj a implementace e-mailov\u00fdch sekvenc\u00ed pro v\u00fdchovu potenci\u00e1ln\u00edch z\u00e1kazn\u00edk\u016f.<\/li>\n<li><strong>Nastaven\u00ed sledov\u00e1n\u00ed konverz\u00ed:<\/strong> Nastaven\u00ed pokro\u010dil\u00e9ho sledov\u00e1n\u00ed pro lep\u0161\u00ed p\u0159ehled.<\/li>\n<li><strong>\u010ctvrtletn\u00ed p\u0159ehled strategie:<\/strong> Prov\u00e1d\u011bn\u00ed komplexn\u00edho p\u0159ezkumu a \u00fapravy strategi\u00ed.<\/li>\n<li><strong>Psan\u00ed a distribuce tiskov\u00fdch zpr\u00e1v:<\/strong> Naps\u00e1n\u00ed a distribuce 2 tiskov\u00fdch zpr\u00e1v.<\/li>\n<li><strong>Zpr\u00e1vy o zna\u010dce a jej\u00ed um\u00edst\u011bn\u00ed:<\/strong> Vypracov\u00e1n\u00ed pr\u016fvodce sd\u011blen\u00edm zna\u010dky.<\/li>\n<\/ul>","protected":false},"excerpt":{"rendered":"<p>For businesses ready to scale, the Growth Accelerator package builds on the foundation of the Startup Boost, offering more comprehensive services and advanced strategies to drive significant growth. All services from the Startup Boost package Video Production: Producing 2 high-quality promotional videos. Infographic Design: Creating 4 custom infographics. Landing Page Optimization: Optimising 2 landing pages [&hellip;]<\/p>","protected":false},"featured_media":0,"comment_status":"open","ping_status":"closed","template":"","meta":{"_acf_changed":false,"inline_featured_image":false},"product_cat":[18],"product_tag":[],"class_list":{"0":"post-188","1":"product","2":"type-product","3":"status-publish","5":"product_cat-business-solutions","7":"first","8":"instock","9":"virtual","10":"purchasable","11":"product-type-simple"},"acf":[],"yoast_head":"<!-- This site is optimized with the Yoast SEO plugin v22.7 - https:\/\/yoast.com\/wordpress\/plugins\/seo\/ -->\n<title>Growth Accelerator - Welcome to Picsium - Your Partner in Digital Marketing Success<\/title>\n<meta name=\"robots\" content=\"index, follow, max-snippet:-1, max-image-preview:large, max-video-preview:-1\" \/>\n<link rel=\"canonical\" href=\"https:\/\/picsium.io\/cs\/produkt\/growth-accelerator\/\" \/>\n<meta property=\"og:locale\" content=\"cs_CZ\" \/>\n<meta property=\"og:type\" content=\"article\" \/>\n<meta property=\"og:title\" content=\"Growth Accelerator - Welcome to Picsium - Your Partner in Digital Marketing Success\" \/>\n<meta property=\"og:description\" content=\"For businesses ready to scale, the Growth Accelerator package builds on the foundation of the Startup Boost, offering more comprehensive services and advanced strategies to drive significant growth. All services from the Startup Boost package Video Production: Producing 2 high-quality promotional videos. Infographic Design: Creating 4 custom infographics. Landing Page Optimization: Optimising 2 landing pages [&hellip;]\" \/>\n<meta property=\"og:url\" content=\"https:\/\/picsium.io\/cs\/produkt\/growth-accelerator\/\" \/>\n<meta property=\"og:site_name\" content=\"Welcome to Picsium - Your Partner in Digital Marketing Success\" \/>\n<meta property=\"article:modified_time\" content=\"2024-05-23T09:37:51+00:00\" \/>\n<meta property=\"og:image\" content=\"https:\/\/picsium.io\/wp-content\/uploads\/2024\/05\/1024-\u00d7-516.png\" \/>\n\t<meta property=\"og:image:width\" content=\"1024\" \/>\n\t<meta property=\"og:image:height\" content=\"512\" \/>\n\t<meta property=\"og:image:type\" content=\"image\/png\" \/>\n<meta name=\"twitter:card\" content=\"summary_large_image\" \/>\n<meta name=\"twitter:label1\" content=\"Odhadovan\u00e1 doba \u010dten\u00ed\" \/>\n\t<meta name=\"twitter:data1\" content=\"1 minuta\" \/>\n<script type=\"application\/ld+json\" class=\"yoast-schema-graph\">{\"@context\":\"https:\/\/schema.org\",\"@graph\":[{\"@type\":\"WebPage\",\"@id\":\"https:\/\/picsium.io\/product\/growth-accelerator\/\",\"url\":\"https:\/\/picsium.io\/product\/growth-accelerator\/\",\"name\":\"Growth Accelerator - Welcome to Picsium - Your Partner in Digital Marketing Success\",\"isPartOf\":{\"@id\":\"https:\/\/picsium.io\/#website\"},\"datePublished\":\"2024-05-23T09:31:32+00:00\",\"dateModified\":\"2024-05-23T09:37:51+00:00\",\"breadcrumb\":{\"@id\":\"https:\/\/picsium.io\/product\/growth-accelerator\/#breadcrumb\"},\"inLanguage\":\"cs\",\"potentialAction\":[{\"@type\":\"ReadAction\",\"target\":[\"https:\/\/picsium.io\/product\/growth-accelerator\/\"]}]},{\"@type\":\"BreadcrumbList\",\"@id\":\"https:\/\/picsium.io\/product\/growth-accelerator\/#breadcrumb\",\"itemListElement\":[{\"@type\":\"ListItem\",\"position\":1,\"name\":\"Home\",\"item\":\"https:\/\/picsium.io\/\"},{\"@type\":\"ListItem\",\"position\":2,\"name\":\"Growth Accelerator\"}]},{\"@type\":\"WebSite\",\"@id\":\"https:\/\/picsium.io\/#website\",\"url\":\"https:\/\/picsium.io\/\",\"name\":\"Welcome to Picsium - Your Partner in Digital Marketing Success\",\"description\":\"\",\"publisher\":{\"@id\":\"https:\/\/picsium.io\/#organization\"},\"potentialAction\":[{\"@type\":\"SearchAction\",\"target\":{\"@type\":\"EntryPoint\",\"urlTemplate\":\"https:\/\/picsium.io\/?s={search_term_string}\"},\"query-input\":\"required name=search_term_string\"}],\"inLanguage\":\"cs\"},{\"@type\":\"Organization\",\"@id\":\"https:\/\/picsium.io\/#organization\",\"name\":\"Welcome to Picsium - Your Partner in Digital Marketing Success\",\"url\":\"https:\/\/picsium.io\/\",\"logo\":{\"@type\":\"ImageObject\",\"inLanguage\":\"cs\",\"@id\":\"https:\/\/picsium.io\/#\/schema\/logo\/image\/\",\"url\":\"https:\/\/picsium.io\/wp-content\/uploads\/2024\/05\/PICSIUM-logo-1.svg\",\"contentUrl\":\"https:\/\/picsium.io\/wp-content\/uploads\/2024\/05\/PICSIUM-logo-1.svg\",\"width\":119,\"height\":36,\"caption\":\"Welcome to Picsium - Your Partner in Digital Marketing Success\"},\"image\":{\"@id\":\"https:\/\/picsium.io\/#\/schema\/logo\/image\/\"}}]}<\/script>\n<!-- \/ Yoast SEO plugin. -->","yoast_head_json":{"title":"Growth Accelerator - Welcome to Picsium - Your Partner in Digital Marketing Success","robots":{"index":"index","follow":"follow","max-snippet":"max-snippet:-1","max-image-preview":"max-image-preview:large","max-video-preview":"max-video-preview:-1"},"canonical":"https:\/\/picsium.io\/cs\/produkt\/growth-accelerator\/","og_locale":"cs_CZ","og_type":"article","og_title":"Growth Accelerator - Welcome to Picsium - Your Partner in Digital Marketing Success","og_description":"For businesses ready to scale, the Growth Accelerator package builds on the foundation of the Startup Boost, offering more comprehensive services and advanced strategies to drive significant growth. All services from the Startup Boost package Video Production: Producing 2 high-quality promotional videos. Infographic Design: Creating 4 custom infographics. Landing Page Optimization: Optimising 2 landing pages [&hellip;]","og_url":"https:\/\/picsium.io\/cs\/produkt\/growth-accelerator\/","og_site_name":"Welcome to Picsium - Your Partner in Digital Marketing Success","article_modified_time":"2024-05-23T09:37:51+00:00","og_image":[{"width":1024,"height":512,"url":"https:\/\/picsium.io\/wp-content\/uploads\/2024\/05\/1024-\u00d7-516.png","type":"image\/png"}],"twitter_card":"summary_large_image","twitter_misc":{"Odhadovan\u00e1 doba \u010dten\u00ed":"1 minuta"},"schema":{"@context":"https:\/\/schema.org","@graph":[{"@type":"WebPage","@id":"https:\/\/picsium.io\/product\/growth-accelerator\/","url":"https:\/\/picsium.io\/product\/growth-accelerator\/","name":"Growth Accelerator - Welcome to Picsium - Your Partner in Digital Marketing Success","isPartOf":{"@id":"https:\/\/picsium.io\/#website"},"datePublished":"2024-05-23T09:31:32+00:00","dateModified":"2024-05-23T09:37:51+00:00","breadcrumb":{"@id":"https:\/\/picsium.io\/product\/growth-accelerator\/#breadcrumb"},"inLanguage":"cs","potentialAction":[{"@type":"ReadAction","target":["https:\/\/picsium.io\/product\/growth-accelerator\/"]}]},{"@type":"BreadcrumbList","@id":"https:\/\/picsium.io\/product\/growth-accelerator\/#breadcrumb","itemListElement":[{"@type":"ListItem","position":1,"name":"Home","item":"https:\/\/picsium.io\/"},{"@type":"ListItem","position":2,"name":"Growth Accelerator"}]},{"@type":"WebSite","@id":"https:\/\/picsium.io\/#website","url":"https:\/\/picsium.io\/","name":"Welcome to Picsium - Your Partner in Digital Marketing Success","description":"","publisher":{"@id":"https:\/\/picsium.io\/#organization"},"potentialAction":[{"@type":"SearchAction","target":{"@type":"EntryPoint","urlTemplate":"https:\/\/picsium.io\/?s={search_term_string}"},"query-input":"required name=search_term_string"}],"inLanguage":"cs"},{"@type":"Organization","@id":"https:\/\/picsium.io\/#organization","name":"Welcome to Picsium - Your Partner in Digital Marketing Success","url":"https:\/\/picsium.io\/","logo":{"@type":"ImageObject","inLanguage":"cs","@id":"https:\/\/picsium.io\/#\/schema\/logo\/image\/","url":"https:\/\/picsium.io\/wp-content\/uploads\/2024\/05\/PICSIUM-logo-1.svg","contentUrl":"https:\/\/picsium.io\/wp-content\/uploads\/2024\/05\/PICSIUM-logo-1.svg","width":119,"height":36,"caption":"Welcome to Picsium - Your Partner in Digital Marketing Success"},"image":{"@id":"https:\/\/picsium.io\/#\/schema\/logo\/image\/"}}]}},"_links":{"self":[{"href":"https:\/\/picsium.io\/cs\/wp-json\/wp\/v2\/product\/188","targetHints":{"allow":["GET"]}}],"collection":[{"href":"https:\/\/picsium.io\/cs\/wp-json\/wp\/v2\/product"}],"about":[{"href":"https:\/\/picsium.io\/cs\/wp-json\/wp\/v2\/types\/product"}],"replies":[{"embeddable":true,"href":"https:\/\/picsium.io\/cs\/wp-json\/wp\/v2\/comments?post=188"}],"wp:attachment":[{"href":"https:\/\/picsium.io\/cs\/wp-json\/wp\/v2\/media?parent=188"}],"wp:term":[{"taxonomy":"product_cat","embeddable":true,"href":"https:\/\/picsium.io\/cs\/wp-json\/wp\/v2\/product_cat?post=188"},{"taxonomy":"product_tag","embeddable":true,"href":"https:\/\/picsium.io\/cs\/wp-json\/wp\/v2\/product_tag?post=188"}],"curies":[{"name":"wp","href":"https:\/\/api.w.org\/{rel}","templated":true}]}}