{"id":329,"date":"2024-05-28T12:05:40","date_gmt":"2024-05-28T12:05:40","guid":{"rendered":"https:\/\/picsium.io\/?page_id=329"},"modified":"2024-05-28T12:05:58","modified_gmt":"2024-05-28T12:05:58","slug":"cookie-policy","status":"publish","type":"page","link":"https:\/\/picsium.io\/cs\/cookie-policy\/","title":{"rendered":"Z\u00c1SADY UCHOV\u00c1V\u00c1N\u00cd SOUBOR\u016e COOKIE"},"content":{"rendered":"<p>Tyto z\u00e1sady pou\u017e\u00edv\u00e1n\u00ed soubor\u016f cookie vysv\u011btluj\u00ed, jak spole\u010dnost Picsium s.r.o (\"Picsium\", \"my\", \"n\u00e1s\" nebo \"na\u0161e\") pou\u017e\u00edv\u00e1 soubory cookie a podobn\u00e9 technologie, kdy\u017e nav\u0161t\u00edv\u00edte na\u0161e webov\u00e9 str\u00e1nky.<a href=\"https:\/\/picsium.io\/cs\/\">https:\/\/picsium.io\/<\/a>] (d\u00e1le jen \"webov\u00e9 str\u00e1nky\").<\/p>\n\n\n\n<h3 class=\"wp-block-heading\">CO JSOU TO SOUBORY COOKIE?\u00a0<\/h3>\n\n\n\n<p>Soubory cookie jsou mal\u00e9 textov\u00e9 soubory, kter\u00e9 se p\u0159i n\u00e1v\u0161t\u011bv\u011b ur\u010dit\u00fdch webov\u00fdch str\u00e1nek ukl\u00e1daj\u00ed do va\u0161eho za\u0159\u00edzen\u00ed (po\u010d\u00edta\u010de, chytr\u00e9ho telefonu, tabletu). Jsou hojn\u011b vyu\u017e\u00edv\u00e1ny k zefektivn\u011bn\u00ed fungov\u00e1n\u00ed webov\u00fdch str\u00e1nek a k poskytov\u00e1n\u00ed informac\u00ed jejich majitel\u016fm.<\/p>\n\n\n\n<h3 class=\"wp-block-heading\">JAK POU\u017d\u00cdV\u00c1ME SOUBORY COOKIE?<\/h3>\n\n\n\n<p>Soubory cookie pou\u017e\u00edv\u00e1me k r\u016fzn\u00fdm \u00fa\u010del\u016fm, v\u010detn\u011b:<\/p>\n\n\n\n<ol class=\"wp-block-list\">\n<li>Z\u00e1kladn\u00ed soubory cookie: Tyto soubory cookie jsou nezbytn\u00e9 pro provoz na\u0161ich webov\u00fdch str\u00e1nek. Umo\u017e\u0148uj\u00ed z\u00e1kladn\u00ed funkce, jako je navigace na str\u00e1nce a p\u0159\u00edstup do zabezpe\u010den\u00fdch oblast\u00ed webu. Bez t\u011bchto soubor\u016f cookie nem\u016f\u017ee webov\u00e1 str\u00e1nka spr\u00e1vn\u011b fungovat.<\/li>\n\n\n\n<li>Analytick\u00e9 soubory cookie: Tyto soubory cookie n\u00e1m umo\u017e\u0148uj\u00ed analyzovat, jak n\u00e1v\u0161t\u011bvn\u00edci pou\u017e\u00edvaj\u00ed na\u0161e webov\u00e9 str\u00e1nky, abychom mohli m\u011b\u0159it a zlep\u0161ovat jejich v\u00fdkon. Pom\u00e1haj\u00ed n\u00e1m nap\u0159\u00edklad zjistit, kter\u00e9 str\u00e1nky jsou nejobl\u00edben\u011bj\u0161\u00ed a kter\u00e9 nejm\u00e9n\u011b, a jak se n\u00e1v\u0161t\u011bvn\u00edci na webu pohybuj\u00ed.<\/li>\n\n\n\n<li>Funk\u010dn\u00ed soubory cookie: Tyto soubory cookie umo\u017e\u0148uj\u00ed roz\u0161\u00ed\u0159enou funk\u010dnost a personalizaci na\u0161ich webov\u00fdch str\u00e1nek. Mohou b\u00fdt nastaveny n\u00e1mi nebo poskytovateli t\u0159et\u00edch stran, jejich\u017e slu\u017eby jsme p\u0159idali na na\u0161e str\u00e1nky.<\/li>\n\n\n\n<li>Reklamn\u00ed soubory cookie: Tyto soubory cookie zobrazuj\u00ed reklamy, kter\u00e9 jsou pro v\u00e1s relevantn\u00ed a odpov\u00eddaj\u00ed va\u0161im z\u00e1jm\u016fm. Reklamn\u00ed s\u00edt\u011b je mohou tak\u00e9 pou\u017e\u00edvat ke sledov\u00e1n\u00ed va\u0161\u00ed aktivity p\u0159i prohl\u00ed\u017een\u00ed r\u016fzn\u00fdch webov\u00fdch str\u00e1nek.<\/li>\n<\/ol>\n\n\n\n<h3 class=\"wp-block-heading\">VA\u0160E VOLBA OHLEDN\u011a SOUBOR\u016e COOKIE<\/h3>\n\n\n\n<p>Soubory cookie m\u016f\u017eete p\u0159ijmout nebo odm\u00edtnout. V\u011bt\u0161ina webov\u00fdch prohl\u00ed\u017ee\u010d\u016f soubory cookie automaticky p\u0159ij\u00edm\u00e1, ale pokud si to p\u0159ejete, m\u016f\u017eete obvykle zm\u011bnit nastaven\u00ed prohl\u00ed\u017ee\u010de a soubory cookie odm\u00edtnout. Vezm\u011bte pros\u00edm na v\u011bdom\u00ed, \u017ee zak\u00e1z\u00e1n\u00ed soubor\u016f cookie m\u016f\u017ee ovlivnit va\u0161e pou\u017e\u00edv\u00e1n\u00ed na\u0161ich webov\u00fdch str\u00e1nek a omezit jejich funk\u010dnost.<\/p>\n\n\n\n<h3 class=\"wp-block-heading\">SOUBORY COOKIE T\u0158ET\u00cdCH STRAN<\/h3>\n\n\n\n<p>M\u016f\u017eeme tak\u00e9 pou\u017e\u00edvat slu\u017eby t\u0159et\u00edch stran, kter\u00e9 pou\u017e\u00edvaj\u00ed soubory cookie, aby n\u00e1m pomohly analyzovat a zlep\u0161ovat na\u0161e webov\u00e9 str\u00e1nky (nap\u0159. Google Analytics). Tyto t\u0159et\u00ed strany mohou tak\u00e9 pou\u017e\u00edvat soubory cookie k poskytov\u00e1n\u00ed c\u00edlen\u00e9 reklamy na z\u00e1klad\u011b aktivit p\u0159i prohl\u00ed\u017een\u00ed.<\/p>\n\n\n\n<h3 class=\"wp-block-heading\">ZM\u011aNY T\u011aCHTO Z\u00c1SAD POU\u017d\u00cdV\u00c1N\u00cd SOUBOR\u016e COOKIE<\/h3>\n\n\n\n<p>Tyto z\u00e1sady pou\u017e\u00edv\u00e1n\u00ed soubor\u016f cookie m\u016f\u017eeme \u010das od \u010dasu aktualizovat, aby odr\u00e1\u017eely zm\u011bny v na\u0161ich postupech nebo z jin\u00fdch provozn\u00edch, pr\u00e1vn\u00edch nebo regula\u010dn\u00edch d\u016fvod\u016f. Doporu\u010dujeme v\u00e1m, abyste tuto str\u00e1nku pravideln\u011b kontrolovali a seznamovali se s nejnov\u011bj\u0161\u00edmi informacemi o na\u0161em pou\u017e\u00edv\u00e1n\u00ed soubor\u016f cookie.<\/p>\n\n\n\n<h3 class=\"wp-block-heading\">KONTAKTUJTE N\u00c1S<\/h3>\n\n\n\n<p>M\u00e1te-li jak\u00e9koli dotazy t\u00fdkaj\u00edc\u00ed se na\u0161ich z\u00e1sad pou\u017e\u00edv\u00e1n\u00ed soubor\u016f cookie, kontaktujte n\u00e1s prost\u0159ednictv\u00edm:<\/p>\n\n\n\n<ul class=\"wp-block-list\">\n<li>E-mail: <a href=\"mailto:info@picsium.io\">info@picsium.io<\/a><\/li>\n\n\n\n<li>Telefon: <a href=\"tel: 420296183124\">+420296183124<\/a><\/li>\n\n\n\n<li>Webov\u00e9 str\u00e1nky:<a href=\"https:\/\/picsium.io\/cs\/\"> https:\/\/picsium.io\/<\/a><\/li>\n<\/ul>","protected":false},"excerpt":{"rendered":"<p>This Cookie Policy explains how Picsium s.r.o (&#8220;Picsium,&#8221; &#8220;we,&#8221; &#8220;us,&#8221; or &#8220;our&#8221;) uses cookies and similar technologies when you visit our website [https:\/\/picsium.io\/] (the &#8220;Website&#8221;). WHAT ARE COOKIES?\u00a0 Cookies are small text files stored on your device (computer, smartphone, tablet) when visiting certain websites. They are widely used to make websites work more efficiently and [&hellip;]<\/p>","protected":false},"author":1,"featured_media":0,"parent":0,"menu_order":0,"comment_status":"closed","ping_status":"closed","template":"templates-pages\/policy.php","meta":{"_acf_changed":false,"inline_featured_image":false,"footnotes":""},"class_list":["post-329","page","type-page","status-publish","hentry"],"acf":[],"yoast_head":"<!-- This site is optimized with the Yoast SEO plugin v22.7 - https:\/\/yoast.com\/wordpress\/plugins\/seo\/ -->\n<title>COOKIE POLICY - Welcome to Picsium - Your Partner in Digital Marketing Success<\/title>\n<meta name=\"robots\" content=\"index, follow, max-snippet:-1, max-image-preview:large, max-video-preview:-1\" \/>\n<link rel=\"canonical\" href=\"https:\/\/picsium.io\/cs\/cookie-policy\/\" \/>\n<meta property=\"og:locale\" content=\"cs_CZ\" \/>\n<meta property=\"og:type\" content=\"article\" \/>\n<meta property=\"og:title\" content=\"COOKIE POLICY - Welcome to Picsium - Your Partner in Digital Marketing Success\" \/>\n<meta property=\"og:description\" content=\"This Cookie Policy explains how Picsium s.r.o (&#8220;Picsium,&#8221; &#8220;we,&#8221; &#8220;us,&#8221; or &#8220;our&#8221;) uses cookies and similar technologies when you visit our website [https:\/\/picsium.io\/] (the &#8220;Website&#8221;). WHAT ARE COOKIES?\u00a0 Cookies are small text files stored on your device (computer, smartphone, tablet) when visiting certain websites. They are widely used to make websites work more efficiently and [&hellip;]\" \/>\n<meta property=\"og:url\" content=\"https:\/\/picsium.io\/cs\/cookie-policy\/\" \/>\n<meta property=\"og:site_name\" content=\"Welcome to Picsium - Your Partner in Digital Marketing Success\" \/>\n<meta property=\"article:modified_time\" content=\"2024-05-28T12:05:58+00:00\" \/>\n<meta property=\"og:image\" content=\"https:\/\/picsium.io\/wp-content\/uploads\/2024\/05\/1024-\u00d7-516.png\" \/>\n\t<meta property=\"og:image:width\" content=\"1024\" \/>\n\t<meta property=\"og:image:height\" content=\"512\" \/>\n\t<meta property=\"og:image:type\" content=\"image\/png\" \/>\n<meta name=\"twitter:card\" content=\"summary_large_image\" \/>\n<meta name=\"twitter:label1\" content=\"Odhadovan\u00e1 doba \u010dten\u00ed\" \/>\n\t<meta name=\"twitter:data1\" content=\"2 minuty\" \/>\n<script type=\"application\/ld+json\" class=\"yoast-schema-graph\">{\"@context\":\"https:\/\/schema.org\",\"@graph\":[{\"@type\":\"WebPage\",\"@id\":\"https:\/\/picsium.io\/cookie-policy\/\",\"url\":\"https:\/\/picsium.io\/cookie-policy\/\",\"name\":\"COOKIE POLICY - Welcome to Picsium - Your Partner in Digital Marketing Success\",\"isPartOf\":{\"@id\":\"https:\/\/picsium.io\/#website\"},\"datePublished\":\"2024-05-28T12:05:40+00:00\",\"dateModified\":\"2024-05-28T12:05:58+00:00\",\"breadcrumb\":{\"@id\":\"https:\/\/picsium.io\/cookie-policy\/#breadcrumb\"},\"inLanguage\":\"cs\",\"potentialAction\":[{\"@type\":\"ReadAction\",\"target\":[\"https:\/\/picsium.io\/cookie-policy\/\"]}]},{\"@type\":\"BreadcrumbList\",\"@id\":\"https:\/\/picsium.io\/cookie-policy\/#breadcrumb\",\"itemListElement\":[{\"@type\":\"ListItem\",\"position\":1,\"name\":\"Home\",\"item\":\"https:\/\/picsium.io\/\"},{\"@type\":\"ListItem\",\"position\":2,\"name\":\"COOKIE POLICY\"}]},{\"@type\":\"WebSite\",\"@id\":\"https:\/\/picsium.io\/#website\",\"url\":\"https:\/\/picsium.io\/\",\"name\":\"Welcome to Picsium - Your Partner in Digital Marketing Success\",\"description\":\"\",\"publisher\":{\"@id\":\"https:\/\/picsium.io\/#organization\"},\"potentialAction\":[{\"@type\":\"SearchAction\",\"target\":{\"@type\":\"EntryPoint\",\"urlTemplate\":\"https:\/\/picsium.io\/?s={search_term_string}\"},\"query-input\":\"required name=search_term_string\"}],\"inLanguage\":\"cs\"},{\"@type\":\"Organization\",\"@id\":\"https:\/\/picsium.io\/#organization\",\"name\":\"Welcome to Picsium - Your Partner in Digital Marketing Success\",\"url\":\"https:\/\/picsium.io\/\",\"logo\":{\"@type\":\"ImageObject\",\"inLanguage\":\"cs\",\"@id\":\"https:\/\/picsium.io\/#\/schema\/logo\/image\/\",\"url\":\"https:\/\/picsium.io\/wp-content\/uploads\/2024\/05\/PICSIUM-logo-1.svg\",\"contentUrl\":\"https:\/\/picsium.io\/wp-content\/uploads\/2024\/05\/PICSIUM-logo-1.svg\",\"width\":119,\"height\":36,\"caption\":\"Welcome to Picsium - Your Partner in Digital Marketing Success\"},\"image\":{\"@id\":\"https:\/\/picsium.io\/#\/schema\/logo\/image\/\"}}]}<\/script>\n<!-- \/ Yoast SEO plugin. -->","yoast_head_json":{"title":"COOKIE POLICY - Welcome to Picsium - Your Partner in Digital Marketing Success","robots":{"index":"index","follow":"follow","max-snippet":"max-snippet:-1","max-image-preview":"max-image-preview:large","max-video-preview":"max-video-preview:-1"},"canonical":"https:\/\/picsium.io\/cs\/cookie-policy\/","og_locale":"cs_CZ","og_type":"article","og_title":"COOKIE POLICY - Welcome to Picsium - Your Partner in Digital Marketing Success","og_description":"This Cookie Policy explains how Picsium s.r.o (&#8220;Picsium,&#8221; &#8220;we,&#8221; &#8220;us,&#8221; or &#8220;our&#8221;) uses cookies and similar technologies when you visit our website [https:\/\/picsium.io\/] (the &#8220;Website&#8221;). WHAT ARE COOKIES?\u00a0 Cookies are small text files stored on your device (computer, smartphone, tablet) when visiting certain websites. They are widely used to make websites work more efficiently and [&hellip;]","og_url":"https:\/\/picsium.io\/cs\/cookie-policy\/","og_site_name":"Welcome to Picsium - Your Partner in Digital Marketing Success","article_modified_time":"2024-05-28T12:05:58+00:00","og_image":[{"width":1024,"height":512,"url":"https:\/\/picsium.io\/wp-content\/uploads\/2024\/05\/1024-\u00d7-516.png","type":"image\/png"}],"twitter_card":"summary_large_image","twitter_misc":{"Odhadovan\u00e1 doba \u010dten\u00ed":"2 minuty"},"schema":{"@context":"https:\/\/schema.org","@graph":[{"@type":"WebPage","@id":"https:\/\/picsium.io\/cookie-policy\/","url":"https:\/\/picsium.io\/cookie-policy\/","name":"COOKIE POLICY - Welcome to Picsium - Your Partner in Digital Marketing Success","isPartOf":{"@id":"https:\/\/picsium.io\/#website"},"datePublished":"2024-05-28T12:05:40+00:00","dateModified":"2024-05-28T12:05:58+00:00","breadcrumb":{"@id":"https:\/\/picsium.io\/cookie-policy\/#breadcrumb"},"inLanguage":"cs","potentialAction":[{"@type":"ReadAction","target":["https:\/\/picsium.io\/cookie-policy\/"]}]},{"@type":"BreadcrumbList","@id":"https:\/\/picsium.io\/cookie-policy\/#breadcrumb","itemListElement":[{"@type":"ListItem","position":1,"name":"Home","item":"https:\/\/picsium.io\/"},{"@type":"ListItem","position":2,"name":"COOKIE POLICY"}]},{"@type":"WebSite","@id":"https:\/\/picsium.io\/#website","url":"https:\/\/picsium.io\/","name":"Welcome to Picsium - Your Partner in Digital Marketing Success","description":"","publisher":{"@id":"https:\/\/picsium.io\/#organization"},"potentialAction":[{"@type":"SearchAction","target":{"@type":"EntryPoint","urlTemplate":"https:\/\/picsium.io\/?s={search_term_string}"},"query-input":"required name=search_term_string"}],"inLanguage":"cs"},{"@type":"Organization","@id":"https:\/\/picsium.io\/#organization","name":"Welcome to Picsium - Your Partner in Digital Marketing Success","url":"https:\/\/picsium.io\/","logo":{"@type":"ImageObject","inLanguage":"cs","@id":"https:\/\/picsium.io\/#\/schema\/logo\/image\/","url":"https:\/\/picsium.io\/wp-content\/uploads\/2024\/05\/PICSIUM-logo-1.svg","contentUrl":"https:\/\/picsium.io\/wp-content\/uploads\/2024\/05\/PICSIUM-logo-1.svg","width":119,"height":36,"caption":"Welcome to Picsium - Your Partner in Digital Marketing Success"},"image":{"@id":"https:\/\/picsium.io\/#\/schema\/logo\/image\/"}}]}},"_links":{"self":[{"href":"https:\/\/picsium.io\/cs\/wp-json\/wp\/v2\/pages\/329","targetHints":{"allow":["GET"]}}],"collection":[{"href":"https:\/\/picsium.io\/cs\/wp-json\/wp\/v2\/pages"}],"about":[{"href":"https:\/\/picsium.io\/cs\/wp-json\/wp\/v2\/types\/page"}],"author":[{"embeddable":true,"href":"https:\/\/picsium.io\/cs\/wp-json\/wp\/v2\/users\/1"}],"replies":[{"embeddable":true,"href":"https:\/\/picsium.io\/cs\/wp-json\/wp\/v2\/comments?post=329"}],"version-history":[{"count":1,"href":"https:\/\/picsium.io\/cs\/wp-json\/wp\/v2\/pages\/329\/revisions"}],"predecessor-version":[{"id":330,"href":"https:\/\/picsium.io\/cs\/wp-json\/wp\/v2\/pages\/329\/revisions\/330"}],"wp:attachment":[{"href":"https:\/\/picsium.io\/cs\/wp-json\/wp\/v2\/media?parent=329"}],"curies":[{"name":"wp","href":"https:\/\/api.w.org\/{rel}","templated":true}]}}