{"id":322,"date":"2024-05-28T11:59:58","date_gmt":"2024-05-28T11:59:58","guid":{"rendered":"https:\/\/picsium.io\/?page_id=322"},"modified":"2024-05-28T12:02:34","modified_gmt":"2024-05-28T12:02:34","slug":"privacy-policy","status":"publish","type":"page","link":"https:\/\/picsium.io\/cs\/privacy-policy\/","title":{"rendered":"Z\u00c1SADY OCHRANY OSOBN\u00cdCH \u00daDAJ\u016e"},"content":{"rendered":"<h3 class=\"wp-block-heading\">N\u00c1\u0160 Z\u00c1VAZEK K OCHRAN\u011a OSOBN\u00cdCH \u00daDAJ\u016e<\/h3>\n\n\n\n<p>Ve spole\u010dnosti Picsium je ochrana va\u0161eho soukrom\u00ed na prvn\u00edm m\u00edst\u011b. Toto ozn\u00e1men\u00ed popisuje na\u0161e online informa\u010dn\u00ed postupy a umo\u017e\u0148uje v\u00e1m \u010dinit informovan\u00e1 rozhodnut\u00ed o shroma\u017e\u010fov\u00e1n\u00ed a vyu\u017e\u00edv\u00e1n\u00ed va\u0161ich informac\u00ed.&nbsp;<\/p>\n\n\n\n<h3 class=\"wp-block-heading\">SB\u011aR INFORMAC\u00cd<\/h3>\n\n\n\n<p>Va\u0161e \u00fadaje shroma\u017e\u010fujeme nebo z\u00edsk\u00e1v\u00e1me, pokud je to nezbytn\u00e9 nebo z opr\u00e1vn\u011bn\u00fdch pr\u00e1vn\u00edch d\u016fvod\u016f. Tyto \u00fadaje mohou b\u00fdt shroma\u017e\u010fov\u00e1ny p\u0159\u00edmo nebo nep\u0159\u00edmo prost\u0159ednictv\u00edm na\u0161ich webov\u00fdch str\u00e1nek. Na konkr\u00e9tn\u00edch str\u00e1nk\u00e1ch, kde shroma\u017e\u010fujeme r\u016fzn\u00e9 osobn\u00ed \u00fadaje, m\u016f\u017eete zad\u00e1vat \u017e\u00e1dosti o slu\u017eby nebo o zas\u00edl\u00e1n\u00ed materi\u00e1l\u016f, mimo jin\u00e9:<\/p>\n\n\n\n<ul class=\"custom-list wp-block-list\">\n<li>N\u00e1zev<\/li>\n\n\n\n<li>Adresa<\/li>\n\n\n\n<li>E-mailov\u00e1 adresa<\/li>\n\n\n\n<li>Telefonn\u00ed \u010d\u00edslo<\/li>\n<\/ul>\n\n\n\n<p>Pokud poskytnete osobn\u00ed \u00fadaje pat\u0159\u00edc\u00ed jin\u00e9 osob\u011b nebo t\u0159et\u00ed stran\u011b (nap\u0159. informace o va\u0161\u00ed spole\u010dnosti), je va\u0161\u00ed odpov\u011bdnost\u00ed zajistit, aby byli informov\u00e1ni o podrobnostech uveden\u00fdch v t\u011bchto Z\u00e1sad\u00e1ch ochrany osobn\u00edch \u00fadaj\u016f a poskytli n\u00e1m sv\u016fj souhlas se sd\u00edlen\u00edm \u00fadaj\u016f.<\/p>\n\n\n\n<p>Poskytnut\u00ed informac\u00ed je dobrovoln\u00e9, ale ur\u010dit\u00e9 \u00fadaje mohou b\u00fdt vy\u017eadov\u00e1ny z\u00e1konem. Uv\u011bdomte si, \u017ee neposkytnut\u00ed konkr\u00e9tn\u00edch \u00fadaj\u016f m\u016f\u017ee zt\u00ed\u017eit na\u0161i schopnost plnit n\u011bkter\u00e9 nebo v\u0161echny \u00fa\u010dely uveden\u00e9 v t\u011bchto Z\u00e1sad\u00e1ch ochrany osobn\u00edch \u00fadaj\u016f a m\u016f\u017ee omezit v\u00e1\u0161 p\u0159\u00edstup k ur\u010dit\u00fdm n\u00e1stroj\u016fm a syst\u00e9m\u016fm, kter\u00e9 na t\u011bchto \u00fadaj\u00edch z\u00e1vis\u00ed.<\/p>\n\n\n\n<h3 class=\"wp-block-heading\">NA\u0160E POU\u017d\u00cdV\u00c1N\u00cd OSOBN\u00cdCH \u00daDAJ\u016e<\/h3>\n\n\n\n<p>Kdy\u017e u n\u00e1s zad\u00e1te objedn\u00e1vku, pou\u017eijeme informace, kter\u00e9 jste n\u00e1m o sob\u011b poskytli, v\u00fdhradn\u011b ke spln\u011bn\u00ed konkr\u00e9tn\u00edho po\u017eadavku. E-mailov\u00e9 adresy, kter\u00e9 n\u00e1m byly zasl\u00e1ny, slou\u017e\u00ed k odpov\u011bdi na dotazy a nejsou sd\u00edleny s extern\u00edmi stranami ani pou\u017e\u00edv\u00e1ny k jin\u00fdm \u00fa\u010del\u016fm.<\/p>\n\n\n\n<p>Pokud se rozhodnete zaregistrovat na na\u0161ich webov\u00fdch str\u00e1nk\u00e1ch, m\u016f\u017eete dost\u00e1vat n\u00e1\u0161 newsletter a aktualizace na\u0161ich nejnov\u011bj\u0161\u00edch produkt\u016f a slu\u017eeb. Tyto informace v\u00e1m v\u0161ak budeme zas\u00edlat pouze v p\u0159\u00edpad\u011b, \u017ee jste vyplnili p\u0159\u00edslu\u0161n\u00fd registra\u010dn\u00ed formul\u00e1\u0159.<\/p>\n\n\n\n<p>Analyzujeme neidentifikuj\u00edc\u00ed a souhrnn\u00e9 \u00fadaje, abychom vylep\u0161ili design na\u0161ich webov\u00fdch str\u00e1nek. Nezve\u0159ej\u0148ujeme v\u0161ak \u017e\u00e1dn\u00e9 informace, kter\u00e9 by mohly identifikovat jednotlivce.<\/p>\n\n\n\n<p>Pokud se rozhodnete objedn\u00e1vku zru\u0161it, uchov\u00e1me kopii va\u0161ich \u00fadaj\u016f na archivn\u00edm serveru po dobu 3 let. Po uplynut\u00ed t\u00e9to doby budou v\u0161echny souvisej\u00edc\u00ed \u00fadaje trvale vymaz\u00e1ny.<\/p>\n\n\n\n<p>Osobn\u00ed \u00fadaje, kter\u00e9 n\u00e1m byly poskytnuty online, nikdy nepou\u017e\u00edv\u00e1me ani ne\u0161\u00ed\u0159\u00edme bez va\u0161eho v\u00fdslovn\u00e9ho souhlasu pro \u00fa\u010dely, kter\u00e9 nesouvisej\u00ed s v\u00fd\u0161e uveden\u00fdmi \u00fa\u010dely. Krom\u011b toho v\u00e1m nab\u00edz\u00edme mo\u017enost odm\u00edtnout nebo zabr\u00e1nit takov\u00e9mu nesouvisej\u00edc\u00edmu pou\u017eit\u00ed. Upozor\u0148ujeme v\u0161ak, \u017ee vznesen\u00ed n\u00e1mitky proti ud\u011blen\u00ed souhlasu se zpracov\u00e1n\u00edm nebo pou\u017eit\u00edm va\u0161ich \u00fadaj\u016f m\u016f\u017ee ovlivnit na\u0161i schopnost plnit na\u0161e povinnosti nebo poskytovat ur\u010dit\u00e9 slu\u017eby.<\/p>\n\n\n\n<h3 class=\"wp-block-heading\">ZVE\u0158EJ\u0147OV\u00c1N\u00cd OSOBN\u00cdCH \u00daDAJ\u016e<\/h3>\n\n\n\n<p>Va\u0161e osobn\u00ed \u00fadaje nesd\u00edl\u00edme, nezve\u0159ej\u0148ujeme ani nep\u0159ed\u00e1v\u00e1me k jin\u00fdm \u00fa\u010del\u016fm, ne\u017e kter\u00e9 jsou uvedeny v t\u011bchto Z\u00e1sad\u00e1ch ochrany osobn\u00edch \u00fadaj\u016f, bez va\u0161eho souhlasu, pokud takov\u00e9 zve\u0159ejn\u011bn\u00ed nevy\u017eaduje z\u00e1kon. Va\u0161e Osobn\u00ed \u00fadaje v\u0161ak m\u016f\u017eeme zp\u0159\u00edstupnit t\u0159et\u00edm stran\u00e1m, abychom v\u00e1m usnadnili pou\u017e\u00edv\u00e1n\u00ed webov\u00fdch str\u00e1nek nebo p\u0159\u00edstup k nim, podpo\u0159ili na\u0161e podnik\u00e1n\u00ed nebo pro jin\u00e9 \u00fa\u010dely uveden\u00e9 v t\u011bchto Z\u00e1sad\u00e1ch ochrany osobn\u00edch \u00fadaj\u016f.<\/p>\n\n\n\n<p>Tyto t\u0159et\u00ed strany se mohou nach\u00e1zet v Evropsk\u00e9 unii nebo mimo ni a zahrnuj\u00ed na\u0161e dce\u0159in\u00e9 spole\u010dnosti, p\u0159idru\u017een\u00e9 spole\u010dnosti a poskytovatele slu\u017eeb. Zaji\u0161\u0165ujeme, aby tyto strany byly smluvn\u011b zav\u00e1z\u00e1ny zachov\u00e1vat d\u016fv\u011brnost a bezpe\u010dnost va\u0161ich osobn\u00edch \u00fadaj\u016f a pou\u017e\u00edvat je pouze pro stanoven\u00e9 \u00fa\u010dely.<\/p>\n\n\n\n<p>Va\u0161e p\u0159ijet\u00ed a pou\u017e\u00edv\u00e1n\u00ed slu\u017eeb t\u0159et\u00edch stran se \u0159\u00edd\u00ed podm\u00ednkami dohodnut\u00fdmi mezi v\u00e1mi a poskytovateli slu\u017eeb. Jak\u00e9koli dotazy nebo st\u00ed\u017enosti t\u00fdkaj\u00edc\u00ed se va\u0161eho p\u0159ijet\u00ed nebo pou\u017e\u00edv\u00e1n\u00ed t\u011bchto slu\u017eeb by m\u011bly b\u00fdt sm\u011b\u0159ov\u00e1ny na p\u0159\u00edslu\u0161nou t\u0159et\u00ed stranu.<\/p>\n\n\n\n<p>Pokud je t\u0159eba va\u0161e \u00fadaje p\u0159edat do zahrani\u010d\u00ed na\u0161im p\u0159idru\u017een\u00fdm spole\u010dnostem nebo t\u0159et\u00edm stran\u00e1m, zavedeme vhodn\u00e1 ochrann\u00e1 opat\u0159en\u00ed pro bezpe\u010dn\u00e9 sd\u00edlen\u00ed nebo p\u0159enos va\u0161ich \u00fadaj\u016f.<\/p>\n\n\n\n<p>Krom\u011b toho m\u016f\u017eeme va\u0161e osobn\u00ed \u00fadaje zp\u0159\u00edstupnit nebo p\u0159edat, pokud to vy\u017eaduj\u00ed z\u00e1kony a p\u0159edpisy, nap\u0159\u00edklad na z\u00e1klad\u011b \u017e\u00e1dost\u00ed o vy\u0161et\u0159ov\u00e1n\u00ed, soudn\u00ed spory nebo trestn\u00ed st\u00edh\u00e1n\u00ed. V takov\u00fdch p\u0159\u00edpadech mohou b\u00fdt va\u0161e \u00dadaje zp\u0159\u00edstupn\u011bny st\u00e1tn\u00edm org\u00e1n\u016fm, regula\u010dn\u00edm org\u00e1n\u016fm nebo jin\u00fdm p\u0159\u00edslu\u0161n\u00fdm agentur\u00e1m, jak to ukl\u00e1d\u00e1 z\u00e1kon.<\/p>\n\n\n\n<h3 class=\"wp-block-heading\">NA\u0160E Z\u00c1SADY UCHOV\u00c1V\u00c1N\u00cd DAT<\/h3>\n\n\n\n<p>Va\u0161e \u00fadaje budeme uchov\u00e1vat pouze po dobu nezbytnou k napln\u011bn\u00ed \u00fa\u010del\u016f uveden\u00fdch v p\u0159edchoz\u00ed \u010d\u00e1sti. Va\u0161e \u00fadaje v\u0161ak m\u016f\u017eeme uchov\u00e1vat po dobu, kterou pova\u017eujeme za vhodnou a nezbytnou, jak stanov\u00ed z\u00e1kon o ochran\u011b osobn\u00edch \u00fadaj\u016f (PDPA).<\/p>\n\n\n\n<h3 class=\"wp-block-heading\">Z\u00c1VAZEK K ZABEZPE\u010cEN\u00cd DAT\u00a0<\/h3>\n\n\n\n<p>Abychom zabr\u00e1nili neopr\u00e1vn\u011bn\u00e9mu p\u0159\u00edstupu, udr\u017eeli p\u0159esnost \u00fadaj\u016f a zajistili spr\u00e1vn\u00e9 pou\u017e\u00edv\u00e1n\u00ed informac\u00ed, zavedli jsme vhodn\u00e9 fyzick\u00e9, elektronick\u00e9 a mana\u017eersk\u00e9 postupy k ochran\u011b a zabezpe\u010den\u00ed informac\u00ed shrom\u00e1\u017ed\u011bn\u00fdch online.<\/p>\n\n\n\n<h3 class=\"wp-block-heading\">P\u0158\u00cdSTUP, OPRAVA nebo VYMAZ\u00c1N\u00cd VA\u0160ICH INFORMAC\u00cd<\/h3>\n\n\n\n<p>M\u00e1te pr\u00e1vo na p\u0159\u00edstup ke sv\u00fdm osobn\u00edm \u00fadaj\u016fm, kter\u00e9 shroma\u017e\u010fujeme a uchov\u00e1v\u00e1me, nebo na z\u00edsk\u00e1n\u00ed jejich kopie. Krom\u011b toho m\u016f\u017eete po\u017e\u00e1dat o zve\u0159ejn\u011bn\u00ed zdroje va\u0161ich shrom\u00e1\u017ed\u011bn\u00fdch \u00fadaj\u016f bez va\u0161eho souhlasu.<\/p>\n\n\n\n<p>Pokud chcete omezit pou\u017e\u00edv\u00e1n\u00ed sv\u00fdch osobn\u00edch \u00fadaj\u016f nebo vzn\u00e9st n\u00e1mitku proti jejich shroma\u017e\u010fov\u00e1n\u00ed, pou\u017e\u00edv\u00e1n\u00ed a zve\u0159ej\u0148ov\u00e1n\u00ed, napi\u0161te n\u00e1m pros\u00edm na adresu. <a href=\"mailto:info@picsium.io\">info@picsium.io<\/a>.<\/p>\n\n\n\n<p>Faktick\u00e9 chyby ve va\u0161ich osobn\u00edch \u00fadaj\u00edch m\u016f\u017eete aktualizovat, doplnit nebo opravit pod\u00e1n\u00edm \u017e\u00e1dosti, kter\u00e1 v\u011brohodn\u011b prok\u00e1\u017ee chyby.<\/p>\n\n\n\n<p>Chcete-li se informovat o vymaz\u00e1n\u00ed informac\u00ed, kter\u00e9 spole\u010dnost Picsium uchov\u00e1v\u00e1, kontaktujte n\u00e1s.<\/p>\n\n\n\n<p>V z\u00e1jmu ochrany va\u0161eho soukrom\u00ed a bezpe\u010dnosti podnikneme p\u0159im\u011b\u0159en\u00e9 kroky k ov\u011b\u0159en\u00ed va\u0161\u00ed toto\u017enosti p\u0159ed ud\u011blen\u00edm p\u0159\u00edstupu nebo proveden\u00edm oprav.<\/p>\n\n\n\n<p>Upozor\u0148ujeme, \u017ee uplatn\u011bn\u00ed v\u00fd\u0161e uveden\u00fdch pr\u00e1v podl\u00e9h\u00e1 podm\u00ednk\u00e1m a v\u00fdjimk\u00e1m podle platn\u00fdch z\u00e1kon\u016f. Za ur\u010dit\u00fdch okolnost\u00ed m\u016f\u017ee b\u00fdt va\u0161e \u017e\u00e1dost zam\u00edtnuta, pokud se na ni vztahuj\u00ed omezen\u00ed.<\/p>\n\n\n\n<p>V p\u0159\u00edpad\u011b jak\u00fdchkoli dotaz\u016f n\u00e1s pros\u00edm kontaktujte na adrese <a href=\"mailto:info@picsium.io\">info@picsium.io<\/a>.<\/p>\n\n\n\n<h3 class=\"wp-block-heading\">COOKIES<\/h3>\n\n\n\n<p>P\u0159i proch\u00e1zen\u00ed str\u00e1nek picsium.io se do va\u0161eho po\u010d\u00edta\u010de, mobiln\u00edho za\u0159\u00edzen\u00ed nebo tabletu ukl\u00e1daj\u00ed reklamn\u00ed soubory cookie, aby bylo mo\u017en\u00e9 zjistit va\u0161e z\u00e1jmy. Tyto soubory cookie v\u00e1s osobn\u011b neidentifikuj\u00ed, ale slou\u017e\u00ed k vylep\u0161en\u00ed funk\u010dnosti webov\u00fdch str\u00e1nek a poskytuj\u00ed v\u00e1m lep\u0161\u00ed z\u00e1\u017eitek. Na z\u00e1klad\u011b va\u0161ich interakc\u00ed s picsium.io pou\u017e\u00edv\u00e1me retargetingovou reklamu na jin\u00fdch webech. Tyto techniky neshroma\u017e\u010fuj\u00ed osobn\u00ed \u00fadaje, jako je va\u0161e jm\u00e9no, e-mailov\u00e1 adresa, po\u0161tovn\u00ed adresa nebo telefonn\u00ed \u010d\u00edslo.&nbsp;<\/p>\n\n\n\n<h3 class=\"wp-block-heading\">OBECN\u00c9 NA\u0158\u00cdZEN\u00cd O OCHRAN\u011a OSOBN\u00cdCH \u00daDAJ\u016e<\/h3>\n\n\n\n<p>Spole\u010dnost Picsium zpracov\u00e1v\u00e1 osobn\u00ed \u00fadaje jako spr\u00e1vce \u00fadaj\u016f podle obecn\u00e9ho na\u0159\u00edzen\u00ed o ochran\u011b osobn\u00edch \u00fadaj\u016f (GDPR). Osobn\u00ed \u00fadaje jsou bezpe\u010dn\u011b ulo\u017eeny v hostingov\u00fdch za\u0159\u00edzen\u00edch, kter\u00e1 jsou v souladu s GDPR a dal\u0161\u00edmi z\u00e1kony o ochran\u011b osobn\u00edch \u00fadaj\u016f.<\/p>\n\n\n\n<p>V p\u0159\u00edpad\u011b osobn\u00edch \u00fadaj\u016f z\u00edskan\u00fdch z Evropsk\u00e9ho hospod\u00e1\u0159sk\u00e9ho prostoru (EHP) spole\u010dnost Picsium potvrdila soulad s GDPR, pokud jde o shroma\u017e\u010fov\u00e1n\u00ed, pou\u017e\u00edv\u00e1n\u00ed a ukl\u00e1d\u00e1n\u00ed osobn\u00edch \u00fadaj\u016f ze zem\u00ed EU.<\/p>\n\n\n\n<p>Pokud si p\u0159ejete z\u00edskat kopii sv\u00fdch \u00fadaj\u016f nebo po\u017e\u00e1dat o jejich vymaz\u00e1n\u00ed, kontaktujte n\u00e1s zde. Okam\u017eit\u011b v\u00e1m pom\u016f\u017eeme. Sna\u017e\u00edme se va\u0161e \u00fadaje odstranit nebo poskytnout do 30 pracovn\u00edch dn\u016f.<\/p>\n\n\n\n<h3 class=\"wp-block-heading\">ZM\u011aNY T\u011aCHTO Z\u00c1SAD OCHRANY OSOBN\u00cdCH \u00daDAJ\u016e<\/h3>\n\n\n\n<p>Tyto z\u00e1sady ochrany osobn\u00edch \u00fadaj\u016f m\u016f\u017eeme pravideln\u011b m\u011bnit nebo aktualizovat, aby odpov\u00eddaly na\u0161im \u010dinnostem a platn\u00fdm z\u00e1kon\u016fm a p\u0159edpis\u016fm. N\u011bkdy m\u016f\u017eeme vydat dal\u0161\u00ed ozn\u00e1men\u00ed o ochran\u011b osobn\u00edch \u00fadaj\u016f, abychom v\u00e1s informovali o konkr\u00e9tn\u00edch \u010dinnostech zpracov\u00e1n\u00ed \u00fadaj\u016f. O v\u0161ech zm\u011bn\u00e1ch Z\u00e1sad ochrany osobn\u00edch \u00fadaj\u016f budeme informovat na na\u0161ich webov\u00fdch str\u00e1nk\u00e1ch.<\/p>\n\n\n\n<h3 class=\"wp-block-heading\">KONTAKTUJTE N\u00c1S<\/h3>\n\n\n\n<p>Pokud m\u00e1te jak\u00e9koli dotazy nebo obavy t\u00fdkaj\u00edc\u00ed se na\u0161ich z\u00e1sad ochrany osobn\u00edch \u00fadaj\u016f nebo nakl\u00e1d\u00e1n\u00ed s va\u0161imi osobn\u00edmi \u00fadaji, nev\u00e1hejte n\u00e1s kontaktovat prost\u0159ednictv\u00edm:<\/p>\n\n\n\n<ul class=\"wp-block-list\">\n<li>E-mail: <a href=\"mailto:info@picsium.io\">info@picsium.io<\/a><\/li>\n\n\n\n<li>Telefon: <a href=\"tel: 420296183124\">+420296183124<\/a><\/li>\n\n\n\n<li>Webov\u00e9 str\u00e1nky:<a href=\"https:\/\/picsium.io\/cs\/\"> https:\/\/picsium.io\/<\/a><\/li>\n<\/ul>","protected":false},"excerpt":{"rendered":"<p>N\u00c1\u0160 Z\u00c1VAZEK K OCHRAN\u011a SOUKROM\u00cd Pro spole\u010dnost Picsium je ochrana va\u0161eho soukrom\u00ed na prvn\u00edm m\u00edst\u011b. Toto ozn\u00e1men\u00ed popisuje na\u0161e online informa\u010dn\u00ed postupy a umo\u017e\u0148uje v\u00e1m \u010dinit informovan\u00e1 rozhodnut\u00ed o shroma\u017e\u010fov\u00e1n\u00ed a vyu\u017e\u00edv\u00e1n\u00ed va\u0161ich informac\u00ed.  SB\u00cdR\u00c1N\u00cd INFORMAC\u00cd Va\u0161e \u00fadaje shroma\u017e\u010fujeme nebo z\u00edsk\u00e1v\u00e1me v p\u0159\u00edpad\u011b pot\u0159eby nebo z legitimn\u00edch z\u00e1konn\u00fdch d\u016fvod\u016f. Tyto \u00fadaje mohou b\u00fdt shroma\u017e\u010fov\u00e1ny p\u0159\u00edmo nebo nep\u0159\u00edmo prost\u0159ednictv\u00edm na\u0161ich [...]<\/p>","protected":false},"author":1,"featured_media":0,"parent":0,"menu_order":0,"comment_status":"closed","ping_status":"closed","template":"templates-pages\/policy.php","meta":{"_acf_changed":false,"inline_featured_image":false,"footnotes":""},"class_list":["post-322","page","type-page","status-publish","hentry"],"acf":[],"yoast_head":"<!-- This site is optimized with the Yoast SEO plugin v22.7 - https:\/\/yoast.com\/wordpress\/plugins\/seo\/ -->\n<title>PRIVACY POLICY - Welcome to Picsium - Your Partner in Digital Marketing Success<\/title>\n<meta name=\"robots\" content=\"index, follow, max-snippet:-1, max-image-preview:large, max-video-preview:-1\" \/>\n<link rel=\"canonical\" href=\"https:\/\/picsium.io\/cs\/privacy-policy\/\" \/>\n<meta property=\"og:locale\" content=\"cs_CZ\" \/>\n<meta property=\"og:type\" content=\"article\" \/>\n<meta property=\"og:title\" content=\"PRIVACY POLICY - Welcome to Picsium - Your Partner in Digital Marketing Success\" \/>\n<meta property=\"og:description\" content=\"OUR PRIVACY COMMITMENT At Picsium, safeguarding your privacy is paramount. This notice outlines our online information practices and empowers you to make informed decisions about collecting and utilising your information.&nbsp; INFORMATION COLLECTION We collect or obtain your data when necessary or for legitimate legal reasons. This data may be gathered directly or indirectly through our [&hellip;]\" \/>\n<meta property=\"og:url\" content=\"https:\/\/picsium.io\/cs\/privacy-policy\/\" \/>\n<meta property=\"og:site_name\" content=\"Welcome to Picsium - Your Partner in Digital Marketing Success\" \/>\n<meta property=\"article:modified_time\" content=\"2024-05-28T12:02:34+00:00\" \/>\n<meta property=\"og:image\" content=\"https:\/\/picsium.io\/wp-content\/uploads\/2024\/05\/1024-\u00d7-516.png\" \/>\n\t<meta property=\"og:image:width\" content=\"1024\" \/>\n\t<meta property=\"og:image:height\" content=\"512\" \/>\n\t<meta property=\"og:image:type\" content=\"image\/png\" \/>\n<meta name=\"twitter:card\" content=\"summary_large_image\" \/>\n<meta name=\"twitter:label1\" content=\"Odhadovan\u00e1 doba \u010dten\u00ed\" \/>\n\t<meta name=\"twitter:data1\" content=\"5 minut\" \/>\n<script type=\"application\/ld+json\" class=\"yoast-schema-graph\">{\"@context\":\"https:\/\/schema.org\",\"@graph\":[{\"@type\":\"WebPage\",\"@id\":\"https:\/\/picsium.io\/privacy-policy\/\",\"url\":\"https:\/\/picsium.io\/privacy-policy\/\",\"name\":\"PRIVACY POLICY - Welcome to Picsium - Your Partner in Digital Marketing Success\",\"isPartOf\":{\"@id\":\"https:\/\/picsium.io\/#website\"},\"datePublished\":\"2024-05-28T11:59:58+00:00\",\"dateModified\":\"2024-05-28T12:02:34+00:00\",\"breadcrumb\":{\"@id\":\"https:\/\/picsium.io\/privacy-policy\/#breadcrumb\"},\"inLanguage\":\"cs\",\"potentialAction\":[{\"@type\":\"ReadAction\",\"target\":[\"https:\/\/picsium.io\/privacy-policy\/\"]}]},{\"@type\":\"BreadcrumbList\",\"@id\":\"https:\/\/picsium.io\/privacy-policy\/#breadcrumb\",\"itemListElement\":[{\"@type\":\"ListItem\",\"position\":1,\"name\":\"Home\",\"item\":\"https:\/\/picsium.io\/\"},{\"@type\":\"ListItem\",\"position\":2,\"name\":\"PRIVACY POLICY\"}]},{\"@type\":\"WebSite\",\"@id\":\"https:\/\/picsium.io\/#website\",\"url\":\"https:\/\/picsium.io\/\",\"name\":\"Welcome to Picsium - Your Partner in Digital Marketing Success\",\"description\":\"\",\"publisher\":{\"@id\":\"https:\/\/picsium.io\/#organization\"},\"potentialAction\":[{\"@type\":\"SearchAction\",\"target\":{\"@type\":\"EntryPoint\",\"urlTemplate\":\"https:\/\/picsium.io\/?s={search_term_string}\"},\"query-input\":\"required name=search_term_string\"}],\"inLanguage\":\"cs\"},{\"@type\":\"Organization\",\"@id\":\"https:\/\/picsium.io\/#organization\",\"name\":\"Welcome to Picsium - Your Partner in Digital Marketing Success\",\"url\":\"https:\/\/picsium.io\/\",\"logo\":{\"@type\":\"ImageObject\",\"inLanguage\":\"cs\",\"@id\":\"https:\/\/picsium.io\/#\/schema\/logo\/image\/\",\"url\":\"https:\/\/picsium.io\/wp-content\/uploads\/2024\/05\/PICSIUM-logo-1.svg\",\"contentUrl\":\"https:\/\/picsium.io\/wp-content\/uploads\/2024\/05\/PICSIUM-logo-1.svg\",\"width\":119,\"height\":36,\"caption\":\"Welcome to Picsium - Your Partner in Digital Marketing Success\"},\"image\":{\"@id\":\"https:\/\/picsium.io\/#\/schema\/logo\/image\/\"}}]}<\/script>\n<!-- \/ Yoast SEO plugin. -->","yoast_head_json":{"title":"PRIVACY POLICY - Welcome to Picsium - Your Partner in Digital Marketing Success","robots":{"index":"index","follow":"follow","max-snippet":"max-snippet:-1","max-image-preview":"max-image-preview:large","max-video-preview":"max-video-preview:-1"},"canonical":"https:\/\/picsium.io\/cs\/privacy-policy\/","og_locale":"cs_CZ","og_type":"article","og_title":"PRIVACY POLICY - Welcome to Picsium - Your Partner in Digital Marketing Success","og_description":"OUR PRIVACY COMMITMENT At Picsium, safeguarding your privacy is paramount. This notice outlines our online information practices and empowers you to make informed decisions about collecting and utilising your information.&nbsp; INFORMATION COLLECTION We collect or obtain your data when necessary or for legitimate legal reasons. This data may be gathered directly or indirectly through our [&hellip;]","og_url":"https:\/\/picsium.io\/cs\/privacy-policy\/","og_site_name":"Welcome to Picsium - Your Partner in Digital Marketing Success","article_modified_time":"2024-05-28T12:02:34+00:00","og_image":[{"width":1024,"height":512,"url":"https:\/\/picsium.io\/wp-content\/uploads\/2024\/05\/1024-\u00d7-516.png","type":"image\/png"}],"twitter_card":"summary_large_image","twitter_misc":{"Odhadovan\u00e1 doba \u010dten\u00ed":"5 minut"},"schema":{"@context":"https:\/\/schema.org","@graph":[{"@type":"WebPage","@id":"https:\/\/picsium.io\/privacy-policy\/","url":"https:\/\/picsium.io\/privacy-policy\/","name":"PRIVACY POLICY - Welcome to Picsium - Your Partner in Digital Marketing Success","isPartOf":{"@id":"https:\/\/picsium.io\/#website"},"datePublished":"2024-05-28T11:59:58+00:00","dateModified":"2024-05-28T12:02:34+00:00","breadcrumb":{"@id":"https:\/\/picsium.io\/privacy-policy\/#breadcrumb"},"inLanguage":"cs","potentialAction":[{"@type":"ReadAction","target":["https:\/\/picsium.io\/privacy-policy\/"]}]},{"@type":"BreadcrumbList","@id":"https:\/\/picsium.io\/privacy-policy\/#breadcrumb","itemListElement":[{"@type":"ListItem","position":1,"name":"Home","item":"https:\/\/picsium.io\/"},{"@type":"ListItem","position":2,"name":"PRIVACY POLICY"}]},{"@type":"WebSite","@id":"https:\/\/picsium.io\/#website","url":"https:\/\/picsium.io\/","name":"Welcome to Picsium - Your Partner in Digital Marketing Success","description":"","publisher":{"@id":"https:\/\/picsium.io\/#organization"},"potentialAction":[{"@type":"SearchAction","target":{"@type":"EntryPoint","urlTemplate":"https:\/\/picsium.io\/?s={search_term_string}"},"query-input":"required name=search_term_string"}],"inLanguage":"cs"},{"@type":"Organization","@id":"https:\/\/picsium.io\/#organization","name":"Welcome to Picsium - Your Partner in Digital Marketing Success","url":"https:\/\/picsium.io\/","logo":{"@type":"ImageObject","inLanguage":"cs","@id":"https:\/\/picsium.io\/#\/schema\/logo\/image\/","url":"https:\/\/picsium.io\/wp-content\/uploads\/2024\/05\/PICSIUM-logo-1.svg","contentUrl":"https:\/\/picsium.io\/wp-content\/uploads\/2024\/05\/PICSIUM-logo-1.svg","width":119,"height":36,"caption":"Welcome to Picsium - Your Partner in Digital Marketing Success"},"image":{"@id":"https:\/\/picsium.io\/#\/schema\/logo\/image\/"}}]}},"_links":{"self":[{"href":"https:\/\/picsium.io\/cs\/wp-json\/wp\/v2\/pages\/322","targetHints":{"allow":["GET"]}}],"collection":[{"href":"https:\/\/picsium.io\/cs\/wp-json\/wp\/v2\/pages"}],"about":[{"href":"https:\/\/picsium.io\/cs\/wp-json\/wp\/v2\/types\/page"}],"author":[{"embeddable":true,"href":"https:\/\/picsium.io\/cs\/wp-json\/wp\/v2\/users\/1"}],"replies":[{"embeddable":true,"href":"https:\/\/picsium.io\/cs\/wp-json\/wp\/v2\/comments?post=322"}],"version-history":[{"count":4,"href":"https:\/\/picsium.io\/cs\/wp-json\/wp\/v2\/pages\/322\/revisions"}],"predecessor-version":[{"id":328,"href":"https:\/\/picsium.io\/cs\/wp-json\/wp\/v2\/pages\/322\/revisions\/328"}],"wp:attachment":[{"href":"https:\/\/picsium.io\/cs\/wp-json\/wp\/v2\/media?parent=322"}],"curies":[{"name":"wp","href":"https:\/\/api.w.org\/{rel}","templated":true}]}}