{"id":319,"date":"2024-05-28T11:41:36","date_gmt":"2024-05-28T11:41:36","guid":{"rendered":"https:\/\/picsium.io\/?page_id=319"},"modified":"2024-05-28T11:44:47","modified_gmt":"2024-05-28T11:44:47","slug":"terms-and-conditions","status":"publish","type":"page","link":"https:\/\/picsium.io\/cs\/terms-and-conditions\/","title":{"rendered":"PODM\u00cdNKY"},"content":{"rendered":"<h3 class=\"wp-block-heading\">V\u00edtejte na str\u00e1nk\u00e1ch Picsium!&nbsp;<\/h3>\n\n\n\n<p>Spole\u010dnost Picsium s.r.o se s\u00eddlem na adrese Chudenick\u00e1 1059\/30, Hostiva\u0159, 102 00, Praha 10, I\u010cO 213 10 891, se zab\u00fdv\u00e1 poskytov\u00e1n\u00edm inovativn\u00edch a efektivn\u00edch marketingov\u00fdch \u0159e\u0161en\u00ed p\u0159izp\u016fsoben\u00fdch jedine\u010dn\u00fdm pot\u0159eb\u00e1m firem. Na\u0161e komplexn\u00ed slu\u017eby zahrnuj\u00ed tvorbu webov\u00fdch str\u00e1nek, tvorbu obsahu, optimalizaci pro vyhled\u00e1va\u010de, marketing na soci\u00e1ln\u00edch s\u00edt\u00edch a dal\u0161\u00ed. Zam\u011b\u0159ujeme se na dosahov\u00e1n\u00ed m\u011b\u0159iteln\u00fdch v\u00fdsledk\u016f a podporu r\u016fstu a sna\u017e\u00edme se na\u0161im klient\u016fm pom\u00e1hat usp\u011bt na dne\u0161n\u00edm konkuren\u010dn\u00edm trhu.<\/p>\n\n\n\n<p>Zapojen\u00edm se do slu\u017eeb spole\u010dnosti Picsium souhlas\u00edte s dodr\u017eov\u00e1n\u00edm n\u00e1sleduj\u00edc\u00edch podm\u00ednek. Spole\u010dnost Picsium si vyhrazuje pr\u00e1vo tyto podm\u00ednky kdykoli zm\u011bnit bez p\u0159edchoz\u00edho upozorn\u011bn\u00ed a va\u0161e dal\u0161\u00ed pou\u017e\u00edv\u00e1n\u00ed slu\u017eeb spole\u010dnosti Picsium znamen\u00e1, \u017ee s takov\u00fdmi zm\u011bnami souhlas\u00edte.<\/p>\n\n\n\n<h3 class=\"wp-block-heading\">POPIS SLU\u017dEB<\/h3>\n\n\n\n<p>Spole\u010dnost Picsium poskytuje komplexn\u00ed \u0159adu pr\u016fb\u011b\u017en\u00fdch online slu\u017eeb, v\u010detn\u011b reklamn\u00edch kampan\u00ed (reklama ve vyhled\u00e1v\u00e1n\u00ed, reklama na soci\u00e1ln\u00edch s\u00edt\u00edch), tvorby obsahu, redak\u010dn\u00edho rozvoje, optimalizace pro vyhled\u00e1va\u010de, spr\u00e1vy reputace ve vyhled\u00e1va\u010d\u00edch a optimalizace a anal\u00fdzy v\u00fdkonnosti zna\u010dky.<\/p>\n\n\n\n<h3 class=\"wp-block-heading\">OMEZEN\u00cd SLU\u017dEB<\/h3>\n\n\n\n<p>Spole\u010dnost Picsium nenese odpov\u011bdnost za \u00fakoly nad r\u00e1mec definovan\u00e9ho rozsahu slu\u017eeb, pokud klient iniciuje po\u017eadavek. Jak\u00e9koli zm\u011bny rozsahu slu\u017eeb budou \u00fa\u010dinn\u00e9 pouze v p\u0159\u00edpad\u011b, \u017ee se na nich ob\u011b strany p\u00edsemn\u011b dohodnou.<\/p>\n\n\n\n<h3 class=\"wp-block-heading\">ODPOV\u011aDNOST VEDEN\u00cd<\/h3>\n\n\n\n<p>Spole\u010dnost Picsium poskytne klientovi r\u016fzn\u00e9 n\u00e1stroje, techniky a zdroje, kter\u00e9 mu pomohou p\u0159i rozvoji a roz\u0161i\u0159ov\u00e1n\u00ed jeho podnik\u00e1n\u00ed. Klient v\u0161ak z\u016fst\u00e1v\u00e1 pln\u011b odpov\u011bdn\u00fd za sv\u00e9 obchodn\u00ed v\u00fdsledky a spokojenost z\u00e1kazn\u00edk\u016f. Krom\u011b toho nese Klient plnou a v\u00fdlu\u010dnou odpov\u011bdnost za pochopen\u00ed a zaji\u0161t\u011bn\u00ed dodr\u017eov\u00e1n\u00ed v\u0161ech regula\u010dn\u00edch, pr\u00e1vn\u00edch nebo smluvn\u00edch povinnost\u00ed vztahuj\u00edc\u00edch se k jeho podnik\u00e1n\u00ed. To mimo jin\u00e9 zahrnuje \u00fadaje spravovan\u00e9 Klientem a jeho z\u00e1kazn\u00edky, informace sd\u00edlen\u00e9 Klientem se z\u00e1kazn\u00edky a\/nebo t\u0159et\u00edmi stranami a ve\u0161ker\u00e1 nezbytn\u00e1 bezpe\u010dnostn\u00ed a ochrann\u00e1 opat\u0159en\u00ed. Spole\u010dnost Picsium m\u016f\u017ee pom\u00e1hat p\u0159i zav\u00e1d\u011bn\u00ed po\u017eadovan\u00fdch syst\u00e9m\u016f a funkc\u00ed, ale za kone\u010dn\u00e9 v\u00fdsledky, p\u0159ijat\u00e1 rozhodnut\u00ed a dosa\u017een\u00e9 v\u00fdsledky je pln\u011b odpov\u011bdn\u00fd Klient.<\/p>\n\n\n\n<h3 class=\"wp-block-heading\">PLATBA ZA SLU\u017dBY<\/h3>\n\n\n\n<p>Ceny uveden\u00e9 na na\u0161ich webov\u00fdch str\u00e1nk\u00e1ch jsou p\u0159ibli\u017en\u00e9 a slou\u017e\u00ed k obecn\u00fdm informac\u00edm. N\u00e1\u0161 t\u00fdm ka\u017edou zak\u00e1zku d\u016fkladn\u011b prov\u011b\u0159\u00ed a pot\u00e9 klientovi poskytneme podrobn\u00e9 vysv\u011btlen\u00ed ceny slu\u017eby. Kone\u010dn\u00e1 cena z\u00e1vis\u00ed na mnoha faktorech, v\u010detn\u011b konkr\u00e9tn\u00edch po\u017eadavk\u016f a rozsahu po\u017eadovan\u00fdch slu\u017eeb. Po odsouhlasen\u00ed navrhovan\u00e9 ceny a rozsahu slu\u017eeb ze strany Klienta dojde k podpisu form\u00e1ln\u00ed smlouvy a vystaven\u00ed faktury. Ka\u017ed\u00e1 faktura mus\u00ed b\u00fdt uhrazena do 5 pracovn\u00edch dn\u016f. V\u0161echny slu\u017eby se plat\u00ed p\u0159edem a v pln\u00e9 v\u00fd\u0161i. Upozor\u0148ujeme, \u017ee uveden\u00e1 cena nezahrnuje \u017e\u00e1dn\u00e9 rozpo\u010dty na reklamu.<\/p>\n\n\n\n<h3 class=\"wp-block-heading\">COPYRIGHT<\/h3>\n\n\n\n<p>Ve\u0161ker\u00e9 materi\u00e1ly vytvo\u0159en\u00e9 odborn\u00edky spole\u010dnosti Picsium jm\u00e9nem klienta jsou pln\u011b ve vlastnictv\u00ed klienta za p\u0159edpokladu, \u017ee klient za poskytnut\u00e9 slu\u017eby pln\u011b zaplatil. Po zaplacen\u00ed si spole\u010dnost Picsium neponech\u00e1v\u00e1 \u017e\u00e1dn\u00e1 pr\u00e1va na pou\u017eit\u00ed, distribuci nebo dal\u0161\u00ed vyu\u017eit\u00ed t\u011bchto materi\u00e1l\u016f.<\/p>\n\n\n\n<p>N\u00e1stroje, n\u00e1pady, techniky a metodiky, kter\u00e9 spole\u010dnost Picsium p\u0159i tvorb\u011b t\u011bchto materi\u00e1l\u016f pou\u017e\u00edv\u00e1, v\u0161ak z\u016fst\u00e1vaj\u00ed v\u00fdhradn\u00edm vlastnictv\u00edm spole\u010dnosti Picsium. Klient nez\u00edsk\u00e1v\u00e1 \u017e\u00e1dn\u00e1 pr\u00e1va k t\u011bmto z\u00e1kladn\u00edm n\u00e1stroj\u016fm, my\u0161lenk\u00e1m, technik\u00e1m nebo metodik\u00e1m pou\u017eit\u00fdm p\u0159i tvorb\u011b jejich obsahu.<\/p>\n\n\n\n<h3 class=\"wp-block-heading\">LINK<\/h3>\n\n\n\n<p>Zapojen\u00edm do slu\u017eeb spole\u010dnosti Picsium z\u00e1kazn\u00edk bere na v\u011bdom\u00ed a souhlas\u00ed s pr\u00e1vem spole\u010dnosti Picsium uv\u00e1d\u011bt jeho jm\u00e9no, v\u010detn\u011b jeho webov\u00fdch str\u00e1nek, pro marketingov\u00e9 \u00fa\u010dely a doporu\u010den\u00ed jako u\u017eivatele slu\u017eeb spole\u010dnosti Picsium.<\/p>\n\n\n\n<h3 class=\"wp-block-heading\">TERM\u00cdN\/UKON\u010cEN\u00cd<\/h3>\n\n\n\n<p>Tato dohoda trv\u00e1, dokud ji \u017e\u00e1dn\u00e1 ze stran nevypov\u00ed, s v\u00fdjimkou p\u0159\u00edpad\u016f nepln\u011bn\u00ed. Pro ukon\u010den\u00ed smlouvy mus\u00ed klient zaslat spole\u010dnosti Picsium p\u00edsemn\u00e9 nebo e-mailov\u00e9 ozn\u00e1men\u00ed nejm\u00e9n\u011b t\u0159icet (30) dn\u00ed p\u0159ed po\u017eadovan\u00fdm datem ukon\u010den\u00ed. Neproveden\u00ed v\u010dasn\u00fdch plateb m\u016f\u017ee v\u00e9st k okam\u017eit\u00e9mu ukon\u010den\u00ed smlouvy ze strany spole\u010dnosti Picsium.<\/p>\n\n\n\n<p>Po ukon\u010den\u00ed nebo vypr\u0161en\u00ed platnosti t\u00e9to smlouvy z d\u016fvodu neplacen\u00ed nebo nepln\u011bn\u00ed ze strany klienta:&nbsp;<\/p>\n\n\n\n<p>(i) ve\u0161ker\u00e9 licence poskytnut\u00e9 spole\u010dnost\u00ed Picsium klientovi zaniknou, co\u017e si vy\u017e\u00e1d\u00e1 okam\u017eit\u00e9 ukon\u010den\u00ed pou\u017e\u00edv\u00e1n\u00ed licencovan\u00e9ho obsahu a ve\u0161ker\u00fdch marketingov\u00fdch materi\u00e1l\u016f poskytnut\u00fdch spole\u010dnost\u00ed Picsium ze strany klienta, a&nbsp;<\/p>\n\n\n\n<p>(ii) P\u0159\u00edstup klienta ke v\u0161em slu\u017eb\u00e1m poskytovan\u00fdm spole\u010dnost\u00ed Picsium bude ukon\u010den.<\/p>\n\n\n\n<p>Pokud klient nezaplat\u00ed po\u017eadovan\u00e9 slu\u017eby v pln\u00e9 v\u00fd\u0161i, spole\u010dnost Picisum bude archivovat ve\u0161ker\u00fd obsah, v\u010detn\u011b copywritingu, grafick\u00e9ho n\u00e1vrhu a ve\u0161ker\u00e9ho k\u00f3du, po dobu t\u0159\u00ed (3) let. Po uplynut\u00ed t\u00e9to doby bude ve\u0161ker\u00fd obsah spojen\u00fd se zru\u0161enou zak\u00e1zkou trvale smaz\u00e1n.<\/p>\n\n\n\n<h3 class=\"wp-block-heading\">ZM\u011aNY SLU\u017dEB A CEN<\/h3>\n\n\n\n<p>Spole\u010dnost Picsium si vyhrazuje pr\u00e1vo kdykoli do\u010dasn\u011b nebo trvale zm\u011bnit nebo pozastavit jak\u00fdkoli aspekt na\u0161ich slu\u017eeb, p\u0159i\u010dem\u017e aktualizace budou zve\u0159ejn\u011bny na na\u0161ich webov\u00fdch str\u00e1nk\u00e1ch. Dle vlastn\u00edho uv\u00e1\u017een\u00ed m\u016f\u017eeme slu\u017eby p\u0159epracovat za \u00fa\u010delem zlep\u0161en\u00ed, p\u0159idat nov\u00e9 nebo zru\u0161it st\u00e1vaj\u00edc\u00ed slu\u017eby.<\/p>\n\n\n\n<p>P\u0159\u00edle\u017eitostn\u011b m\u016f\u017eeme upravit ceny na\u0161ich slu\u017eeb. Pokud se zm\u011bny dotknou st\u00e1vaj\u00edc\u00edch z\u00e1kazn\u00edk\u016f, ozn\u00e1m\u00edme to alespo\u0148 30 dn\u00ed p\u0159edem prost\u0159ednictv\u00edm e-mailov\u00e9 adresy, kterou m\u00e1te v z\u00e1znamech.<\/p>\n\n\n\n<h3 class=\"wp-block-heading\">Z\u0158EKNUT\u00cd SE Z\u00c1RUKY<\/h3>\n\n\n\n<p>Spole\u010dnost Picsium se zavazuje poskytovat sv\u00e9 slu\u017eby a plnit sv\u00e9 povinnosti podle t\u00e9to smlouvy rychle a profesion\u00e1ln\u011b, s vyu\u017eit\u00edm odborn\u00fdch znalost\u00ed a dovednost\u00ed odpov\u00eddaj\u00edc\u00edch p\u0159eva\u017euj\u00edc\u00edm standard\u016fm v odv\u011btv\u00ed spole\u010dnosti Picsium. Spole\u010dnost Picsium se zavazuje dodr\u017eovat standard p\u00e9\u010de odpov\u00eddaj\u00edc\u00ed komer\u010dn\u011b p\u0159im\u011b\u0159en\u00e9mu \u00fasil\u00ed. Ve\u0161ker\u00e9 slu\u017eby a produkty poskytovan\u00e9 spole\u010dnost\u00ed Picsium jsou v\u0161ak poskytov\u00e1ny \"tak, jak jsou\", a spole\u010dnost Picsium se v\u00fdslovn\u011b z\u0159\u00edk\u00e1 jejich poskytov\u00e1n\u00ed. Sou\u010dasn\u011b se klient z\u0159\u00edk\u00e1 jak\u00fdchkoli z\u00e1ruk, a\u0165 u\u017e v\u00fdslovn\u00fdch nebo p\u0159edpokl\u00e1dan\u00fdch, mimo jin\u00e9 v\u010detn\u011b z\u00e1ruky prodejnosti, vhodnosti pro ur\u010dit\u00fd \u00fa\u010del nebo pou\u017eit\u00ed, titulu, neporu\u0161ov\u00e1n\u00ed pr\u00e1v nebo jak\u00e9koli jin\u00e9 z\u00e1ruky, podm\u00ednky, z\u00e1ruky nebo prohl\u00e1\u0161en\u00ed t\u00fdkaj\u00edc\u00ed se slu\u017eeb. Spole\u010dnost Picsium nezaru\u010duje, \u017ee software, produkty nebo slu\u017eby zde poskytovan\u00e9 budou bez p\u0159eru\u0161en\u00ed nebo chyb. Spole\u010dnost Picsium v \u017e\u00e1dn\u00e9m p\u0159\u00edpad\u011b, v\u010detn\u011b nedbalosti, neodpov\u00edd\u00e1 za \u017e\u00e1dn\u00e9 p\u0159\u00edm\u00e9, n\u00e1hodn\u00e9, zvl\u00e1\u0161tn\u00ed nebo n\u00e1sledn\u00e9 \u0161kody vznikl\u00e9 v d\u016fsledku pou\u017e\u00edv\u00e1n\u00ed nebo nemo\u017enosti pou\u017e\u00edvat tyto webov\u00e9 str\u00e1nky. Spole\u010dnost Picsium se z\u0159\u00edk\u00e1 odpov\u011bdnosti za jak\u00e9koli \u0161kody zp\u016fsoben\u00e9 chybami, opomenut\u00edmi, p\u0159eru\u0161en\u00edmi, vymaz\u00e1n\u00edm soubor\u016f, z\u00e1vadami, zpo\u017ed\u011bn\u00edm provozu nebo p\u0159enosu nebo poruchami v\u00fdkonu.<\/p>\n\n\n\n<h3 class=\"wp-block-heading\">OMEZEN\u00cd ODPOV\u011aDNOSTI<\/h3>\n\n\n\n<p>Nen\u00ed-li s kone\u010dnou platnost\u00ed ur\u010deno, \u017ee vznikla v d\u016fsledku hrub\u00e9 nedbalosti nebo \u00famysln\u00e9ho pochyben\u00ed spole\u010dnosti Picsium, je odpov\u011bdnost spole\u010dnosti Picsium za \u0161kody vznikl\u00e9 v d\u016fsledku jak\u00fdchkoli ztr\u00e1t, kter\u00e9 vznikly klientovi v d\u016fsledku poru\u0161en\u00ed smlouvy, nedbalosti nebo jin\u00e9ho deliktu ze strany spole\u010dnosti Picsium, bez ohledu na uplatn\u011bnou teorii odpov\u011bdnosti, omezena \u010d\u00e1stkou nep\u0159esahuj\u00edc\u00ed sou\u010det posledn\u00edch t\u0159\u00ed (3) m\u011bs\u00edc\u016f poplatk\u016f zaplacen\u00fdch podle t\u00e9to smlouvy. Spole\u010dnost Picsium ani jej\u00ed poskytovatel\u00e9 licence v \u017e\u00e1dn\u00e9m p\u0159\u00edpad\u011b neodpov\u00eddaj\u00ed za u\u0161l\u00fd zisk ani za jak\u00e9koli n\u00e1sledn\u00e9, nep\u0159\u00edm\u00e9, sank\u010dn\u011b nahrazovan\u00e9, exempl\u00e1rn\u00ed nebo zvl\u00e1\u0161tn\u00ed \u0161kody. Spole\u010dnost Picsium nav\u00edc nenese v\u016f\u010di klientovi \u017e\u00e1dnou odpov\u011bdnost t\u00fdkaj\u00edc\u00ed se hardwaru, softwaru, informac\u00ed nebo materi\u00e1l\u016f t\u0159et\u00edch stran. Spole\u010dnost Picsium se z\u0159\u00edk\u00e1 odpov\u011bdnosti za p\u0159\u00edm\u00e9 nebo nep\u0159\u00edm\u00e9 \u0161kody zp\u016fsoben\u00e9 viry, hackery nebo jin\u00fdm \u0161kodliv\u00fdm z\u00e1sahem \u010di n\u00e1hodn\u00fdm zni\u010den\u00edm syst\u00e9mu nebo dat, a\u010dkoli se spole\u010dnost Picsium bude sna\u017eit zabr\u00e1nit nebo zm\u00edrnit vystaven\u00ed takov\u00fdm rizik\u016fm.<\/p>\n\n\n\n<h3 class=\"wp-block-heading\">OD\u0160KODN\u011aN\u00cd<\/h3>\n\n\n\n<p>Klient se zavazuje od\u0161kodnit spole\u010dnost Picsium a jej\u00ed poskytovatele licence, br\u00e1nit je a chr\u00e1nit p\u0159ed ve\u0161ker\u00fdmi z\u00e1vazky, v\u00fddaji a \u0161kodami, mimo jin\u00e9 v\u010detn\u011b soudn\u00edch rozhodnut\u00ed, soudn\u00edch p\u0159\u00edkaz\u016f nebo vyrovn\u00e1n\u00ed, kter\u00e9 vzniknou v d\u016fsledku n\u00e1rok\u016f t\u0159et\u00edch stran souvisej\u00edc\u00edch s produkty nebo slu\u017ebami poskytovan\u00fdmi na z\u00e1klad\u011b t\u00e9to smlouvy. Spole\u010dnost Picsium se naopak zavazuje od\u0161kodnit, br\u00e1nit a ochr\u00e1nit klienta p\u0159ed jak\u00fdmikoli z\u00e1vazky, v\u00fddaji a \u0161kodami vypl\u00fdvaj\u00edc\u00edmi z n\u00e1rok\u016f t\u0159et\u00edch stran vznikl\u00fdch v d\u016fsledku hrub\u00e9 nedbalosti nebo \u00famysln\u00e9ho pochyben\u00ed spole\u010dnosti Picsium.<\/p>\n\n\n\n<h3 class=\"wp-block-heading\">ROZHODN\u00c9 PR\u00c1VO<\/h3>\n\n\n\n<p>Souhlas\u00edte s t\u00edm, \u017ee tyto smluvn\u00ed podm\u00ednky budou pova\u017eov\u00e1ny za uzav\u0159en\u00e9 a pln\u011bn\u00e9 v \u010cesk\u00e9 republice a budou se \u0159\u00eddit a vykl\u00e1dat podle z\u00e1kon\u016f \u010cesk\u00e9 republiky (bez ohledu na kolizn\u00ed normy). Ve\u0161ker\u00e1 soudn\u00ed \u0159\u00edzen\u00ed vypl\u00fdvaj\u00edc\u00ed z t\u011bchto Podm\u00ednek nebo v souvislosti s nimi nebo jakoukoli jinou smlouvou souvisej\u00edc\u00ed s pou\u017e\u00edv\u00e1n\u00edm slu\u017eeb Picsium budou vedena v\u00fdhradn\u011b u soud\u016f \u010cesk\u00e9 republiky. Picsium s.r.o s\u00eddl\u00ed na adrese Chudenick\u00e1 1059\/30, Hostiva\u0159, 102 00, Praha 10, \u010cesk\u00e1 republika.<\/p>\n\n\n\n<h3 class=\"wp-block-heading\">KONTAKTUJTE N\u00c1S<\/h3>\n\n\n\n<p>Pokud m\u00e1te jak\u00e9koli dotazy nebo p\u0159ipom\u00ednky t\u00fdkaj\u00edc\u00ed se t\u011bchto smluvn\u00edch podm\u00ednek, nev\u00e1hejte n\u00e1s kontaktovat prost\u0159ednictv\u00edm:<\/p>\n\n\n\n<ul class=\"wp-block-list\">\n<li>E-mail: <a href=\"mailto:info@picsium.io\">info@picsium.io<\/a><\/li>\n\n\n\n<li>Telefon: <a href=\"tel: 420296183124\">+420296183124<\/a><\/li>\n\n\n\n<li>Webov\u00e9 str\u00e1nky:<a href=\"https:\/\/picsium.io\/cs\/\"> https:\/\/picsium.io\/<\/a><\/li>\n<\/ul>","protected":false},"excerpt":{"rendered":"<p>Welcome to Picsium!&nbsp; Picsium s.r.o, headquartered at Chudenick\u00e1 1059\/30, Hostivar, 102 00, Prague 10, and registered number 213 10 891, is committed to delivering innovative and effective marketing solutions tailored to meet businesses&#8217; unique needs. Our comprehensive services include website design, content creation, search engine optimization, social media marketing, and more. With a focus on [&hellip;]<\/p>","protected":false},"author":1,"featured_media":0,"parent":0,"menu_order":0,"comment_status":"closed","ping_status":"closed","template":"templates-pages\/policy.php","meta":{"_acf_changed":false,"inline_featured_image":false,"footnotes":""},"class_list":["post-319","page","type-page","status-publish","hentry"],"acf":[],"yoast_head":"<!-- This site is optimized with the Yoast SEO plugin v22.7 - https:\/\/yoast.com\/wordpress\/plugins\/seo\/ -->\n<title>TERMS AND CONDITIONS - Welcome to Picsium - Your Partner in Digital Marketing Success<\/title>\n<meta name=\"robots\" content=\"index, follow, max-snippet:-1, max-image-preview:large, max-video-preview:-1\" \/>\n<link rel=\"canonical\" href=\"https:\/\/picsium.io\/cs\/terms-and-conditions\/\" \/>\n<meta property=\"og:locale\" content=\"cs_CZ\" \/>\n<meta property=\"og:type\" content=\"article\" \/>\n<meta property=\"og:title\" content=\"TERMS AND CONDITIONS - Welcome to Picsium - Your Partner in Digital Marketing Success\" \/>\n<meta property=\"og:description\" content=\"Welcome to Picsium!&nbsp; Picsium s.r.o, headquartered at Chudenick\u00e1 1059\/30, Hostivar, 102 00, Prague 10, and registered number 213 10 891, is committed to delivering innovative and effective marketing solutions tailored to meet businesses&#8217; unique needs. Our comprehensive services include website design, content creation, search engine optimization, social media marketing, and more. With a focus on [&hellip;]\" \/>\n<meta property=\"og:url\" content=\"https:\/\/picsium.io\/cs\/terms-and-conditions\/\" \/>\n<meta property=\"og:site_name\" content=\"Welcome to Picsium - Your Partner in Digital Marketing Success\" \/>\n<meta property=\"article:modified_time\" content=\"2024-05-28T11:44:47+00:00\" \/>\n<meta property=\"og:image\" content=\"https:\/\/picsium.io\/wp-content\/uploads\/2024\/05\/1024-\u00d7-516.png\" \/>\n\t<meta property=\"og:image:width\" content=\"1024\" \/>\n\t<meta property=\"og:image:height\" content=\"512\" \/>\n\t<meta property=\"og:image:type\" content=\"image\/png\" \/>\n<meta name=\"twitter:card\" content=\"summary_large_image\" \/>\n<meta name=\"twitter:label1\" content=\"Odhadovan\u00e1 doba \u010dten\u00ed\" \/>\n\t<meta name=\"twitter:data1\" content=\"6 minut\" \/>\n<script type=\"application\/ld+json\" class=\"yoast-schema-graph\">{\"@context\":\"https:\/\/schema.org\",\"@graph\":[{\"@type\":\"WebPage\",\"@id\":\"https:\/\/picsium.io\/terms-and-conditions\/\",\"url\":\"https:\/\/picsium.io\/terms-and-conditions\/\",\"name\":\"TERMS AND CONDITIONS - Welcome to Picsium - Your Partner in Digital Marketing Success\",\"isPartOf\":{\"@id\":\"https:\/\/picsium.io\/#website\"},\"datePublished\":\"2024-05-28T11:41:36+00:00\",\"dateModified\":\"2024-05-28T11:44:47+00:00\",\"breadcrumb\":{\"@id\":\"https:\/\/picsium.io\/terms-and-conditions\/#breadcrumb\"},\"inLanguage\":\"cs\",\"potentialAction\":[{\"@type\":\"ReadAction\",\"target\":[\"https:\/\/picsium.io\/terms-and-conditions\/\"]}]},{\"@type\":\"BreadcrumbList\",\"@id\":\"https:\/\/picsium.io\/terms-and-conditions\/#breadcrumb\",\"itemListElement\":[{\"@type\":\"ListItem\",\"position\":1,\"name\":\"Home\",\"item\":\"https:\/\/picsium.io\/\"},{\"@type\":\"ListItem\",\"position\":2,\"name\":\"TERMS AND CONDITIONS\"}]},{\"@type\":\"WebSite\",\"@id\":\"https:\/\/picsium.io\/#website\",\"url\":\"https:\/\/picsium.io\/\",\"name\":\"Welcome to Picsium - Your Partner in Digital Marketing Success\",\"description\":\"\",\"publisher\":{\"@id\":\"https:\/\/picsium.io\/#organization\"},\"potentialAction\":[{\"@type\":\"SearchAction\",\"target\":{\"@type\":\"EntryPoint\",\"urlTemplate\":\"https:\/\/picsium.io\/?s={search_term_string}\"},\"query-input\":\"required name=search_term_string\"}],\"inLanguage\":\"cs\"},{\"@type\":\"Organization\",\"@id\":\"https:\/\/picsium.io\/#organization\",\"name\":\"Welcome to Picsium - Your Partner in Digital Marketing Success\",\"url\":\"https:\/\/picsium.io\/\",\"logo\":{\"@type\":\"ImageObject\",\"inLanguage\":\"cs\",\"@id\":\"https:\/\/picsium.io\/#\/schema\/logo\/image\/\",\"url\":\"https:\/\/picsium.io\/wp-content\/uploads\/2024\/05\/PICSIUM-logo-1.svg\",\"contentUrl\":\"https:\/\/picsium.io\/wp-content\/uploads\/2024\/05\/PICSIUM-logo-1.svg\",\"width\":119,\"height\":36,\"caption\":\"Welcome to Picsium - Your Partner in Digital Marketing Success\"},\"image\":{\"@id\":\"https:\/\/picsium.io\/#\/schema\/logo\/image\/\"}}]}<\/script>\n<!-- \/ Yoast SEO plugin. -->","yoast_head_json":{"title":"TERMS AND CONDITIONS - Welcome to Picsium - Your Partner in Digital Marketing Success","robots":{"index":"index","follow":"follow","max-snippet":"max-snippet:-1","max-image-preview":"max-image-preview:large","max-video-preview":"max-video-preview:-1"},"canonical":"https:\/\/picsium.io\/cs\/terms-and-conditions\/","og_locale":"cs_CZ","og_type":"article","og_title":"TERMS AND CONDITIONS - Welcome to Picsium - Your Partner in Digital Marketing Success","og_description":"Welcome to Picsium!&nbsp; Picsium s.r.o, headquartered at Chudenick\u00e1 1059\/30, Hostivar, 102 00, Prague 10, and registered number 213 10 891, is committed to delivering innovative and effective marketing solutions tailored to meet businesses&#8217; unique needs. Our comprehensive services include website design, content creation, search engine optimization, social media marketing, and more. With a focus on [&hellip;]","og_url":"https:\/\/picsium.io\/cs\/terms-and-conditions\/","og_site_name":"Welcome to Picsium - Your Partner in Digital Marketing Success","article_modified_time":"2024-05-28T11:44:47+00:00","og_image":[{"width":1024,"height":512,"url":"https:\/\/picsium.io\/wp-content\/uploads\/2024\/05\/1024-\u00d7-516.png","type":"image\/png"}],"twitter_card":"summary_large_image","twitter_misc":{"Odhadovan\u00e1 doba \u010dten\u00ed":"6 minut"},"schema":{"@context":"https:\/\/schema.org","@graph":[{"@type":"WebPage","@id":"https:\/\/picsium.io\/terms-and-conditions\/","url":"https:\/\/picsium.io\/terms-and-conditions\/","name":"TERMS AND CONDITIONS - Welcome to Picsium - Your Partner in Digital Marketing Success","isPartOf":{"@id":"https:\/\/picsium.io\/#website"},"datePublished":"2024-05-28T11:41:36+00:00","dateModified":"2024-05-28T11:44:47+00:00","breadcrumb":{"@id":"https:\/\/picsium.io\/terms-and-conditions\/#breadcrumb"},"inLanguage":"cs","potentialAction":[{"@type":"ReadAction","target":["https:\/\/picsium.io\/terms-and-conditions\/"]}]},{"@type":"BreadcrumbList","@id":"https:\/\/picsium.io\/terms-and-conditions\/#breadcrumb","itemListElement":[{"@type":"ListItem","position":1,"name":"Home","item":"https:\/\/picsium.io\/"},{"@type":"ListItem","position":2,"name":"TERMS AND CONDITIONS"}]},{"@type":"WebSite","@id":"https:\/\/picsium.io\/#website","url":"https:\/\/picsium.io\/","name":"Welcome to Picsium - Your Partner in Digital Marketing Success","description":"","publisher":{"@id":"https:\/\/picsium.io\/#organization"},"potentialAction":[{"@type":"SearchAction","target":{"@type":"EntryPoint","urlTemplate":"https:\/\/picsium.io\/?s={search_term_string}"},"query-input":"required name=search_term_string"}],"inLanguage":"cs"},{"@type":"Organization","@id":"https:\/\/picsium.io\/#organization","name":"Welcome to Picsium - Your Partner in Digital Marketing Success","url":"https:\/\/picsium.io\/","logo":{"@type":"ImageObject","inLanguage":"cs","@id":"https:\/\/picsium.io\/#\/schema\/logo\/image\/","url":"https:\/\/picsium.io\/wp-content\/uploads\/2024\/05\/PICSIUM-logo-1.svg","contentUrl":"https:\/\/picsium.io\/wp-content\/uploads\/2024\/05\/PICSIUM-logo-1.svg","width":119,"height":36,"caption":"Welcome to Picsium - Your Partner in Digital Marketing Success"},"image":{"@id":"https:\/\/picsium.io\/#\/schema\/logo\/image\/"}}]}},"_links":{"self":[{"href":"https:\/\/picsium.io\/cs\/wp-json\/wp\/v2\/pages\/319","targetHints":{"allow":["GET"]}}],"collection":[{"href":"https:\/\/picsium.io\/cs\/wp-json\/wp\/v2\/pages"}],"about":[{"href":"https:\/\/picsium.io\/cs\/wp-json\/wp\/v2\/types\/page"}],"author":[{"embeddable":true,"href":"https:\/\/picsium.io\/cs\/wp-json\/wp\/v2\/users\/1"}],"replies":[{"embeddable":true,"href":"https:\/\/picsium.io\/cs\/wp-json\/wp\/v2\/comments?post=319"}],"version-history":[{"count":1,"href":"https:\/\/picsium.io\/cs\/wp-json\/wp\/v2\/pages\/319\/revisions"}],"predecessor-version":[{"id":320,"href":"https:\/\/picsium.io\/cs\/wp-json\/wp\/v2\/pages\/319\/revisions\/320"}],"wp:attachment":[{"href":"https:\/\/picsium.io\/cs\/wp-json\/wp\/v2\/media?parent=319"}],"curies":[{"name":"wp","href":"https:\/\/api.w.org\/{rel}","templated":true}]}}